{"id":5765,"date":"2025-12-10T15:10:44","date_gmt":"2025-12-10T12:10:44","guid":{"rendered":"https:\/\/wristbandfactory.eu\/?post_type=product&#038;p=5765"},"modified":"2026-04-01T21:52:35","modified_gmt":"2026-04-01T18:52:35","slug":"custom-printed-shoelaces-flat-round-sneaker-laces","status":"publish","type":"product","link":"https:\/\/displayproducts.eu\/pt\/p\/custom-printed-shoelaces-flat-round-sneaker-laces\/","title":{"rendered":"Atacadores personalizados \u2013 Planos e redondos"},"content":{"rendered":"<p data-path-to-node=\"12\">Transforme cada passo em uma oportunidade de branding com o nosso <b>Cadar\u00e7os personalizados com impress\u00e3o<\/b>. Seja para uma equipe corporativa de maratona, o lan\u00e7amento de uma marca de t\u00eanis ou produtos exclusivos para universidades, esses cadar\u00e7os oferecem uma maneira divertida e funcional de exibir seu logotipo.<\/p>\n<p data-path-to-node=\"13\"><b>Estilos que combinam com seu sapato:<\/b><\/p>\n<ol start=\"1\" data-path-to-node=\"14\">\n<li>\n<p data-path-to-node=\"14,0,0\"><b>Cadar\u00e7os planos:<\/b> O padr\u00e3o para t\u00eanis e sapatos de skate. Oferecem uma ampla \u00e1rea de contato (8 mm a 15 mm) perfeita para ler textos e logotipos com clareza \u00e0 dist\u00e2ncia.<\/p>\n<\/li>\n<li>\n<p data-path-to-node=\"14,1,0\"><b>Cadar\u00e7os redondos:<\/b> Ideal para t\u00eanis de corrida, botas e moletons com capuz. A marca geralmente \u00e9 tecida ou impressa nas ponteiras (pontas dos cadar\u00e7os) para um acabamento discreto e de alta qualidade.<\/p>\n<\/li>\n<\/ol>\n<p data-path-to-node=\"15\"><b>Ponteiras personalizadas<\/b> Leve a experi\u00eancia a um novo patamar imprimindo o nome da sua marca ou o nome do seu site diretamente nas pontas de pl\u00e1stico ou metal dos cadar\u00e7os. Esse detalhe agrega valor significativo ao produto.<\/p>\n<p data-path-to-node=\"16\"><b>Casos de uso recomendados:<\/b><\/p>\n<ul data-path-to-node=\"17\">\n<li>\n<p data-path-to-node=\"17,0,0\"><b>Maratonas e corridas de 5 km:<\/b> Inclua-os na sacola de brindes para os participantes.\u201c<\/p>\n<\/li>\n<li>\n<p data-path-to-node=\"17,1,0\"><b>Bem-estar dos funcion\u00e1rios:<\/b> \u00d3timo para &quot;Desafios de Contagem de Passos&quot;.\u201c<\/p>\n<\/li>\n<li>\n<p data-path-to-node=\"17,2,0\"><b>Moda e Varejo:<\/b> Venda-os como um acess\u00f3rio independente ou como brinde na compra.<\/p>\n<\/li>\n<\/ul>\n<p data-path-to-node=\"18\"><b>Principais caracter\u00edsticas:<\/b><\/p>\n<ul data-path-to-node=\"19\">\n<li>\n<p data-path-to-node=\"19,0,0\"><b>Material:<\/b> Poli\u00e9ster dur\u00e1vel.<\/p>\n<\/li>\n<li>\n<p data-path-to-node=\"19,1,0\"><b>Comprimento:<\/b> Tamanhos padr\u00e3o (90cm, 120cm, 140cm) ou sob medida.<\/p>\n<\/li>\n<li>\n<p data-path-to-node=\"19,2,0\"><b>Imprimir:<\/b> Transfer\u00eancia t\u00e9rmica (sublima\u00e7\u00e3o) ou serigrafia.<\/p>\n<\/li>\n<li>\n<p data-path-to-node=\"19,3,0\"><b>Embalagem:<\/b> Geralmente, os produtos s\u00e3o embalados em pares dentro de um saco pl\u00e1stico transparente ou em um cart\u00e3o personalizado com cabe\u00e7alho.<\/p>\n<\/li>\n<\/ul>","protected":false},"excerpt":{"rendered":"<ul>\n<li>\n<p data-path-to-node=\"10,0,0\"><b>Totalmente personaliz\u00e1vel:<\/b> Dispon\u00edvel no estilo cl\u00e1ssico plano para estampas vibrantes e coloridas ou no estilo cord\u00e3o redondo para um visual esportivo.<\/p>\n<\/li>\n<li>\n<p data-path-to-node=\"10,1,0\"><b>Identidade visual completa:<\/b> Podemos imprimir seu logotipo ao longo de todo o comprimento do cadar\u00e7o e at\u00e9 personalizar as ponteiras de pl\u00e1stico ou metal (agulhas).<\/p>\n<\/li>\n<li>\n<p data-path-to-node=\"10,2,0\"><b>Designs vibrantes:<\/b> Utilizando a impress\u00e3o por sublima\u00e7\u00e3o, podemos obter gr\u00e1ficos detalhados como cora\u00e7\u00f5es, desenhos animados ou gradientes complexos.<\/p>\n<\/li>\n<li>\n<p data-path-to-node=\"10,3,0\"><b>Evento pronto:<\/b> Um brinde de alto valor para corridas beneficentes, times esportivos e conven\u00e7\u00f5es de t\u00eanis, que os contemplados realmente usam.<\/p>\n<\/li>\n<\/ul>","protected":false},"featured_media":5839,"comment_status":"closed","ping_status":"closed","template":"","meta":[],"product_brand":[],"product_cat":[127],"product_tag":[],"class_list":{"0":"post-5765","1":"product","2":"type-product","3":"status-publish","4":"has-post-thumbnail","6":"product_cat-custom-straps-belts","8":"first","9":"instock","10":"shipping-taxable","11":"product-type-simple"},"_links":{"self":[{"href":"https:\/\/displayproducts.eu\/pt\/wp-json\/wp\/v2\/product\/5765","targetHints":{"allow":["GET"]}}],"collection":[{"href":"https:\/\/displayproducts.eu\/pt\/wp-json\/wp\/v2\/product"}],"about":[{"href":"https:\/\/displayproducts.eu\/pt\/wp-json\/wp\/v2\/types\/product"}],"replies":[{"embeddable":true,"href":"https:\/\/displayproducts.eu\/pt\/wp-json\/wp\/v2\/comments?post=5765"}],"wp:featuredmedia":[{"embeddable":true,"href":"https:\/\/displayproducts.eu\/pt\/wp-json\/wp\/v2\/media\/5839"}],"wp:attachment":[{"href":"https:\/\/displayproducts.eu\/pt\/wp-json\/wp\/v2\/media?parent=5765"}],"wp:term":[{"taxonomy":"product_brand","embeddable":true,"href":"https:\/\/displayproducts.eu\/pt\/wp-json\/wp\/v2\/product_brand?post=5765"},{"taxonomy":"product_cat","embeddable":true,"href":"https:\/\/displayproducts.eu\/pt\/wp-json\/wp\/v2\/product_cat?post=5765"},{"taxonomy":"product_tag","embeddable":true,"href":"https:\/\/displayproducts.eu\/pt\/wp-json\/wp\/v2\/product_tag?post=5765"}],"curies":[{"name":"wp","href":"https:\/\/api.w.org\/{rel}","templated":true}]}}