{"id":5760,"date":"2025-12-10T15:00:54","date_gmt":"2025-12-10T12:00:54","guid":{"rendered":"https:\/\/wristbandfactory.eu\/?post_type=product&#038;p=5760"},"modified":"2026-04-01T21:52:35","modified_gmt":"2026-04-01T18:52:35","slug":"custom-faux-fur-lanyards-fluffy-fashion-strap","status":"publish","type":"product","link":"https:\/\/displayproducts.eu\/pt\/p\/custom-faux-fur-lanyards-fluffy-fashion-strap\/","title":{"rendered":"Fitas de pesco\u00e7o de pesco\u00e7o de pel\u00facia \u2013 P\u00ealo sint\u00e9tico"},"content":{"rendered":"<p data-path-to-node=\"11\">Fa\u00e7a uma declara\u00e7\u00e3o ousada com o nosso <b>Cord\u00f5es de pele sint\u00e9tica personalizados<\/b>. Indo al\u00e9m da utilidade, esses cord\u00f5es s\u00e3o verdadeiros acess\u00f3rios de moda, projetados para manter sua marca vis\u00edvel da maneira mais elegante poss\u00edvel.<\/p>\n<p data-path-to-node=\"12\"><b>O fator \u201cfofinho\u201d<\/b> Diferentemente das fitas de pesco\u00e7o planas de poli\u00e9ster, esses cord\u00f5es s\u00e3o confeccionados com um tecido tubular macio de imita\u00e7\u00e3o de pele. Eles proporcionam uma sensa\u00e7\u00e3o semelhante \u00e0 de um cachecol no pesco\u00e7o, tornando-os incrivelmente confort\u00e1veis para uso prolongado em festivais de inverno ou eventos VIP.<\/p>\n<p data-path-to-node=\"13\"><b>Solu\u00e7\u00f5es de Branding Inteligentes<\/b> Como a pelagem longa esconde a tinta, n\u00f3s usamos <b>etiquetas de marca anexadas<\/b>.<\/p>\n<ul data-path-to-node=\"14\">\n<li>\n<p data-path-to-node=\"14,0,0\"><b>Etiquetas tecidas:<\/b> Uma etiqueta de tecido de alta qualidade costurada na pele (como em roupas).<\/p>\n<\/li>\n<li>\n<p data-path-to-node=\"14,1,0\"><b>Remendos de PVC\/Borracha:<\/b> Para um visual moderno em 3D. Este m\u00e9todo garante que seu logotipo permane\u00e7a leg\u00edvel e n\u00edtido, mantendo a est\u00e9tica sofisticada e macia do produto.<\/p>\n<\/li>\n<\/ul>\n<p data-path-to-node=\"15\"><b>Casos de uso recomendados:<\/b><\/p>\n<ul data-path-to-node=\"16\">\n<li>\n<p data-path-to-node=\"16,0,0\"><b>Produtos de streetwear:<\/b> Produtos de alto valor percebido para o varejo.<\/p>\n<\/li>\n<li>\n<p data-path-to-node=\"16,1,0\"><b>Eventos de esqui e snowboard:<\/b> Ideal para ambientes frios.<\/p>\n<\/li>\n<li>\n<p data-path-to-node=\"16,2,0\"><b>Ag\u00eancias Criativas:<\/b> Um presente \u00fanico que se destaca dos materiais de escrit\u00f3rio comuns.<\/p>\n<\/li>\n<\/ul>\n<p data-path-to-node=\"17\"><b>Principais caracter\u00edsticas:<\/b><\/p>\n<ul data-path-to-node=\"18\">\n<li>\n<p data-path-to-node=\"18,0,0\"><b>Material:<\/b> 100% Pele sint\u00e9tica (poli\u00e9ster).<\/p>\n<\/li>\n<li>\n<p data-path-to-node=\"18,1,0\"><b>Estilo:<\/b> Perfil tubular\/redondo.<\/p>\n<\/li>\n<li>\n<p data-path-to-node=\"18,2,0\"><b>M\u00e9todo de cria\u00e7\u00e3o do logotipo:<\/b> Etiqueta ou patch bordado.<\/p>\n<\/li>\n<li>\n<p data-path-to-node=\"18,3,0\"><b>Anexos:<\/b> Gancho de lagosta de metal ou argola bipartida.<\/p>\n<\/li>\n<\/ul>","protected":false},"excerpt":{"rendered":"<ul>\n<li>\n<p data-path-to-node=\"9,0,0\"><b>Textura ultramacia:<\/b> Feito de um tubo de pel\u00facia sint\u00e9tica que oferece uma experi\u00eancia t\u00e1til \u00fanica e luxuosa.<\/p>\n<\/li>\n<li>\n<p data-path-to-node=\"9,1,0\"><b>Identidade visual com etiquetas tecidas:<\/b> Como a estampa n\u00e3o pode ser feita diretamente na pele, seu logotipo \u00e9 costurado em uma etiqueta ou patch de tecido premium fixado na al\u00e7a.<\/p>\n<\/li>\n<li>\n<p data-path-to-node=\"9,2,0\"><b>Moda na vanguarda:<\/b> Uma escolha popular entre marcas de streetwear, esta\u00e7\u00f5es de esqui e influenciadores que buscam produtos diferenciados.<\/p>\n<\/li>\n<li>\n<p data-path-to-node=\"9,3,0\"><b>Cores vibrantes:<\/b> Dispon\u00edvel nas cores cl\u00e1ssicas branco\/preto ou em estampas personalizadas (ex.: azul\/roxo &quot;Monstro&quot;) para combinar com temas espec\u00edficos.<\/p>\n<\/li>\n<\/ul>","protected":false},"featured_media":5845,"comment_status":"closed","ping_status":"closed","template":"","meta":[],"product_brand":[],"product_cat":[104,108,121],"product_tag":[],"class_list":{"0":"post-5760","1":"product","2":"type-product","3":"status-publish","4":"has-post-thumbnail","6":"product_cat-custom-printed-lanyards","7":"product_cat-multifunctional-lanyards","8":"product_cat-promotional-merchandise","10":"first","11":"instock","12":"shipping-taxable","13":"product-type-simple"},"_links":{"self":[{"href":"https:\/\/displayproducts.eu\/pt\/wp-json\/wp\/v2\/product\/5760","targetHints":{"allow":["GET"]}}],"collection":[{"href":"https:\/\/displayproducts.eu\/pt\/wp-json\/wp\/v2\/product"}],"about":[{"href":"https:\/\/displayproducts.eu\/pt\/wp-json\/wp\/v2\/types\/product"}],"replies":[{"embeddable":true,"href":"https:\/\/displayproducts.eu\/pt\/wp-json\/wp\/v2\/comments?post=5760"}],"wp:featuredmedia":[{"embeddable":true,"href":"https:\/\/displayproducts.eu\/pt\/wp-json\/wp\/v2\/media\/5845"}],"wp:attachment":[{"href":"https:\/\/displayproducts.eu\/pt\/wp-json\/wp\/v2\/media?parent=5760"}],"wp:term":[{"taxonomy":"product_brand","embeddable":true,"href":"https:\/\/displayproducts.eu\/pt\/wp-json\/wp\/v2\/product_brand?post=5760"},{"taxonomy":"product_cat","embeddable":true,"href":"https:\/\/displayproducts.eu\/pt\/wp-json\/wp\/v2\/product_cat?post=5760"},{"taxonomy":"product_tag","embeddable":true,"href":"https:\/\/displayproducts.eu\/pt\/wp-json\/wp\/v2\/product_tag?post=5760"}],"curies":[{"name":"wp","href":"https:\/\/api.w.org\/{rel}","templated":true}]}}