{"id":5753,"date":"2025-12-10T14:54:23","date_gmt":"2025-12-10T11:54:23","guid":{"rendered":"https:\/\/wristbandfactory.eu\/?post_type=product&#038;p=5753"},"modified":"2026-04-01T21:52:35","modified_gmt":"2026-04-01T18:52:35","slug":"high-visibility-reflective-strip-lanyards-safety-wear","status":"publish","type":"product","link":"https:\/\/displayproducts.eu\/pt\/p\/high-visibility-reflective-strip-lanyards-safety-wear\/","title":{"rendered":"Fitas de pesco\u00e7o de alta visibilidade \u2013 Faixa refletora"},"content":{"rendered":"<p data-path-to-node=\"14\">Priorize a seguran\u00e7a sem sacrificar a imagem da sua marca com o nosso produto. <b>Cord\u00f5es com faixa refletora de alta visibilidade<\/b>. Ao contr\u00e1rio dos cord\u00f5es comuns com fios refletivos discretos, este modelo refor\u00e7ado apresenta uma camada refletora prateada proeminente fundida ao tecido, oferecendo m\u00e1xima reflex\u00e3o, semelhante aos equipamentos de seguran\u00e7a profissionais.<\/p>\n<p data-path-to-node=\"15\"><b>Projetado para uso industrial e noturno.<\/b> Este \u00e9 o padr\u00e3o da ind\u00fastria para <b>canteiros de obras, pessoal de terra do aeroporto e pessoal de seguran\u00e7a<\/b>. Quando iluminada pelos far\u00f3is de um carro ou por lanternas, a faixa central brilha intensamente, garantindo que sua equipe ou os participantes do evento sejam vistos \u00e0 dist\u00e2ncia.<\/p>\n<p data-path-to-node=\"16\"><b>Constru\u00e7\u00e3o dur\u00e1vel<\/b> O material refletor \u00e9 colado a uma base de poli\u00e9ster resistente. Este design bicolor (colorido + prateado) n\u00e3o s\u00f3 tem um aspeto profissional como tamb\u00e9m aumenta a durabilidade. Recomendamos vivamente a adi\u00e7\u00e3o de um <b>Fivela de seguran\u00e7a destac\u00e1vel<\/b> este produto para conformidade com as normas de seguran\u00e7a do trabalho.<\/p>\n<p data-path-to-node=\"17\"><b>Casos de uso recomendados:<\/b><\/p>\n<ul data-path-to-node=\"18\">\n<li>\n<p data-path-to-node=\"18,0,0\"><b>Constru\u00e7\u00e3o e Log\u00edstica:<\/b> \u00c9 obrigat\u00f3ria a apresenta\u00e7\u00e3o de documento de identifica\u00e7\u00e3o para trabalhadores no local de trabalho.<\/p>\n<\/li>\n<li>\n<p data-path-to-node=\"18,1,0\"><b>Festivais noturnos:<\/b> Garantir a seguran\u00e7a e a visibilidade dos participantes em meio \u00e0 multid\u00e3o escura.<\/p>\n<\/li>\n<li>\n<p data-path-to-node=\"18,2,0\"><b>Escolas:<\/b> Visibilidade para crian\u00e7as em excurs\u00f5es escolares durante os meses de inverno.<\/p>\n<\/li>\n<\/ul>\n<p data-path-to-node=\"19\"><b>Principais caracter\u00edsticas:<\/b><\/p>\n<ul data-path-to-node=\"20\">\n<li>\n<p data-path-to-node=\"20,0,0\"><b>Material:<\/b> Fita de poli\u00e9ster + fita refletora laminada.<\/p>\n<\/li>\n<li>\n<p data-path-to-node=\"20,1,0\"><b>Efeito:<\/b> Reflexo de flash intenso (base prateada\/cinza).<\/p>\n<\/li>\n<li>\n<p data-path-to-node=\"20,2,0\"><b>Largura:<\/b> Normalmente 15 mm ou 20 mm.<\/p>\n<\/li>\n<li>\n<p data-path-to-node=\"20,3,0\"><b>Imprimir:<\/b> Serigrafia sobre a camada refletora.<\/p>\n<\/li>\n<\/ul>","protected":false},"excerpt":{"rendered":"<ul>\n<li>\n<p data-path-to-node=\"12,0,0\"><b>Alta visibilidade:<\/b> Apresenta uma larga faixa refletora cinza laminada que percorre o centro, semelhante aos coletes de seguran\u00e7a, refletindo intensamente a luz no escuro.<\/p>\n<\/li>\n<li>\n<p data-path-to-node=\"12,1,0\"><b>Seguran\u00e7a diurna e noturna:<\/b> A fita de base em cores vivas (amarela, laranja, azul) proporciona visibilidade durante o dia, enquanto a faixa prateada oferece prote\u00e7\u00e3o \u00e0 noite.<\/p>\n<\/li>\n<li>\n<p data-path-to-node=\"12,2,0\"><b>Dispositivo de seguran\u00e7a de desengate:<\/b> Essencial para uso industrial; geralmente equipado com uma fivela de seguran\u00e7a para evitar acidentes por asfixia.<\/p>\n<\/li>\n<li>\n<p data-path-to-node=\"12,3,0\"><b>Identidade Visual Personalizada:<\/b> Seu logotipo pode ser impresso diretamente na faixa refletora ou nas bordas coloridas para maior visibilidade da marca.<\/p>\n<\/li>\n<\/ul>","protected":false},"featured_media":5758,"comment_status":"closed","ping_status":"closed","template":"","meta":[],"product_brand":[],"product_cat":[109],"product_tag":[],"class_list":{"0":"post-5753","1":"product","2":"type-product","3":"status-publish","4":"has-post-thumbnail","6":"product_cat-reflective-lanyards","8":"first","9":"instock","10":"shipping-taxable","11":"product-type-simple"},"_links":{"self":[{"href":"https:\/\/displayproducts.eu\/pt\/wp-json\/wp\/v2\/product\/5753","targetHints":{"allow":["GET"]}}],"collection":[{"href":"https:\/\/displayproducts.eu\/pt\/wp-json\/wp\/v2\/product"}],"about":[{"href":"https:\/\/displayproducts.eu\/pt\/wp-json\/wp\/v2\/types\/product"}],"replies":[{"embeddable":true,"href":"https:\/\/displayproducts.eu\/pt\/wp-json\/wp\/v2\/comments?post=5753"}],"wp:featuredmedia":[{"embeddable":true,"href":"https:\/\/displayproducts.eu\/pt\/wp-json\/wp\/v2\/media\/5758"}],"wp:attachment":[{"href":"https:\/\/displayproducts.eu\/pt\/wp-json\/wp\/v2\/media?parent=5753"}],"wp:term":[{"taxonomy":"product_brand","embeddable":true,"href":"https:\/\/displayproducts.eu\/pt\/wp-json\/wp\/v2\/product_brand?post=5753"},{"taxonomy":"product_cat","embeddable":true,"href":"https:\/\/displayproducts.eu\/pt\/wp-json\/wp\/v2\/product_cat?post=5753"},{"taxonomy":"product_tag","embeddable":true,"href":"https:\/\/displayproducts.eu\/pt\/wp-json\/wp\/v2\/product_tag?post=5753"}],"curies":[{"name":"wp","href":"https:\/\/api.w.org\/{rel}","templated":true}]}}