{"id":5747,"date":"2025-12-10T13:55:38","date_gmt":"2025-12-10T10:55:38","guid":{"rendered":"https:\/\/wristbandfactory.eu\/?post_type=product&#038;p=5747"},"modified":"2026-04-01T21:52:35","modified_gmt":"2026-04-01T18:52:35","slug":"custom-silicone-pvc-lanyards-waterproof-cleanable","status":"publish","type":"product","link":"https:\/\/displayproducts.eu\/pt\/p\/custom-silicone-pvc-lanyards-waterproof-cleanable\/","title":{"rendered":"Fitas de pesco\u00e7o de pesco\u00e7o de silicone e PVC \u2013 Lav\u00e1veis"},"content":{"rendered":"<p data-path-to-node=\"12\">Mantenha os mais altos padr\u00f5es de higiene com nossos produtos. <b>Cord\u00f5es personalizados de silicone e PVC<\/b>. Ao contr\u00e1rio das tradicionais al\u00e7as de poli\u00e9ster que absorvem suor e sujeira, esses cord\u00f5es emborrachados s\u00e3o completamente imperme\u00e1veis e f\u00e1ceis de limpar.<\/p>\n<p data-path-to-node=\"13\"><b>Higi\u00eanico e seguro<\/b> Ideais para enfermeiros, m\u00e9dicos e funcion\u00e1rios da ind\u00fastria aliment\u00edcia, esses cord\u00f5es podem ser esterilizados com len\u00e7os umedecidos com \u00e1lcool ou lavados com \u00e1gua e sab\u00e3o sem desbotar. Eles oferecem uma apar\u00eancia limpa e profissional que combina perfeitamente com uniformes.<\/p>\n<p data-path-to-node=\"14\"><b>Escolha de materiais:<\/b><\/p>\n<ol start=\"1\" data-path-to-node=\"15\">\n<li>\n<p data-path-to-node=\"15,0,0\"><b>Silicone macio:<\/b> Alta flexibilidade e conforto em contato com a pele. Ideal para marcas de alto padr\u00e3o.<\/p>\n<\/li>\n<li>\n<p data-path-to-node=\"15,1,0\"><b>PVC flex\u00edvel:<\/b> Um pl\u00e1stico resistente, ligeiramente mais r\u00edgido, que mant\u00e9m bem a sua forma e oferece excelente durabilidade a um custo mais baixo.<\/p>\n<\/li>\n<\/ol>\n<p data-path-to-node=\"16\"><b>Casos de uso recomendados:<\/b><\/p>\n<ul data-path-to-node=\"17\">\n<li>\n<p data-path-to-node=\"17,0,0\"><b>Assist\u00eancia m\u00e9dica:<\/b> F\u00e1cil de desinfetar entre turnos.<\/p>\n<\/li>\n<li>\n<p data-path-to-node=\"17,1,0\"><b>Centros Aqu\u00e1ticos:<\/b> N\u00e3o fica encharcado nem mofa perto de piscinas.<\/p>\n<\/li>\n<li>\n<p data-path-to-node=\"17,2,0\"><b>Industrial:<\/b> Resistente a respingos de \u00f3leo e graxa.<\/p>\n<\/li>\n<\/ul>\n<p data-path-to-node=\"18\"><b>Principais caracter\u00edsticas:<\/b><\/p>\n<ul data-path-to-node=\"19\">\n<li>\n<p data-path-to-node=\"19,0,0\"><b>Material:<\/b> 100% Silicone ou PVC flex\u00edvel.<\/p>\n<\/li>\n<li>\n<p data-path-to-node=\"19,1,0\"><b>Marca:<\/b> Impress\u00e3o em serigrafia (tinta n\u00edtida e dur\u00e1vel).<\/p>\n<\/li>\n<li>\n<p data-path-to-node=\"19,2,0\"><b>Anexos:<\/b> Terminal met\u00e1lico com gancho girat\u00f3rio.<\/p>\n<\/li>\n<li>\n<p data-path-to-node=\"19,3,0\"><b>Extras:<\/b> Op\u00e7\u00f5es de sistema de seguran\u00e7a de desengate r\u00e1pido dispon\u00edveis.<\/p>\n<\/li>\n<\/ul>","protected":false},"excerpt":{"rendered":"<ul>\n<li>\n<p data-path-to-node=\"10,0,0\"><b>100% \u00c0 prova d&#039;\u00e1gua:<\/b> O material n\u00e3o absorvente repele \u00e1gua, suor e produtos qu\u00edmicos, facilitando a limpeza ou higieniza\u00e7\u00e3o.<\/p>\n<\/li>\n<li>\n<p data-path-to-node=\"10,1,0\"><b>Op\u00e7\u00e3o de silicone:<\/b> Borracha macia, flex\u00edvel e hipoalerg\u00eanica com acabamento fosco de alta qualidade (ex.: Subaru).<\/p>\n<\/li>\n<li>\n<p data-path-to-node=\"10,2,0\"><b>Op\u00e7\u00e3o em PVC:<\/b> Op\u00e7\u00e3o de pl\u00e1stico dur\u00e1vel, lisa e com bom custo-benef\u00edcio, apresentando um leve brilho (ex.: Penteris).<\/p>\n<\/li>\n<li>\n<p data-path-to-node=\"10,3,0\"><b>Foco na Higiene:<\/b> A op\u00e7\u00e3o preferida para hospitais, laborat\u00f3rios e cozinhas, onde cord\u00f5es de tecido podem abrigar bact\u00e9rias.<\/p>\n<\/li>\n<\/ul>","protected":false},"featured_media":5854,"comment_status":"closed","ping_status":"closed","template":"","meta":[],"product_brand":[],"product_cat":[104,108],"product_tag":[],"class_list":{"0":"post-5747","1":"product","2":"type-product","3":"status-publish","4":"has-post-thumbnail","6":"product_cat-custom-printed-lanyards","7":"product_cat-multifunctional-lanyards","9":"first","10":"instock","11":"shipping-taxable","12":"product-type-simple"},"_links":{"self":[{"href":"https:\/\/displayproducts.eu\/pt\/wp-json\/wp\/v2\/product\/5747","targetHints":{"allow":["GET"]}}],"collection":[{"href":"https:\/\/displayproducts.eu\/pt\/wp-json\/wp\/v2\/product"}],"about":[{"href":"https:\/\/displayproducts.eu\/pt\/wp-json\/wp\/v2\/types\/product"}],"replies":[{"embeddable":true,"href":"https:\/\/displayproducts.eu\/pt\/wp-json\/wp\/v2\/comments?post=5747"}],"wp:featuredmedia":[{"embeddable":true,"href":"https:\/\/displayproducts.eu\/pt\/wp-json\/wp\/v2\/media\/5854"}],"wp:attachment":[{"href":"https:\/\/displayproducts.eu\/pt\/wp-json\/wp\/v2\/media?parent=5747"}],"wp:term":[{"taxonomy":"product_brand","embeddable":true,"href":"https:\/\/displayproducts.eu\/pt\/wp-json\/wp\/v2\/product_brand?post=5747"},{"taxonomy":"product_cat","embeddable":true,"href":"https:\/\/displayproducts.eu\/pt\/wp-json\/wp\/v2\/product_cat?post=5747"},{"taxonomy":"product_tag","embeddable":true,"href":"https:\/\/displayproducts.eu\/pt\/wp-json\/wp\/v2\/product_tag?post=5747"}],"curies":[{"name":"wp","href":"https:\/\/api.w.org\/{rel}","templated":true}]}}