{"id":5730,"date":"2025-12-10T13:44:29","date_gmt":"2025-12-10T10:44:29","guid":{"rendered":"https:\/\/wristbandfactory.eu\/?post_type=product&#038;p=5730"},"modified":"2026-04-01T21:52:35","modified_gmt":"2026-04-01T18:52:35","slug":"magnetic-elastic-cord-lanyards-modern-badge-holder","status":"publish","type":"product","link":"https:\/\/displayproducts.eu\/pt\/p\/magnetic-elastic-cord-lanyards-modern-badge-holder\/","title":{"rendered":"Fitas de pesco\u00e7o el\u00e1sticas com \u00edman \u2013 Cord\u00e3o redondo"},"content":{"rendered":"<p data-path-to-node=\"12\">Abrace o minimalismo moderno com o nosso <b>Cord\u00f5es el\u00e1sticos magn\u00e9ticos<\/b>. Afastando-se das tradicionais fitas de pesco\u00e7o planas de poli\u00e9ster, este produto oferece uma est\u00e9tica elegante e moderna, muito popular entre startups, ag\u00eancias de design e confer\u00eancias exclusivas.<\/p>\n<p data-path-to-node=\"13\"><b>A Magia dos \u00cdm\u00e3s<\/b> O destaque deste cord\u00e3o \u00e9 o seu <b>conector magn\u00e9tico<\/b>. Em vez de ficar mexendo com presilhas, as duas extremidades sem impress\u00e3omente se encaixam. \u00c9 satisfat\u00f3rio de usar e funciona tamb\u00e9m como um mecanismo de seguran\u00e7a de libera\u00e7\u00e3o r\u00e1pida.<\/p>\n<p data-path-to-node=\"14\"><b>Identidade visual sutil, por\u00e9m eficaz<\/b> Em vez de imprimir texto ao longo do cabo, a marca \u00e9 aplicada a um <b>bot\u00e3o\/deslizante circular de pl\u00e1stico<\/b>. Isso permite um logotipo colorido (com efeito de relevo ou impress\u00e3o plana) que se destaca no peito, garantindo que sua marca esteja sempre vis\u00edvel sem sobrecarregar o design.<\/p>\n<p data-path-to-node=\"15\"><b>Principais caracter\u00edsticas:<\/b><\/p>\n<ul data-path-to-node=\"16\">\n<li>\n<p data-path-to-node=\"16,0,0\"><b>Material:<\/b> Cord\u00e3o el\u00e1stico redondo (branco, preto ou cores personalizadas).<\/p>\n<\/li>\n<li>\n<p data-path-to-node=\"16,1,0\"><b>Op\u00e7\u00f5es de fecho:<\/b> Torpedo met\u00e1lico premium ou pl\u00e1stico plano.<\/p>\n<\/li>\n<li>\n<p data-path-to-node=\"16,2,0\"><b>Posicionamento do logotipo:<\/b> Bot\u00e3o de ajuste redondo de pl\u00e1stico.<\/p>\n<\/li>\n<li>\n<p data-path-to-node=\"16,3,0\"><b>Estilo:<\/b> Minimalista, esportivo, tecnol\u00f3gico.<\/p>\n<\/li>\n<\/ul>","protected":false},"excerpt":{"rendered":"<ul>\n<li>\n<p data-path-to-node=\"10,0,0\"><b>Fecho magn\u00e9tico inteligente:<\/b> Possui um conector magn\u00e9tico elegante, em metal ou pl\u00e1stico, que se encaixa instantaneamente para facilitar o uso.<\/p>\n<\/li>\n<li>\n<p data-path-to-node=\"10,1,0\"><b>Conforto el\u00e1stico:<\/b> Feito de cord\u00e3o redondo macio e el\u00e1stico que proporciona uma sensa\u00e7\u00e3o leve e confort\u00e1vel ao redor do pesco\u00e7o durante todo o dia.<\/p>\n<\/li>\n<li>\n<p data-path-to-node=\"10,2,0\"><b>Personaliza\u00e7\u00e3o dos bot\u00f5es:<\/b> Seu logotipo \u00e9 impresso em um bot\u00e3o deslizante de pl\u00e1stico personaliz\u00e1vel, mantendo o design do cabo limpo e minimalista.<\/p>\n<\/li>\n<li>\n<p data-path-to-node=\"10,3,0\"><b>Fun\u00e7\u00e3o de seguran\u00e7a:<\/b> O fecho magn\u00e9tico tamb\u00e9m funciona como um dispositivo de seguran\u00e7a que se solta facilmente, liberando-se sob tens\u00e3o para evitar riscos de asfixia.<\/p>\n<\/li>\n<\/ul>","protected":false},"featured_media":5870,"comment_status":"closed","ping_status":"closed","template":"","meta":[],"product_brand":[],"product_cat":[125,108,124],"product_tag":[],"class_list":{"0":"post-5730","1":"product","2":"type-product","3":"status-publish","4":"has-post-thumbnail","6":"product_cat-cord-lanyards","7":"product_cat-multifunctional-lanyards","8":"product_cat-id-solutions","10":"first","11":"instock","12":"shipping-taxable","13":"product-type-simple"},"_links":{"self":[{"href":"https:\/\/displayproducts.eu\/pt\/wp-json\/wp\/v2\/product\/5730","targetHints":{"allow":["GET"]}}],"collection":[{"href":"https:\/\/displayproducts.eu\/pt\/wp-json\/wp\/v2\/product"}],"about":[{"href":"https:\/\/displayproducts.eu\/pt\/wp-json\/wp\/v2\/types\/product"}],"replies":[{"embeddable":true,"href":"https:\/\/displayproducts.eu\/pt\/wp-json\/wp\/v2\/comments?post=5730"}],"wp:featuredmedia":[{"embeddable":true,"href":"https:\/\/displayproducts.eu\/pt\/wp-json\/wp\/v2\/media\/5870"}],"wp:attachment":[{"href":"https:\/\/displayproducts.eu\/pt\/wp-json\/wp\/v2\/media?parent=5730"}],"wp:term":[{"taxonomy":"product_brand","embeddable":true,"href":"https:\/\/displayproducts.eu\/pt\/wp-json\/wp\/v2\/product_brand?post=5730"},{"taxonomy":"product_cat","embeddable":true,"href":"https:\/\/displayproducts.eu\/pt\/wp-json\/wp\/v2\/product_cat?post=5730"},{"taxonomy":"product_tag","embeddable":true,"href":"https:\/\/displayproducts.eu\/pt\/wp-json\/wp\/v2\/product_tag?post=5730"}],"curies":[{"name":"wp","href":"https:\/\/api.w.org\/{rel}","templated":true}]}}