{"id":5714,"date":"2025-12-10T13:27:04","date_gmt":"2025-12-10T10:27:04","guid":{"rendered":"https:\/\/wristbandfactory.eu\/?post_type=product&#038;p=5714"},"modified":"2026-04-01T21:52:35","modified_gmt":"2026-04-01T18:52:35","slug":"custom-led-lanyards-flashing-light-up-straps","status":"publish","type":"product","link":"https:\/\/displayproducts.eu\/pt\/p\/custom-led-lanyards-flashing-light-up-straps\/","title":{"rendered":"Fitas de pesco\u00e7o de pesco\u00e7o LED \u2013 Com luz a piscar"},"content":{"rendered":"<p data-path-to-node=\"12\">D\u00ea mais dinamismo \u00e0 presen\u00e7a da sua marca com o nosso <b>Cord\u00f5es de LED personalizados<\/b>. Esses acess\u00f3rios n\u00e3o s\u00e3o apenas porta-crach\u00e1s funcionais; s\u00e3o acess\u00f3rios que chamam a aten\u00e7\u00e3o, projetados para visibilidade noturna e entretenimento.<\/p>\n<p data-path-to-node=\"13\"><b>Identidade visual para eventos de alta tecnologia<\/b> Utilizando tecnologia LED avan\u00e7ada e fibras \u00f3pticas (ou fitas de pesco\u00e7o embutidas), esses cord\u00f5es emitem um brilho intenso, semelhante ao neon. Um controlador integrado permite ao usu\u00e1rio alternar entre modos de luz intermitente ou luz constante, criando uma atmosfera din\u00e2mica em shows, festivais e festas de lan\u00e7amento.<\/p>\n<p data-path-to-node=\"14\"><b>Seguran\u00e7a e Visibilidade<\/b> Al\u00e9m de serem \u00fateis em festas, os cord\u00f5es de LED s\u00e3o uma excelente ferramenta de seguran\u00e7a para funcion\u00e1rios noturnos, pessoal de seguran\u00e7a e corredores de maratonas noturnas, garantindo que sejam vistos \u00e0 dist\u00e2ncia.<\/p>\n<p data-path-to-node=\"15\"><b>Op\u00e7\u00f5es de personaliza\u00e7\u00e3o:<\/b><\/p>\n<ul data-path-to-node=\"16\">\n<li>\n<p data-path-to-node=\"16,0,0\"><b>Estilo de fita de nylon:<\/b> Um cord\u00e3o plano tradicional com uma faixa de LED interna. Impress\u00e3o personaliz\u00e1vel diretamente no tecido.<\/p>\n<\/li>\n<li>\n<p data-path-to-node=\"16,1,0\"><b>Estilo do tubo \u00f3ptico:<\/b> Um tubo transparente futurista que brilha intensamente. A marca geralmente \u00e9 colocada na bateria.<\/p>\n<\/li>\n<\/ul>\n<p data-path-to-node=\"17\"><b>Principais caracter\u00edsticas:<\/b><\/p>\n<ul data-path-to-node=\"18\">\n<li>\n<p data-path-to-node=\"18,0,0\"><b>Poder:<\/b> Baterias tipo bot\u00e3o substitu\u00edveis (inclu\u00eddas).<\/p>\n<\/li>\n<li>\n<p data-path-to-node=\"18,1,0\"><b>Modos:<\/b> Piscar r\u00e1pido \/ Piscar lento \/ Ligado continuamente \/ Desligado.<\/p>\n<\/li>\n<li>\n<p data-path-to-node=\"18,2,0\"><b>Cores:<\/b> Vermelho, Azul, Verde, Amarelo, Branco, Rosa, Multicolorido.<\/p>\n<\/li>\n<li>\n<p data-path-to-node=\"18,3,0\"><b>Hardware:<\/b> Caixa de interruptor de pl\u00e1stico + Gancho de metal.<\/p>\n<\/li>\n<\/ul>","protected":false},"excerpt":{"rendered":"<ul>\n<li>\n<p data-path-to-node=\"10,0,0\"><b>Ilumina\u00e7\u00e3o ativa:<\/b> Alimentado por baterias e LEDs, oferece excelente visibilidade na escurid\u00e3o total (ao contr\u00e1rio da tinta que brilha no escuro passivamente).<\/p>\n<\/li>\n<li>\n<p data-path-to-node=\"10,1,0\"><b>V\u00e1rios modos:<\/b> Possui um interruptor de controle para alternar entre os modos Flash R\u00e1pido, Flash Lento e Luz Cont\u00ednua.<\/p>\n<\/li>\n<li>\n<p data-path-to-node=\"10,2,0\"><b>Guia de fibra \u00f3ptica:<\/b> Utiliza um n\u00facleo \u00f3ptico transparente ou fios internos para distribuir a luz uniformemente ao longo do cord\u00e3o.<\/p>\n<\/li>\n<li>\n<p data-path-to-node=\"10,3,0\"><b>\u00c1reas de Branding:<\/b> O logotipo pode ser impresso na al\u00e7a de nylon ou na caixa pl\u00e1stica da bateria para m\u00e1xima visibilidade.<\/p>\n<\/li>\n<\/ul>","protected":false},"featured_media":5884,"comment_status":"closed","ping_status":"closed","template":"","meta":[],"product_brand":[],"product_cat":[108,76,123],"product_tag":[],"class_list":{"0":"post-5714","1":"product","2":"type-product","3":"status-publish","4":"has-post-thumbnail","6":"product_cat-multifunctional-lanyards","7":"product_cat-glow-led-products","8":"product_cat-fan-cheering-items","10":"first","11":"instock","12":"shipping-taxable","13":"product-type-simple"},"_links":{"self":[{"href":"https:\/\/displayproducts.eu\/pt\/wp-json\/wp\/v2\/product\/5714","targetHints":{"allow":["GET"]}}],"collection":[{"href":"https:\/\/displayproducts.eu\/pt\/wp-json\/wp\/v2\/product"}],"about":[{"href":"https:\/\/displayproducts.eu\/pt\/wp-json\/wp\/v2\/types\/product"}],"replies":[{"embeddable":true,"href":"https:\/\/displayproducts.eu\/pt\/wp-json\/wp\/v2\/comments?post=5714"}],"wp:featuredmedia":[{"embeddable":true,"href":"https:\/\/displayproducts.eu\/pt\/wp-json\/wp\/v2\/media\/5884"}],"wp:attachment":[{"href":"https:\/\/displayproducts.eu\/pt\/wp-json\/wp\/v2\/media?parent=5714"}],"wp:term":[{"taxonomy":"product_brand","embeddable":true,"href":"https:\/\/displayproducts.eu\/pt\/wp-json\/wp\/v2\/product_brand?post=5714"},{"taxonomy":"product_cat","embeddable":true,"href":"https:\/\/displayproducts.eu\/pt\/wp-json\/wp\/v2\/product_cat?post=5714"},{"taxonomy":"product_tag","embeddable":true,"href":"https:\/\/displayproducts.eu\/pt\/wp-json\/wp\/v2\/product_tag?post=5714"}],"curies":[{"name":"wp","href":"https:\/\/api.w.org\/{rel}","templated":true}]}}