{"id":5707,"date":"2025-12-10T13:20:55","date_gmt":"2025-12-10T10:20:55","guid":{"rendered":"https:\/\/wristbandfactory.eu\/?post_type=product&#038;p=5707"},"modified":"2026-04-01T21:52:35","modified_gmt":"2026-04-01T18:52:35","slug":"custom-holographic-laser-print-lanyards-iridescent-logo","status":"publish","type":"product","link":"https:\/\/displayproducts.eu\/pt\/p\/custom-holographic-laser-print-lanyards-iridescent-logo\/","title":{"rendered":"Fitas de pesco\u00e7o de pesco\u00e7o hologr\u00e1ficas \u2013 Impress\u00e3o laser"},"content":{"rendered":"<p data-path-to-node=\"12\">Cause uma \u00f3tima impress\u00e3o com o nosso <b>Cord\u00f5es personalizados com impress\u00e3o hologr\u00e1fica a laser<\/b>. Essa t\u00e9cnica de personaliza\u00e7\u00e3o premium utiliza um processo especializado de estampagem a quente para aplicar uma folha met\u00e1lica que n\u00e3o \u00e9 apenas prateada, mas iridescente.<\/p>\n<p data-path-to-node=\"13\"><b>O efeito \u201cLaser\u201d<\/b> Como pode ser visto nos exemplos (por exemplo, \u201cSalt &amp; Stone\u201d, \u201cStarbucks\u201d), o texto funciona como um prisma. Em condi\u00e7\u00f5es de pouca luz, ele aparece prateado met\u00e1lico; sob luz direta ou flash, explode em vibrantes gradientes de cores do arco-\u00edris. Esse efeito de \u201cmudan\u00e7a de cor\u201d o torna uma escolha incrivelmente fotog\u00eanica para eventos com grande presen\u00e7a nas redes sociais.<\/p>\n<p data-path-to-node=\"14\"><b>Melhor no preto<\/b> Para obter o m\u00e1ximo impacto visual, recomendamos a impress\u00e3o em um <b>Al\u00e7a preta ou azul-marinho escuro com acabamento acetinado<\/b>. A textura lisa do material garante que a pel\u00edcula adira perfeitamente e brilhe sem interrup\u00e7\u00f5es.<\/p>\n<p data-path-to-node=\"15\"><b>Casos de uso recomendados:<\/b><\/p>\n<ul data-path-to-node=\"16\">\n<li>\n<p data-path-to-node=\"16,0,0\"><b>VIP e acesso aos bastidores:<\/b> Destaque convidados especiais com um cord\u00e3o que parece uma joia.<\/p>\n<\/li>\n<li>\n<p data-path-to-node=\"16,1,0\"><b>Vida noturna e shows:<\/b> Reflete as luzes do palco de forma din\u00e2mica.<\/p>\n<\/li>\n<li>\n<p data-path-to-node=\"16,2,0\"><b>Lan\u00e7amentos tecnol\u00f3gicos:<\/b> Combina perfeitamente com identidades de marca modernas e futuristas.<\/p>\n<\/li>\n<\/ul>\n<p data-path-to-node=\"17\"><b>Principais caracter\u00edsticas:<\/b><\/p>\n<ul data-path-to-node=\"18\">\n<li>\n<p data-path-to-node=\"18,0,0\"><b>Tecnologia de impress\u00e3o:<\/b> Impress\u00e3o hologr\u00e1fica\/a laser.<\/p>\n<\/li>\n<li>\n<p data-path-to-node=\"18,1,0\"><b>Material:<\/b> Poli\u00e9ster acetinado macio (com toque de nylon).<\/p>\n<\/li>\n<li>\n<p data-path-to-node=\"18,2,0\"><b>Efeito:<\/b> Reflexo met\u00e1lico em arco-\u00edris.<\/p>\n<\/li>\n<li>\n<p data-path-to-node=\"18,3,0\"><b>Anexos:<\/b> Recomenda-se o uso de ganchos de metal de alta qualidade ou acess\u00f3rios pretos foscos.<\/p>\n<\/li>\n<\/ul>","protected":false},"excerpt":{"rendered":"<ul>\n<li>\n<p data-path-to-node=\"10,0,0\"><b>Efeito hologr\u00e1fico:<\/b> O logotipo \u00e9 impresso usando uma pel\u00edcula a laser especial que reflete um espectro de cores do arco-\u00edris quando atingida pela luz.<\/p>\n<\/li>\n<li>\n<p data-path-to-node=\"10,1,0\"><b>Acabamento Premium:<\/b> Impresso em poli\u00e9ster acetinado de alta qualidade (geralmente preto) para maximizar o contraste do texto brilhante.<\/p>\n<\/li>\n<li>\n<p data-path-to-node=\"10,2,0\"><b>Visibilidade din\u00e2mica:<\/b> Ao contr\u00e1rio da tinta plana e est\u00e1tica, a marca muda de apar\u00eancia dependendo do \u00e2ngulo de vis\u00e3o, chamando a aten\u00e7\u00e3o instantaneamente.<\/p>\n<\/li>\n<li>\n<p data-path-to-node=\"10,3,0\"><b>Sensa\u00e7\u00e3o de luxo:<\/b> Ideal para passes VIP, eventos de gala e identidade visual corporativa de alto n\u00edvel, onde cord\u00f5es comuns parecem de m\u00e1 qualidade.<\/p>\n<\/li>\n<\/ul>","protected":false},"featured_media":5887,"comment_status":"closed","ping_status":"closed","template":"","meta":[],"product_brand":[],"product_cat":[104],"product_tag":[],"class_list":{"0":"post-5707","1":"product","2":"type-product","3":"status-publish","4":"has-post-thumbnail","6":"product_cat-custom-printed-lanyards","8":"first","9":"instock","10":"shipping-taxable","11":"product-type-simple"},"_links":{"self":[{"href":"https:\/\/displayproducts.eu\/pt\/wp-json\/wp\/v2\/product\/5707","targetHints":{"allow":["GET"]}}],"collection":[{"href":"https:\/\/displayproducts.eu\/pt\/wp-json\/wp\/v2\/product"}],"about":[{"href":"https:\/\/displayproducts.eu\/pt\/wp-json\/wp\/v2\/types\/product"}],"replies":[{"embeddable":true,"href":"https:\/\/displayproducts.eu\/pt\/wp-json\/wp\/v2\/comments?post=5707"}],"wp:featuredmedia":[{"embeddable":true,"href":"https:\/\/displayproducts.eu\/pt\/wp-json\/wp\/v2\/media\/5887"}],"wp:attachment":[{"href":"https:\/\/displayproducts.eu\/pt\/wp-json\/wp\/v2\/media?parent=5707"}],"wp:term":[{"taxonomy":"product_brand","embeddable":true,"href":"https:\/\/displayproducts.eu\/pt\/wp-json\/wp\/v2\/product_brand?post=5707"},{"taxonomy":"product_cat","embeddable":true,"href":"https:\/\/displayproducts.eu\/pt\/wp-json\/wp\/v2\/product_cat?post=5707"},{"taxonomy":"product_tag","embeddable":true,"href":"https:\/\/displayproducts.eu\/pt\/wp-json\/wp\/v2\/product_tag?post=5707"}],"curies":[{"name":"wp","href":"https:\/\/api.w.org\/{rel}","templated":true}]}}