{"id":5702,"date":"2025-12-10T13:11:19","date_gmt":"2025-12-10T10:11:19","guid":{"rendered":"https:\/\/wristbandfactory.eu\/?post_type=product&#038;p=5702"},"modified":"2026-04-01T21:52:35","modified_gmt":"2026-04-01T18:52:35","slug":"custom-crossbody-phone-lanyards-universal-patch-fit","status":"publish","type":"product","link":"https:\/\/displayproducts.eu\/pt\/p\/custom-crossbody-phone-lanyards-universal-patch-fit\/","title":{"rendered":"Fita para telem\u00f3vel crossbody \u2013 Ajust\u00e1vel"},"content":{"rendered":"<p data-path-to-node=\"12\">Capacite sua equipe ou participantes a trabalharem com as m\u00e3os livres com o nosso <b>Cord\u00f5es transversais personalizados para celular<\/b>. Este \u00e9 o acess\u00f3rio moderno definitivo para feiras comerciais, festivais e viagens corporativas, garantindo que os smartphones estejam sempre acess\u00edveis, mas nunca caiam.<\/p>\n<p data-path-to-node=\"13\"><b>Como funciona<\/b> Ao contr\u00e1rio dos antigos suportes de silicone que bloqueiam a tela, este sistema utiliza um suporte fino e dur\u00e1vel. <b>remendo de \u00e2ncora<\/b> (aba). Basta colocar o patch personalizado dentro da capa do seu celular, passar a al\u00e7a pelo orif\u00edcio de carregamento e encaixar o cord\u00e3o. Funciona com praticamente todos os modelos e capas de smartphones.<\/p>\n<p data-path-to-node=\"14\"><b>Moda e funcionalidade se encontram.<\/b> A al\u00e7a \u00e9 totalmente ajust\u00e1vel, permitindo que seja usada transversalmente no corpo, como uma bolsa, ou tradicionalmente ao redor do pesco\u00e7o. Os detalhes em preto fosco e a fita de poli\u00e9ster resistente conferem um toque premium e de alta qualidade, em compara\u00e7\u00e3o com os cord\u00f5es de confer\u00eancia comuns.<\/p>\n<p data-path-to-node=\"15\"><b>Casos de uso recomendados:<\/b><\/p>\n<ul data-path-to-node=\"16\">\n<li>\n<p data-path-to-node=\"16,0,0\"><b>Confer\u00eancias de Tecnologia:<\/b> O item promocional #1 para eventos com foco em dispositivos m\u00f3veis.<\/p>\n<\/li>\n<li>\n<p data-path-to-node=\"16,1,0\"><b>Equipe de campo:<\/b> Ideal para profissionais de log\u00edstica, organizadores de eventos e funcion\u00e1rios do varejo que precisam estar constantemente com seus celulares \u00e0 m\u00e3o.<\/p>\n<\/li>\n<li>\n<p data-path-to-node=\"16,2,0\"><b>Kits para influenciadores:<\/b> Um presente moderno e valioso, usado diariamente nas redes sociais.<\/p>\n<\/li>\n<\/ul>\n<p data-path-to-node=\"17\"><b>Principais caracter\u00edsticas:<\/b><\/p>\n<ul data-path-to-node=\"18\">\n<li>\n<p data-path-to-node=\"18,0,0\"><b>Al\u00e7a:<\/b> Tecido de poli\u00e9ster largo e ajust\u00e1vel (comprimento m\u00e1ximo aproximado de 160 cm).<\/p>\n<\/li>\n<li>\n<p data-path-to-node=\"18,1,0\"><b>Anexo:<\/b> Adaptador universal para celular (Compat\u00edvel com a porta de carregamento).<\/p>\n<\/li>\n<li>\n<p data-path-to-node=\"18,2,0\"><b>Hardware:<\/b> Anel de metal refor\u00e7ado e fecho tipo lagosta.<\/p>\n<\/li>\n<li>\n<p data-path-to-node=\"18,3,0\"><b>Personaliza\u00e7\u00e3o:<\/b> Impress\u00e3o colorida na al\u00e7a + Logotipo no patch.<\/p>\n<\/li>\n<\/ul>","protected":false},"excerpt":{"rendered":"<ul>\n<li>\n<p data-path-to-node=\"10,0,0\"><b>Compatibilidade universal:<\/b> Inclui um &quot;adesivo&quot; ou aba resistente que se encaixa em qualquer porta de carregamento de capa de celular padr\u00e3o \u2013 sem necessidade de cola ou parafusos.<\/p>\n<\/li>\n<li>\n<p data-path-to-node=\"10,1,0\"><b>Comprimento ajust\u00e1vel:<\/b> Possui uma fivela deslizante resistente que permite us\u00e1-la ao redor do pesco\u00e7o ou como uma al\u00e7a transversal moderna.<\/p>\n<\/li>\n<li>\n<p data-path-to-node=\"10,2,0\"><b>Hardware Premium:<\/b> Com acabamento em an\u00e9is e ganchos de metal preto fosco de alta qualidade, para um visual tecnol\u00f3gico moderno e elegante.<\/p>\n<\/li>\n<li>\n<p data-path-to-node=\"10,3,0\"><b>Dupla Marca:<\/b> Seu logotipo pode ser impresso tanto na al\u00e7a de poli\u00e9ster quanto no conector para m\u00e1xima visibilidade.<\/p>\n<\/li>\n<\/ul>","protected":false},"featured_media":5895,"comment_status":"closed","ping_status":"closed","template":"","meta":[],"product_brand":[],"product_cat":[108,122,127],"product_tag":[],"class_list":{"0":"post-5702","1":"product","2":"type-product","3":"status-publish","4":"has-post-thumbnail","6":"product_cat-multifunctional-lanyards","7":"product_cat-promotional-accessories","8":"product_cat-custom-straps-belts","10":"first","11":"instock","12":"shipping-taxable","13":"product-type-simple"},"_links":{"self":[{"href":"https:\/\/displayproducts.eu\/pt\/wp-json\/wp\/v2\/product\/5702","targetHints":{"allow":["GET"]}}],"collection":[{"href":"https:\/\/displayproducts.eu\/pt\/wp-json\/wp\/v2\/product"}],"about":[{"href":"https:\/\/displayproducts.eu\/pt\/wp-json\/wp\/v2\/types\/product"}],"replies":[{"embeddable":true,"href":"https:\/\/displayproducts.eu\/pt\/wp-json\/wp\/v2\/comments?post=5702"}],"wp:featuredmedia":[{"embeddable":true,"href":"https:\/\/displayproducts.eu\/pt\/wp-json\/wp\/v2\/media\/5895"}],"wp:attachment":[{"href":"https:\/\/displayproducts.eu\/pt\/wp-json\/wp\/v2\/media?parent=5702"}],"wp:term":[{"taxonomy":"product_brand","embeddable":true,"href":"https:\/\/displayproducts.eu\/pt\/wp-json\/wp\/v2\/product_brand?post=5702"},{"taxonomy":"product_cat","embeddable":true,"href":"https:\/\/displayproducts.eu\/pt\/wp-json\/wp\/v2\/product_cat?post=5702"},{"taxonomy":"product_tag","embeddable":true,"href":"https:\/\/displayproducts.eu\/pt\/wp-json\/wp\/v2\/product_tag?post=5702"}],"curies":[{"name":"wp","href":"https:\/\/api.w.org\/{rel}","templated":true}]}}