{"id":5694,"date":"2025-12-10T13:02:37","date_gmt":"2025-12-10T10:02:37","guid":{"rendered":"https:\/\/wristbandfactory.eu\/?post_type=product&#038;p=5694"},"modified":"2026-04-01T21:52:35","modified_gmt":"2026-04-01T18:52:35","slug":"custom-tubular-lanyards-soft-shoelace-style","status":"publish","type":"product","link":"https:\/\/displayproducts.eu\/pt\/p\/custom-tubular-lanyards-soft-shoelace-style\/","title":{"rendered":"Fitas de pesco\u00e7o de pesco\u00e7o tubulares \u2013 Estilo cord\u00e3o"},"content":{"rendered":"<p data-path-to-node=\"12\">Obtenha o equil\u00edbrio perfeito entre conforto e pre\u00e7o com nossos produtos. <b>Cord\u00f5es tubulares personalizados<\/b>. Frequentemente chamados de &quot;cord\u00f5es de cadar\u00e7o&quot;, esses cord\u00f5es s\u00e3o confeccionados em poli\u00e9ster com costura tubular, criando uma camada dupla de tecido oca por dentro.<\/p>\n<p data-path-to-node=\"13\"><b>Por que escolher tubos?<\/b><\/p>\n<ol start=\"1\" data-path-to-node=\"14\">\n<li>\n<p data-path-to-node=\"14,0,0\"><b>Conforto:<\/b> Por n\u00e3o possu\u00edrem bordas costuradas, esses cord\u00f5es s\u00e3o os mais macios dispon\u00edveis, tornando-os perfeitos para volunt\u00e1rios ou funcion\u00e1rios que os utilizam por mais de 8 horas.<\/p>\n<\/li>\n<li>\n<p data-path-to-node=\"14,1,0\"><b>Pre\u00e7o:<\/b> Esta \u00e9 a nossa op\u00e7\u00e3o de cord\u00e3o personalizado mais econ\u00f4mica, tornando-se o padr\u00e3o da ind\u00fastria para grandes feiras comerciais, festivais e escolas.<\/p>\n<\/li>\n<\/ol>\n<p data-path-to-node=\"15\"><b>Notas de impress\u00e3o<\/b> A superf\u00edcie tubular proporciona um fundo texturizado. Recomendamos <b>Serigrafia<\/b> Para textos em negrito e logotipos sem impress\u00e3o (1 a 2 cores), garanta resultados mais n\u00edtidos.<\/p>\n<p data-path-to-node=\"16\"><b>Casos de uso recomendados:<\/b><\/p>\n<ul data-path-to-node=\"17\">\n<li>\n<p data-path-to-node=\"17,0,0\"><b>Escolas e universidades:<\/b> Porta-crach\u00e1s dur\u00e1veis e baratos para estudantes.<\/p>\n<\/li>\n<li>\n<p data-path-to-node=\"17,1,0\"><b>Grandes confer\u00eancias:<\/b> Identidade visual eficaz e econ\u00f4mica para milhares de participantes.<\/p>\n<\/li>\n<li>\n<p data-path-to-node=\"17,2,0\"><b>Eventos esportivos:<\/b> O visual esportivo com cadar\u00e7os combina perfeitamente com temas atl\u00e9ticos.<\/p>\n<\/li>\n<\/ul>\n<p data-path-to-node=\"18\"><b>Principais caracter\u00edsticas:<\/b><\/p>\n<ul data-path-to-node=\"19\">\n<li>\n<p data-path-to-node=\"19,0,0\"><b>Material:<\/b> Poli\u00e9ster tubular tecido.<\/p>\n<\/li>\n<li>\n<p data-path-to-node=\"19,1,0\"><b>Largura:<\/b> Di\u00e2metros padr\u00e3o de 10 mm, 12 mm ou 15 mm (as larguras s\u00e3o aproximadas devido ao formato do tubo).<\/p>\n<\/li>\n<li>\n<p data-path-to-node=\"19,2,0\"><b>Imprimir:<\/b> Impress\u00e3o de marca em serigrafia.<\/p>\n<\/li>\n<li>\n<p data-path-to-node=\"19,3,0\"><b>Anexos:<\/b> Compat\u00edvel com todos os ganchos, clipes e freios de seguran\u00e7a padr\u00e3o.<\/p>\n<\/li>\n<\/ul>","protected":false},"excerpt":{"rendered":"<ul>\n<li>\n<p data-path-to-node=\"10,0,0\"><b>Constru\u00e7\u00e3o de tubos:<\/b> Tran\u00e7ado em um formato oco, semelhante a um tubo (como um cadar\u00e7o), eliminando bordas afiadas para m\u00e1ximo conforto.<\/p>\n<\/li>\n<li>\n<p data-path-to-node=\"10,1,0\"><b>Econ\u00f4mico:<\/b> Geralmente, \u00e9 a solu\u00e7\u00e3o mais econ\u00f4mica para eventos de grande escala e para aloca\u00e7\u00e3o de pessoal.<\/p>\n<\/li>\n<li>\n<p data-path-to-node=\"10,2,0\"><b>Impress\u00e3o de alto contraste:<\/b> Ideal para textos e logotipos impressos em serigrafia em negrito que precisam se destacar em um fundo colorido.<\/p>\n<\/li>\n<li>\n<p data-path-to-node=\"10,3,0\"><b>Macio e flex\u00edvel:<\/b> O poli\u00e9ster de trama frouxa oferece um caimento descontra\u00eddo e casual em compara\u00e7\u00e3o com cord\u00f5es planos e r\u00edgidos.<\/p>\n<\/li>\n<\/ul>","protected":false},"featured_media":5898,"comment_status":"closed","ping_status":"closed","template":"","meta":[],"product_brand":[],"product_cat":[104],"product_tag":[],"class_list":{"0":"post-5694","1":"product","2":"type-product","3":"status-publish","4":"has-post-thumbnail","6":"product_cat-custom-printed-lanyards","8":"first","9":"instock","10":"shipping-taxable","11":"product-type-simple"},"_links":{"self":[{"href":"https:\/\/displayproducts.eu\/pt\/wp-json\/wp\/v2\/product\/5694","targetHints":{"allow":["GET"]}}],"collection":[{"href":"https:\/\/displayproducts.eu\/pt\/wp-json\/wp\/v2\/product"}],"about":[{"href":"https:\/\/displayproducts.eu\/pt\/wp-json\/wp\/v2\/types\/product"}],"replies":[{"embeddable":true,"href":"https:\/\/displayproducts.eu\/pt\/wp-json\/wp\/v2\/comments?post=5694"}],"wp:featuredmedia":[{"embeddable":true,"href":"https:\/\/displayproducts.eu\/pt\/wp-json\/wp\/v2\/media\/5898"}],"wp:attachment":[{"href":"https:\/\/displayproducts.eu\/pt\/wp-json\/wp\/v2\/media?parent=5694"}],"wp:term":[{"taxonomy":"product_brand","embeddable":true,"href":"https:\/\/displayproducts.eu\/pt\/wp-json\/wp\/v2\/product_brand?post=5694"},{"taxonomy":"product_cat","embeddable":true,"href":"https:\/\/displayproducts.eu\/pt\/wp-json\/wp\/v2\/product_cat?post=5694"},{"taxonomy":"product_tag","embeddable":true,"href":"https:\/\/displayproducts.eu\/pt\/wp-json\/wp\/v2\/product_tag?post=5694"}],"curies":[{"name":"wp","href":"https:\/\/api.w.org\/{rel}","templated":true}]}}