{"id":5686,"date":"2025-12-10T12:49:01","date_gmt":"2025-12-10T09:49:01","guid":{"rendered":"https:\/\/wristbandfactory.eu\/?post_type=product&#038;p=5686"},"modified":"2026-04-01T21:52:35","modified_gmt":"2026-04-01T18:52:35","slug":"glow-in-the-dark-lanyards-night-event-branding","status":"publish","type":"product","link":"https:\/\/displayproducts.eu\/pt\/p\/glow-in-the-dark-lanyards-night-event-branding\/","title":{"rendered":"Fitas de pesco\u00e7o de pesco\u00e7o fosforescentes \u2013 Brilham no escuro"},"content":{"rendered":"<p data-path-to-node=\"12\">D\u00ea vida ao seu pr\u00f3ximo evento com nossos produtos! <b>Cord\u00f5es personalizados que brilham no escuro<\/b>. Utilizando tinta fosforescente avan\u00e7ada para serigrafia, esses cord\u00f5es oferecem um elemento interativo exclusivo que os cord\u00f5es impressos padr\u00e3o n\u00e3o conseguem igualar.<\/p>\n<p data-path-to-node=\"13\"><b>Como funciona<\/b> A tinta especial cont\u00e9m f\u00f3sforos que absorvem energia de fontes de luz ambiente (luz solar ou artificial). No escuro, essa energia armazenada \u00e9 liberada como um suave brilho verde. Isso as torna incrivelmente populares para <b>eventos noturnos<\/b> Onde a visibilidade e a atmosfera s\u00e3o fundamentais.<\/p>\n<p data-path-to-node=\"14\"><b>Diferencia\u00e7\u00e3o<\/b> Diferentemente dos cord\u00f5es &quot;neon&quot; ou &quot;fluorescentes&quot;, que apenas t\u00eam cores brilhantes, esses cord\u00f5es realmente geram sua pr\u00f3pria luz no escuro.<\/p>\n<p data-path-to-node=\"15\"><b>Casos de uso recomendados:<\/b><\/p>\n<ul data-path-to-node=\"16\">\n<li>\n<p data-path-to-node=\"16,0,0\"><b>Vida noturna e clubes:<\/b> Passes VIP que se destacam na pista de dan\u00e7a.<\/p>\n<\/li>\n<li>\n<p data-path-to-node=\"16,1,0\"><b>Esportes noturnos:<\/b> \u201cCorridas da Meia-Noite\u201d ou caminhadas beneficentes onde a visibilidade faz parte da divers\u00e3o.<\/p>\n<\/li>\n<li>\n<p data-path-to-node=\"16,2,0\"><b>Seguran\u00e7a e prote\u00e7\u00e3o:<\/b> Ajuda a identificar membros da equipe em \u00e1reas de bastidores com pouca luz.<\/p>\n<\/li>\n<\/ul>\n<p data-path-to-node=\"17\"><b>Principais caracter\u00edsticas:<\/b><\/p>\n<ul data-path-to-node=\"18\">\n<li>\n<p data-path-to-node=\"18,0,0\"><b>Material base:<\/b> Poli\u00e9ster (preto recomendado para contraste).<\/p>\n<\/li>\n<li>\n<p data-path-to-node=\"18,1,0\"><b>Imprimir:<\/b> Branco-sujo durante o dia \/ Brilho esverdeado \u00e0 noite.<\/p>\n<\/li>\n<li>\n<p data-path-to-node=\"18,2,0\"><b>Ativa\u00e7\u00e3o:<\/b> Recarrega-se indefinidamente com a exposi\u00e7\u00e3o \u00e0 luz.<\/p>\n<\/li>\n<li>\n<p data-path-to-node=\"18,3,0\"><b>Anexos:<\/b> Compat\u00edvel com todos os ganchos e clipes padr\u00e3o.<\/p>\n<\/li>\n<\/ul>","protected":false},"excerpt":{"rendered":"<ul data-path-to-node=\"10\">\n<li>\n<p data-path-to-node=\"10,0,0\"><b>Efeito fosforescente:<\/b> Uma tinta especial absorve a luz durante o dia e emite um brilho verde em ambientes escuros.<\/p>\n<\/li>\n<li>\n<p data-path-to-node=\"10,1,0\"><b>Alto contraste:<\/b> Os melhores resultados s\u00e3o obtidos com uma pulseira de poli\u00e9ster preta, que faz com que o texto luminoso se destaque vividamente.<\/p>\n<\/li>\n<li>\n<p data-path-to-node=\"10,2,0\"><b>Visibilidade dupla:<\/b> \u00c0 luz do dia, parece uma impress\u00e3o branca\/amarela padr\u00e3o, mas se transforma automaticamente quando as luzes se apagam.<\/p>\n<\/li>\n<li>\n<p data-path-to-node=\"10,3,0\"><b>Evento pronto:<\/b> Um dos produtos mais vendidos em casas noturnas, festivais noturnos e eventos esportivos do tipo &quot;corrida neon&quot;.<\/p>\n<\/li>\n<\/ul>","protected":false},"featured_media":5906,"comment_status":"closed","ping_status":"closed","template":"","meta":[],"product_brand":[],"product_cat":[104,76],"product_tag":[],"class_list":{"0":"post-5686","1":"product","2":"type-product","3":"status-publish","4":"has-post-thumbnail","6":"product_cat-custom-printed-lanyards","7":"product_cat-glow-led-products","9":"first","10":"instock","11":"shipping-taxable","12":"product-type-simple"},"_links":{"self":[{"href":"https:\/\/displayproducts.eu\/pt\/wp-json\/wp\/v2\/product\/5686","targetHints":{"allow":["GET"]}}],"collection":[{"href":"https:\/\/displayproducts.eu\/pt\/wp-json\/wp\/v2\/product"}],"about":[{"href":"https:\/\/displayproducts.eu\/pt\/wp-json\/wp\/v2\/types\/product"}],"replies":[{"embeddable":true,"href":"https:\/\/displayproducts.eu\/pt\/wp-json\/wp\/v2\/comments?post=5686"}],"wp:featuredmedia":[{"embeddable":true,"href":"https:\/\/displayproducts.eu\/pt\/wp-json\/wp\/v2\/media\/5906"}],"wp:attachment":[{"href":"https:\/\/displayproducts.eu\/pt\/wp-json\/wp\/v2\/media?parent=5686"}],"wp:term":[{"taxonomy":"product_brand","embeddable":true,"href":"https:\/\/displayproducts.eu\/pt\/wp-json\/wp\/v2\/product_brand?post=5686"},{"taxonomy":"product_cat","embeddable":true,"href":"https:\/\/displayproducts.eu\/pt\/wp-json\/wp\/v2\/product_cat?post=5686"},{"taxonomy":"product_tag","embeddable":true,"href":"https:\/\/displayproducts.eu\/pt\/wp-json\/wp\/v2\/product_tag?post=5686"}],"curies":[{"name":"wp","href":"https:\/\/api.w.org\/{rel}","templated":true}]}}