{"id":5671,"date":"2025-12-10T12:33:03","date_gmt":"2025-12-10T09:33:03","guid":{"rendered":"https:\/\/wristbandfactory.eu\/?post_type=product&#038;p=5671"},"modified":"2026-04-01T21:52:35","modified_gmt":"2026-04-01T18:52:35","slug":"custom-canvas-webbing-belts-metal-plastic-buckles","status":"publish","type":"product","link":"https:\/\/displayproducts.eu\/pt\/p\/custom-canvas-webbing-belts-metal-plastic-buckles\/","title":{"rendered":"Cintos de lona personalizados \u2013 Fivela de metal ou pl\u00e1stico"},"content":{"rendered":"<p data-path-to-node=\"12\">Expanda sua linha de vestu\u00e1rio de marca com nossos produtos. <b>Cintos de lona personalizados<\/b>. Seja para uniformes de trabalho industriais ou para pe\u00e7as de vestu\u00e1rio urbano modernas, esses cintos oferecem uma oportunidade pr\u00e1tica e de alta visibilidade para a sua marca.<\/p>\n<p data-path-to-node=\"13\"><b>Dois estilos de fivela para combinar com a sua marca:<\/b><\/p>\n<ol start=\"1\" data-path-to-node=\"14\">\n<li>\n<p data-path-to-node=\"14,0,0\"><b>A norma \u201cWorkwear\u201d (Metal):<\/b> Como pode ser visto no nosso exemplo em Milwaukee, a fivela de metal oferece um toque de alta qualidade. Podemos gravar o seu logotipo diretamente no metal e preench\u00ea-lo com esmalte para um acabamento robusto e profissional.<\/p>\n<\/li>\n<li>\n<p data-path-to-node=\"14,1,0\"><b>Padr\u00e3o \u201cStreet\u201d (Pl\u00e1stico):<\/b> Para um visual mais leve e casual, escolha a fivela de pl\u00e1stico resistente. Ela \u00e9 dur\u00e1vel, n\u00e3o corrosiva e ideal para uso ativo.<\/p>\n<\/li>\n<\/ol>\n<p data-path-to-node=\"15\"><b>Por que escolher cintos personalizados?<\/b> Os cintos s\u00e3o itens de alta reten\u00e7\u00e3o \u2014 os destinat\u00e1rios os usam diariamente. Eles s\u00e3o essencialmente &quot;outdoors ambulantes&quot; para sua marca, especialmente eficazes para empresas de constru\u00e7\u00e3o, marcas de skate\/surf e fornecedores de uniformes.<\/p>\n<p data-path-to-node=\"16\"><b>Principais caracter\u00edsticas:<\/b><\/p>\n<ul data-path-to-node=\"17\">\n<li>\n<p data-path-to-node=\"17,0,0\"><b>Largura da al\u00e7a:<\/b> Larguras padr\u00e3o de 30 mm ou 38 mm.<\/p>\n<\/li>\n<li>\n<p data-path-to-node=\"17,1,0\"><b>Mecanismo de fivela:<\/b> Sistema de fixa\u00e7\u00e3o confi\u00e1vel com dentes que evita deslizamentos.<\/p>\n<\/li>\n<li>\n<p data-path-to-node=\"17,2,0\"><b>Personaliza\u00e7\u00e3o:<\/b> Logotipo na fivela (em relevo\/impresso) + op\u00e7\u00f5es de etiqueta tecida.<\/p>\n<\/li>\n<li>\n<p data-path-to-node=\"17,3,0\"><b>Embalagem:<\/b> Embalagem individual em saco pl\u00e1stico dispon\u00edvel para distribui\u00e7\u00e3o no varejo.<\/p>\n<\/li>\n<\/ul>","protected":false},"excerpt":{"rendered":"<ul>\n<li>\n<p data-path-to-node=\"10,0,0\"><b>Fitas de pesco\u00e7o de alta resist\u00eancia:<\/b> Fabricado em poli\u00e9ster grosso e resistente ou lona de algod\u00e3o, projetado para suportar o desgaste di\u00e1rio.<\/p>\n<\/li>\n<li>\n<p data-path-to-node=\"10,1,0\"><b>Op\u00e7\u00e3o com fivela de metal:<\/b> Fivela cl\u00e1ssica de metal estilo militar com abertura articulada, perfeita para logotipos em relevo (ex.: Milwaukee) e brindes corporativos.<\/p>\n<\/li>\n<li>\n<p data-path-to-node=\"10,2,0\"><b>Op\u00e7\u00e3o com fivela de pl\u00e1stico:<\/b> Fivela de pl\u00e1stico preto resistente e leve (estilo YKK) para um visual moderno ou ambientes que exigem alta seguran\u00e7a.<\/p>\n<\/li>\n<li>\n<p data-path-to-node=\"10,3,0\"><b>Totalmente ajust\u00e1vel:<\/b> O design com comprimento ajust\u00e1vel permite que o cinto se adapte facilmente a qualquer tamanho de cintura.<\/p>\n<\/li>\n<\/ul>","protected":false},"featured_media":5914,"comment_status":"closed","ping_status":"closed","template":"","meta":[],"product_brand":[],"product_cat":[127],"product_tag":[],"class_list":{"0":"post-5671","1":"product","2":"type-product","3":"status-publish","4":"has-post-thumbnail","6":"product_cat-custom-straps-belts","8":"first","9":"instock","10":"shipping-taxable","11":"product-type-simple"},"_links":{"self":[{"href":"https:\/\/displayproducts.eu\/pt\/wp-json\/wp\/v2\/product\/5671","targetHints":{"allow":["GET"]}}],"collection":[{"href":"https:\/\/displayproducts.eu\/pt\/wp-json\/wp\/v2\/product"}],"about":[{"href":"https:\/\/displayproducts.eu\/pt\/wp-json\/wp\/v2\/types\/product"}],"replies":[{"embeddable":true,"href":"https:\/\/displayproducts.eu\/pt\/wp-json\/wp\/v2\/comments?post=5671"}],"wp:featuredmedia":[{"embeddable":true,"href":"https:\/\/displayproducts.eu\/pt\/wp-json\/wp\/v2\/media\/5914"}],"wp:attachment":[{"href":"https:\/\/displayproducts.eu\/pt\/wp-json\/wp\/v2\/media?parent=5671"}],"wp:term":[{"taxonomy":"product_brand","embeddable":true,"href":"https:\/\/displayproducts.eu\/pt\/wp-json\/wp\/v2\/product_brand?post=5671"},{"taxonomy":"product_cat","embeddable":true,"href":"https:\/\/displayproducts.eu\/pt\/wp-json\/wp\/v2\/product_cat?post=5671"},{"taxonomy":"product_tag","embeddable":true,"href":"https:\/\/displayproducts.eu\/pt\/wp-json\/wp\/v2\/product_tag?post=5671"}],"curies":[{"name":"wp","href":"https:\/\/api.w.org\/{rel}","templated":true}]}}