{"id":5670,"date":"2025-12-10T12:24:00","date_gmt":"2025-12-10T09:24:00","guid":{"rendered":"https:\/\/wristbandfactory.eu\/?post_type=product&#038;p=5670"},"modified":"2026-04-01T21:52:03","modified_gmt":"2026-04-01T18:52:03","slug":"custom-neoprene-sunglasses-straps-floating-retainer","status":"publish","type":"product","link":"https:\/\/displayproducts.eu\/pt\/p\/custom-neoprene-sunglasses-straps-floating-retainer\/","title":{"rendered":"Fitas de pesco\u00e7o de neopreno para \u00f3culos \u2013 Flutuantes"},"content":{"rendered":"<p data-path-to-node=\"12\">Proteja seus \u00f3culos com estilo com nossos produtos. <b>Al\u00e7as de neoprene personalizadas para \u00f3culos de sol<\/b>. Tamb\u00e9m conhecidos como prendedores de \u00f3culos, estes s\u00e3o o item promocional perfeito para o ver\u00e3o, ideal para ag\u00eancias de viagens, equipes esportivas e marcas de produtos para atividades ao ar livre.<\/p>\n<p data-path-to-node=\"13\"><b>Feito para a\u00e7\u00e3o e \u00e1gua<\/b> Ao contr\u00e1rio de cordas finas, estas correias s\u00e3o feitas de neoprene de alta qualidade \u2014 o mesmo material usado em fatos de mergulho. Isto confere-lhes flutuabilidade natural, tornando-as <b>Ideal para esportes aqu\u00e1ticos<\/b>, viagens de pesca e festivais na praia. Se os copos ca\u00edrem na \u00e1gua, a al\u00e7a ajuda a mant\u00ea-los flutuando.<\/p>\n<p data-path-to-node=\"14\"><b>Identidade visual de alta visibilidade<\/b> O perfil largo da pulseira oferece uma excelente tela para a sua marca. Como pode ser visto nos exemplos, podemos executar:<\/p>\n<ol start=\"1\" data-path-to-node=\"15\">\n<li>\n<p data-path-to-node=\"15,0,0\"><b>Impress\u00e3o em cores especiais:<\/b> Logotipos fortes e claros para visibilidade corporativa (ex.: Allianz, Ole Miss).<\/p>\n<\/li>\n<li>\n<p data-path-to-node=\"15,1,0\"><b>Sublima\u00e7\u00e3o em cores plenas:<\/b> Padr\u00f5es e ilustra\u00e7\u00f5es vibrantes que preenchem toda a superf\u00edcie (por exemplo, golfinhos, temas n\u00e1uticos).<\/p>\n<\/li>\n<\/ol>\n<p data-path-to-node=\"16\"><b>Casos de uso recomendados:<\/b><\/p>\n<ul data-path-to-node=\"17\">\n<li>\n<p data-path-to-node=\"17,0,0\"><b>Festivais de Ver\u00e3o:<\/b> Um brinde pr\u00e1tico que os participantes usam imediatamente.<\/p>\n<\/li>\n<li>\n<p data-path-to-node=\"17,1,0\"><b>Retiros corporativos:<\/b> Ideal para eventos de integra\u00e7\u00e3o de equipes perto da \u00e1gua.<\/p>\n<\/li>\n<li>\n<p data-path-to-node=\"17,2,0\"><b>Produtos esportivos:<\/b> Identidade visual da universidade e da equipe para os f\u00e3s.<\/p>\n<\/li>\n<\/ul>\n<p data-path-to-node=\"18\"><b>Principais caracter\u00edsticas:<\/b><\/p>\n<ul data-path-to-node=\"19\">\n<li>\n<p data-path-to-node=\"19,0,0\"><b>Material:<\/b> 100% Neoprene (espuma SBR\/CR).<\/p>\n<\/li>\n<li>\n<p data-path-to-node=\"19,1,0\"><b>Tamanho:<\/b> Tamanho padr\u00e3o de aproximadamente 40 cm x 2,5 cm (Serve para a maioria dos adultos).<\/p>\n<\/li>\n<li>\n<p data-path-to-node=\"19,2,0\"><b>Imprimir:<\/b> Serigrafia ou sublima\u00e7\u00e3o por transfer\u00eancia t\u00e9rmica.<\/p>\n<\/li>\n<li>\n<p data-path-to-node=\"19,3,0\"><b>Fun\u00e7\u00e3o:<\/b> Antiderrapante, flutuante, de secagem r\u00e1pida.<\/p>\n<\/li>\n<\/ul>\n<h3 data-path-to-node=\"20\"><\/h3>","protected":false},"excerpt":{"rendered":"<ul>\n<li>\n<p data-path-to-node=\"10,0,0\"><b>Material flutuante:<\/b> Feito de neoprene macio e leve (material de roupa de mergulho) que ajuda os \u00f3culos a flutuarem na \u00e1gua.<\/p>\n<\/li>\n<li>\n<p data-path-to-node=\"10,1,0\"><b>Ajuste seguro:<\/b> As extremidades tubulares el\u00e1sticas prendem firmemente as arma\u00e7\u00f5es de \u00f3culos de sol padr\u00e3o, evitando que escorreguem durante as atividades.<\/p>\n<\/li>\n<li>\n<p data-path-to-node=\"10,2,0\"><b>Identidade visual completa:<\/b> Oferece uma grande \u00e1rea de impress\u00e3o para logotipos em negrito (ex.: Allianz, Ole Miss) ou padr\u00f5es coloridos.<\/p>\n<\/li>\n<li>\n<p data-path-to-node=\"10,3,0\"><b>Confort\u00e1vel:<\/b> O tecido macio \u00e9 confort\u00e1vel em contato com o pesco\u00e7o e seca rapidamente ap\u00f3s molhar.<\/p>\n<\/li>\n<\/ul>","protected":false},"featured_media":6673,"comment_status":"closed","ping_status":"closed","template":"","meta":[],"product_brand":[],"product_cat":[129,118,127],"product_tag":[],"class_list":{"0":"post-5670","1":"product","2":"type-product","3":"status-publish","4":"has-post-thumbnail","6":"product_cat-leisure-lifestyle","7":"product_cat-sports-fitness","8":"product_cat-custom-straps-belts","10":"first","11":"instock","12":"shipping-taxable","13":"product-type-simple"},"_links":{"self":[{"href":"https:\/\/displayproducts.eu\/pt\/wp-json\/wp\/v2\/product\/5670","targetHints":{"allow":["GET"]}}],"collection":[{"href":"https:\/\/displayproducts.eu\/pt\/wp-json\/wp\/v2\/product"}],"about":[{"href":"https:\/\/displayproducts.eu\/pt\/wp-json\/wp\/v2\/types\/product"}],"replies":[{"embeddable":true,"href":"https:\/\/displayproducts.eu\/pt\/wp-json\/wp\/v2\/comments?post=5670"}],"wp:featuredmedia":[{"embeddable":true,"href":"https:\/\/displayproducts.eu\/pt\/wp-json\/wp\/v2\/media\/6673"}],"wp:attachment":[{"href":"https:\/\/displayproducts.eu\/pt\/wp-json\/wp\/v2\/media?parent=5670"}],"wp:term":[{"taxonomy":"product_brand","embeddable":true,"href":"https:\/\/displayproducts.eu\/pt\/wp-json\/wp\/v2\/product_brand?post=5670"},{"taxonomy":"product_cat","embeddable":true,"href":"https:\/\/displayproducts.eu\/pt\/wp-json\/wp\/v2\/product_cat?post=5670"},{"taxonomy":"product_tag","embeddable":true,"href":"https:\/\/displayproducts.eu\/pt\/wp-json\/wp\/v2\/product_tag?post=5670"}],"curies":[{"name":"wp","href":"https:\/\/api.w.org\/{rel}","templated":true}]}}