{"id":5654,"date":"2025-12-10T12:17:37","date_gmt":"2025-12-10T09:17:37","guid":{"rendered":"https:\/\/wristbandfactory.eu\/?post_type=product&#038;p=5654"},"modified":"2026-04-01T21:52:35","modified_gmt":"2026-04-01T18:52:35","slug":"custom-printed-round-cord-lanyards-direct-text-branding","status":"publish","type":"product","link":"https:\/\/displayproducts.eu\/pt\/p\/custom-printed-round-cord-lanyards-direct-text-branding\/","title":{"rendered":"Fitas de pesco\u00e7o de pesco\u00e7o redondas com impress\u00e3o no cord\u00e3o"},"content":{"rendered":"<p data-path-to-node=\"12\">Destaque-se da multid\u00e3o com o nosso <b>Cord\u00f5es redondos personalizados com impress\u00e3o<\/b>. Ao contr\u00e1rio dos cord\u00f5es tradicionais que dependem de um crach\u00e1 de PVC separado para a marca, esta op\u00e7\u00e3o premium apresenta seu texto ou logotipo impresso diretamente na superf\u00edcie do pr\u00f3prio cord\u00e3o.<\/p>\n<p data-path-to-node=\"13\"><b>Minimalista e Moderno<\/b> Essa t\u00e9cnica cria um visual elegante e esportivo, popular entre empresas de tecnologia, marcas de artigos para atividades ao ar livre e escolas. O perfil arredondado (normalmente de 5 mm ou 8 mm) \u00e9 confort\u00e1vel para usar o dia todo e n\u00e3o se torce como fitas de pesco\u00e7o planas.<\/p>\n<p data-path-to-node=\"14\"><b>El\u00e1stico vs. Est\u00e1tico<\/b> Voc\u00ea pode escolher entre:<\/p>\n<ol start=\"1\" data-path-to-node=\"15\">\n<li>\n<p data-path-to-node=\"15,0,0\"><b>Poli\u00e9ster tubular:<\/b> Uma op\u00e7\u00e3o cl\u00e1ssica, dur\u00e1vel e que n\u00e3o estica, perfeita para cart\u00f5es de identifica\u00e7\u00e3o.<\/p>\n<\/li>\n<li>\n<p data-path-to-node=\"15,1,0\"><b>Cord\u00e3o el\u00e1stico:<\/b> Um material el\u00e1stico tipo &quot;bungee&quot; que adiciona um elemento t\u00e1til \u00fanico e flexibilidade.<\/p>\n<\/li>\n<\/ol>\n<p data-path-to-node=\"16\"><b>Casos de uso recomendados:<\/b><\/p>\n<ul data-path-to-node=\"17\">\n<li>\n<p data-path-to-node=\"17,0,0\"><b>Esportes e atividades ao ar livre:<\/b> O estilo robusto da corda combina perfeitamente com eventos esportivos.<\/p>\n<\/li>\n<li>\n<p data-path-to-node=\"17,1,0\"><b>Escolas e universidades:<\/b> Porta-crach\u00e1s sem impress\u00e3o e dur\u00e1veis para estudantes.<\/p>\n<\/li>\n<li>\n<p data-path-to-node=\"17,2,0\"><b>Produtos tecnol\u00f3gicos:<\/b> Uma alternativa moderna ao cord\u00e3o plano padr\u00e3o.<\/p>\n<\/li>\n<\/ul>\n<p data-path-to-node=\"18\"><b>Principais caracter\u00edsticas:<\/b><\/p>\n<ul data-path-to-node=\"19\">\n<li>\n<p data-path-to-node=\"19,0,0\"><b>Impress\u00e3o:<\/b> Impress\u00e3o em serigrafia ao redor da curvatura do cord\u00e3o.<\/p>\n<\/li>\n<li>\n<p data-path-to-node=\"19,1,0\"><b>Di\u00e2metro:<\/b> Dispon\u00edvel em espessuras de 5 mm, 8 mm ou personalizadas.<\/p>\n<\/li>\n<li>\n<p data-path-to-node=\"19,2,0\"><b>Ajustadores:<\/b> Bot\u00f5es deslizantes de pl\u00e1stico dispon\u00edveis para ajuste de tamanho.<\/p>\n<\/li>\n<li>\n<p data-path-to-node=\"19,3,0\"><b>Anexos:<\/b> Ganchos de metal resistentes ou la\u00e7os de corda delicados.<\/p>\n<\/li>\n<\/ul>","protected":false},"excerpt":{"rendered":"<ul data-path-to-node=\"10\">\n<li>\n<p data-path-to-node=\"10,0,0\"><b>Marca\u00e7\u00e3o direta:<\/b> Seu logotipo ou slogan \u00e9 impresso continuamente ao longo do cord\u00e3o circular, oferecendo visibilidade de 360 graus.<\/p>\n<\/li>\n<li>\n<p data-path-to-node=\"10,1,0\"><b>Op\u00e7\u00f5es de materiais:<\/b> Dispon\u00edvel em poli\u00e9ster tubular padr\u00e3o ou cord\u00e3o el\u00e1stico para maior funcionalidade.<\/p>\n<\/li>\n<li>\n<p data-path-to-node=\"10,2,0\"><b>Controles deslizantes inteligentes:<\/b> Inclui deslizadores ou &quot;bot\u00f5es&quot; de pl\u00e1stico ajust\u00e1veis para regular o comprimento ou manter o cabo organizado.<\/p>\n<\/li>\n<li>\n<p data-path-to-node=\"10,3,0\"><b>Clipes vers\u00e1teis:<\/b> Compat\u00edvel com mosquet\u00f5es de metal, ganchos girat\u00f3rios ou argolas para celular.<\/p>\n<\/li>\n<\/ul>","protected":false},"featured_media":6805,"comment_status":"closed","ping_status":"closed","template":"","meta":[],"product_brand":[],"product_cat":[125,104,108],"product_tag":[],"class_list":{"0":"post-5654","1":"product","2":"type-product","3":"status-publish","4":"has-post-thumbnail","6":"product_cat-cord-lanyards","7":"product_cat-custom-printed-lanyards","8":"product_cat-multifunctional-lanyards","10":"first","11":"instock","12":"shipping-taxable","13":"product-type-simple"},"_links":{"self":[{"href":"https:\/\/displayproducts.eu\/pt\/wp-json\/wp\/v2\/product\/5654","targetHints":{"allow":["GET"]}}],"collection":[{"href":"https:\/\/displayproducts.eu\/pt\/wp-json\/wp\/v2\/product"}],"about":[{"href":"https:\/\/displayproducts.eu\/pt\/wp-json\/wp\/v2\/types\/product"}],"replies":[{"embeddable":true,"href":"https:\/\/displayproducts.eu\/pt\/wp-json\/wp\/v2\/comments?post=5654"}],"wp:featuredmedia":[{"embeddable":true,"href":"https:\/\/displayproducts.eu\/pt\/wp-json\/wp\/v2\/media\/6805"}],"wp:attachment":[{"href":"https:\/\/displayproducts.eu\/pt\/wp-json\/wp\/v2\/media?parent=5654"}],"wp:term":[{"taxonomy":"product_brand","embeddable":true,"href":"https:\/\/displayproducts.eu\/pt\/wp-json\/wp\/v2\/product_brand?post=5654"},{"taxonomy":"product_cat","embeddable":true,"href":"https:\/\/displayproducts.eu\/pt\/wp-json\/wp\/v2\/product_cat?post=5654"},{"taxonomy":"product_tag","embeddable":true,"href":"https:\/\/displayproducts.eu\/pt\/wp-json\/wp\/v2\/product_tag?post=5654"}],"curies":[{"name":"wp","href":"https:\/\/api.w.org\/{rel}","templated":true}]}}