{"id":5642,"date":"2025-12-10T11:59:44","date_gmt":"2025-12-10T08:59:44","guid":{"rendered":"https:\/\/wristbandfactory.eu\/?post_type=product&#038;p=5642"},"modified":"2026-04-01T21:52:35","modified_gmt":"2026-04-01T18:52:35","slug":"natural-cork-lanyards-with-bottle-opener-eco-metal","status":"publish","type":"product","link":"https:\/\/displayproducts.eu\/pt\/p\/natural-cork-lanyards-with-bottle-opener-eco-metal\/","title":{"rendered":"Fitas de pesco\u00e7o de pesco\u00e7o de corti\u00e7a com abridor \u2013 Eco"},"content":{"rendered":"<p data-path-to-node=\"13\">Combine sustentabilidade com alta utilidade usando nossos produtos. <b>Cord\u00f5es de corti\u00e7a natural com abridor de garrafas<\/b>. Este produto une o conceito de marca ecologicamente consciente com a praticidade de produtos promocionais para eventos.<\/p>\n<p data-path-to-node=\"14\">Ao contr\u00e1rio dos cord\u00f5es de poli\u00e9ster padr\u00e3o, a al\u00e7a \u00e9 feita de <b>corti\u00e7a verdadeira<\/b>, conferindo-lhe um aspeto \u00fanico e org\u00e2nico e um toque suave na pele. O destaque deste modelo \u00e9 o <b>abridor de garrafas de metal integrado<\/b>, tornando-se um item de colecionador muito desejado pelos participantes de festivais e festas.<\/p>\n<p data-path-to-node=\"15\"><b>Por que escolher Cork + Opener?<\/b> Transmite uma mensagem dupla: sua marca se preocupa com o meio ambiente (Eco) e sabe como se divertir (Social). A estrutura met\u00e1lica resistente garante a durabilidade do produto por anos, mantendo sua marca em evid\u00eancia muito tempo depois do t\u00e9rmino do evento.<\/p>\n<p data-path-to-node=\"16\"><b>Casos de uso recomendados:<\/b><\/p>\n<ul data-path-to-node=\"17\">\n<li>\n<p data-path-to-node=\"17,0,0\"><b>Eventos de Alimentos e Bebidas:<\/b> Festivais de cerveja, degusta\u00e7\u00f5es de vinho e feiras de ver\u00e3o.<\/p>\n<\/li>\n<li>\n<p data-path-to-node=\"17,1,0\"><b>Campanhas ecol\u00f3gicas:<\/b> Marcas em busca de alternativas sem pl\u00e1stico.<\/p>\n<\/li>\n<li>\n<p data-path-to-node=\"17,2,0\"><b>Presentes VIP:<\/b> Um presente funcional que oferece um valor percebido superior ao de um cord\u00e3o comum.<\/p>\n<\/li>\n<\/ul>\n<p data-path-to-node=\"18\"><b>Principais caracter\u00edsticas:<\/b><\/p>\n<ul data-path-to-node=\"19\">\n<li>\n<p data-path-to-node=\"19,0,0\"><b>Material:<\/b> Base em corti\u00e7a natural genu\u00edna.<\/p>\n<\/li>\n<li>\n<p data-path-to-node=\"19,1,0\"><b>Anexo:<\/b> Abridor de garrafas de metal + gancho girat\u00f3rio (tipo clipe lagosta).<\/p>\n<\/li>\n<li>\n<p data-path-to-node=\"19,2,0\"><b>Personaliza\u00e7\u00e3o:<\/b> Dispon\u00edvel com serigrafia ou grava\u00e7\u00e3o a laser na corti\u00e7a.<\/p>\n<\/li>\n<li>\n<p data-path-to-node=\"19,3,0\"><b>Durabilidade:<\/b> Crimpagem met\u00e1lica refor\u00e7ada para uso di\u00e1rio intenso.<\/p>\n<\/li>\n<\/ul>","protected":false},"excerpt":{"rendered":"<ul data-path-to-node=\"11\">\n<li>\n<p data-path-to-node=\"11,0,0\"><b>Material ecol\u00f3gico:<\/b> Feito de corti\u00e7a natural e sustent\u00e1vel com uma textura macia e de alta qualidade.<\/p>\n<\/li>\n<li>\n<p data-path-to-node=\"11,1,0\"><b>Ferramenta integrada:<\/b> Possui um abridor de garrafas de metal resistente integrado diretamente na al\u00e7a.<\/p>\n<\/li>\n<li>\n<p data-path-to-node=\"11,2,0\"><b>Hardware Premium:<\/b> Com acabamento em terminais met\u00e1licos de alta qualidade e um gancho tipo garra de lagosta, eliminando pe\u00e7as pl\u00e1sticas baratas.<\/p>\n<\/li>\n<li>\n<p data-path-to-node=\"11,3,0\"><b>Evento pronto:<\/b> O acess\u00f3rio funcional perfeito para festivais de cerveja, eventos ao ar livre e marketing de bebidas.<\/p>\n<\/li>\n<\/ul>","protected":false},"featured_media":6557,"comment_status":"closed","ping_status":"closed","template":"","meta":[],"product_brand":[],"product_cat":[107,108,119],"product_tag":[],"class_list":{"0":"post-5642","1":"product","2":"type-product","3":"status-publish","4":"has-post-thumbnail","6":"product_cat-eco-friendly-lanyards","7":"product_cat-multifunctional-lanyards","8":"product_cat-drinkware-accessories","10":"first","11":"instock","12":"shipping-taxable","13":"product-type-simple"},"_links":{"self":[{"href":"https:\/\/displayproducts.eu\/pt\/wp-json\/wp\/v2\/product\/5642","targetHints":{"allow":["GET"]}}],"collection":[{"href":"https:\/\/displayproducts.eu\/pt\/wp-json\/wp\/v2\/product"}],"about":[{"href":"https:\/\/displayproducts.eu\/pt\/wp-json\/wp\/v2\/types\/product"}],"replies":[{"embeddable":true,"href":"https:\/\/displayproducts.eu\/pt\/wp-json\/wp\/v2\/comments?post=5642"}],"wp:featuredmedia":[{"embeddable":true,"href":"https:\/\/displayproducts.eu\/pt\/wp-json\/wp\/v2\/media\/6557"}],"wp:attachment":[{"href":"https:\/\/displayproducts.eu\/pt\/wp-json\/wp\/v2\/media?parent=5642"}],"wp:term":[{"taxonomy":"product_brand","embeddable":true,"href":"https:\/\/displayproducts.eu\/pt\/wp-json\/wp\/v2\/product_brand?post=5642"},{"taxonomy":"product_cat","embeddable":true,"href":"https:\/\/displayproducts.eu\/pt\/wp-json\/wp\/v2\/product_cat?post=5642"},{"taxonomy":"product_tag","embeddable":true,"href":"https:\/\/displayproducts.eu\/pt\/wp-json\/wp\/v2\/product_tag?post=5642"}],"curies":[{"name":"wp","href":"https:\/\/api.w.org\/{rel}","templated":true}]}}