{"id":5636,"date":"2025-12-10T11:51:32","date_gmt":"2025-12-10T08:51:32","guid":{"rendered":"https:\/\/wristbandfactory.eu\/?post_type=product&#038;p=5636"},"modified":"2026-04-01T21:52:35","modified_gmt":"2026-04-01T18:52:35","slug":"custom-camera-neck-straps-woven-printed-branding","status":"publish","type":"product","link":"https:\/\/displayproducts.eu\/pt\/p\/custom-camera-neck-straps-woven-printed-branding\/","title":{"rendered":"Correias para c\u00e2meras personalizadas \u2013 Tecidas ou impressas"},"content":{"rendered":"<p data-path-to-node=\"12\">Amplie sua cole\u00e7\u00e3o de produtos com nossos <b>Al\u00e7as de pesco\u00e7o personalizadas para c\u00e2meras<\/b>. Projetadas para est\u00fadios fotogr\u00e1ficos, marcas de tecnologia e lojas de presentes de museus, essas al\u00e7as oferecem um espa\u00e7o de marca valioso e vis\u00edvel sempre que uma foto \u00e9 tirada.<\/p>\n<p data-path-to-node=\"13\">Ao contr\u00e1rio de brindes baratos, estas s\u00e3o al\u00e7as de qualidade profissional. Voc\u00ea pode escolher o material e o m\u00e9todo que melhor se adequam \u00e0 sua marca:<\/p>\n<ol start=\"1\" data-path-to-node=\"14\">\n<li>\n<p data-path-to-node=\"14,0,0\"><b>Sublima\u00e7\u00e3o em poli\u00e9ster:<\/b> Ideal para gr\u00e1ficos complexos e coloridos, gradientes e fotos (por exemplo, florais ou estampas de animais).<\/p>\n<\/li>\n<li>\n<p data-path-to-node=\"14,1,0\"><b>Tecido Jacquard (Tecido):<\/b> Ideal para estilos &quot;vintage&quot; ou &quot;boho&quot;, onde a estampa \u00e9 tecida no tecido, conferindo textura e durabilidade.<\/p>\n<\/li>\n<\/ol>\n<p data-path-to-node=\"15\"><b>Por que vender al\u00e7as de c\u00e2mera de marca?<\/b> Fot\u00f3grafos adoram personalizar seus equipamentos. Uma al\u00e7a personalizada \u00e9 um acess\u00f3rio funcional que substitui a al\u00e7a padr\u00e3o e sem gra\u00e7a que acompanha a c\u00e2mera, tornando-se um excelente item para brindes corporativos ou revenda.<\/p>\n<p data-path-to-node=\"16\"><b>Principais caracter\u00edsticas:<\/b><\/p>\n<ul data-path-to-node=\"17\">\n<li>\n<p data-path-to-node=\"17,0,0\"><b>Materiais:<\/b> Misturas dur\u00e1veis de algod\u00e3o, poli\u00e9ster ou nylon.<\/p>\n<\/li>\n<li>\n<p data-path-to-node=\"17,1,0\"><b>Anexos:<\/b> Al\u00e7as de fixa\u00e7\u00e3o padr\u00e3o de 10 mm ou ganchos girat\u00f3rios de metal.<\/p>\n<\/li>\n<li>\n<p data-path-to-node=\"17,2,0\"><b>Comprimento ajust\u00e1vel:<\/b> Possui fivelas de pl\u00e1stico resistentes para ajuste, permitindo o transporte no pesco\u00e7o ou no ombro.<\/p>\n<\/li>\n<li>\n<p data-path-to-node=\"17,3,0\"><b>Ponteiras de couro:<\/b> Acabamento em PU ou couro leg\u00edtimo para maior durabilidade e estilo.<\/p>\n<\/li>\n<\/ul>","protected":false},"excerpt":{"rendered":"<ul>\n<li>\n<p data-path-to-node=\"10,0,0\"><b>Totalmente personaliz\u00e1vel:<\/b> Escolha entre impress\u00e3o por sublima\u00e7\u00e3o de alta defini\u00e7\u00e3o ou padr\u00f5es de tecido premium.<\/p>\n<\/li>\n<li>\n<p data-path-to-node=\"10,1,0\"><b>Acabamento Premium:<\/b> As extremidades s\u00e3o refor\u00e7adas com couro PU de alta qualidade ou couro genu\u00edno, para um visual pronto para venda no varejo.<\/p>\n<\/li>\n<li>\n<p data-path-to-node=\"10,2,0\"><b>Ajuste universal:<\/b> Os conectores de nylon ajust\u00e1veis s\u00e3o compat\u00edveis com quase todas as c\u00e2meras DSLR e mirrorless (Canon, Nikon, Sony, etc.).<\/p>\n<\/li>\n<li>\n<p data-path-to-node=\"10,3,0\"><b>Estilos vers\u00e1teis:<\/b> Dispon\u00edvel em estilos boho, vintage ou corporativo moderno, adaptados \u00e0 identidade da sua marca.<\/p>\n<\/li>\n<\/ul>","protected":false},"featured_media":5641,"comment_status":"closed","ping_status":"closed","template":"","meta":[],"product_brand":[],"product_cat":[127],"product_tag":[],"class_list":{"0":"post-5636","1":"product","2":"type-product","3":"status-publish","4":"has-post-thumbnail","6":"product_cat-custom-straps-belts","8":"first","9":"instock","10":"shipping-taxable","11":"product-type-simple"},"_links":{"self":[{"href":"https:\/\/displayproducts.eu\/pt\/wp-json\/wp\/v2\/product\/5636","targetHints":{"allow":["GET"]}}],"collection":[{"href":"https:\/\/displayproducts.eu\/pt\/wp-json\/wp\/v2\/product"}],"about":[{"href":"https:\/\/displayproducts.eu\/pt\/wp-json\/wp\/v2\/types\/product"}],"replies":[{"embeddable":true,"href":"https:\/\/displayproducts.eu\/pt\/wp-json\/wp\/v2\/comments?post=5636"}],"wp:featuredmedia":[{"embeddable":true,"href":"https:\/\/displayproducts.eu\/pt\/wp-json\/wp\/v2\/media\/5641"}],"wp:attachment":[{"href":"https:\/\/displayproducts.eu\/pt\/wp-json\/wp\/v2\/media?parent=5636"}],"wp:term":[{"taxonomy":"product_brand","embeddable":true,"href":"https:\/\/displayproducts.eu\/pt\/wp-json\/wp\/v2\/product_brand?post=5636"},{"taxonomy":"product_cat","embeddable":true,"href":"https:\/\/displayproducts.eu\/pt\/wp-json\/wp\/v2\/product_cat?post=5636"},{"taxonomy":"product_tag","embeddable":true,"href":"https:\/\/displayproducts.eu\/pt\/wp-json\/wp\/v2\/product_tag?post=5636"}],"curies":[{"name":"wp","href":"https:\/\/api.w.org\/{rel}","templated":true}]}}