{"id":5559,"date":"2025-11-17T00:22:15","date_gmt":"2025-11-16T21:22:15","guid":{"rendered":"https:\/\/wristbandfactory.eu\/?post_type=product&#038;p=5559"},"modified":"2026-04-01T21:52:35","modified_gmt":"2026-04-01T18:52:35","slug":"rechargeable-dmx-led-wristbands-type-c","status":"publish","type":"product","link":"https:\/\/displayproducts.eu\/pt\/p\/rechargeable-dmx-led-wristbands-type-c\/","title":{"rendered":"Pulseiras LED recarreg\u00e1veis"},"content":{"rendered":"<p data-path-to-node=\"10\">Transforme seu evento em uma produ\u00e7\u00e3o de ilumina\u00e7\u00e3o de classe mundial com nossa pulseira de LED mais avan\u00e7ada. O modelo DMX recarreg\u00e1vel foi projetado especificamente para turn\u00eas de alto n\u00edvel, grandes eventos corporativos e qualquer cliente B2B que exija controle preciso e absoluto. Indo al\u00e9m das baterias descart\u00e1veis, este modelo apresenta um sistema de carregamento sustent\u00e1vel Tipo-C, tornando-o a solu\u00e7\u00e3o mais econ\u00f4mica e ecol\u00f3gica para confer\u00eancias de v\u00e1rios dias. Com uma paleta de 256 cores dispon\u00edveis e integra\u00e7\u00e3o completa com software DMX, \u00e9 a escolha ideal para produtores de eventos profissionais em todo o mundo.<\/p>\n<h2 data-path-to-node=\"11\">Principais caracter\u00edsticas<\/h2>\n<ul data-path-to-node=\"12\">\n<li>\n<p data-path-to-node=\"12,0,0\"><b data-path-to-node=\"12,0,0\" data-index-in-node=\"0\">Recarreg\u00e1vel via USB Tipo C:<\/b> Sistema de energia moderno que suporta v\u00e1rios dias de uso intensivo sem a necessidade de substitui\u00e7\u00e3o da bateria.<\/p>\n<\/li>\n<li>\n<p data-path-to-node=\"12,1,0\"><b data-path-to-node=\"12,1,0\" data-index-in-node=\"0\">Controle total por DMX e software:<\/b> Permite sequ\u00eancias de ilumina\u00e7\u00e3o profissionais e complexas, gerenciadas por meio de mesas de ilumina\u00e7\u00e3o centralizadas ou software especializado.<\/p>\n<\/li>\n<li>\n<p data-path-to-node=\"12,2,0\"><b data-path-to-node=\"12,2,0\" data-index-in-node=\"0\">Espectro RGB de 256 cores:<\/b> Oferece uma gama de cores completa, muito al\u00e9m dos modelos padr\u00e3o de 15 cores, permitindo uma correspond\u00eancia precisa da marca e transi\u00e7\u00f5es art\u00edsticas.<\/p>\n<\/li>\n<li>\n<p data-path-to-node=\"12,3,0\"><b data-path-to-node=\"12,3,0\" data-index-in-node=\"0\">Garantia profissional de 2 anos:<\/b> Uma garantia de qualidade B2B dedicada, assegurando que seu investimento esteja protegido para uso a longo prazo.<\/p>\n<\/li>\n<li>\n<p data-path-to-node=\"12,4,0\"><b data-path-to-node=\"12,4,0\" data-index-in-node=\"0\">Seguran\u00e7a certificada:<\/b> Atende a todas as normas europeias CE e RoHS para materiais e seguran\u00e7a em ambientes profissionais.<\/p>\n<\/li>\n<\/ul>\n<h2 data-path-to-node=\"13\">Especifica\u00e7\u00f5es<\/h2>\n<ul data-path-to-node=\"14\">\n<li>\n<p data-path-to-node=\"14,0,0\"><b data-path-to-node=\"14,0,0\" data-index-in-node=\"0\">Material:<\/b> Carca\u00e7a em ABS de alto impacto e pulseira em PVC dur\u00e1vel.<\/p>\n<\/li>\n<li>\n<p data-path-to-node=\"14,1,0\"><b data-path-to-node=\"14,1,0\" data-index-in-node=\"0\">Tamanho da unidade:<\/b> 6,77 x 8,5 x 3,3 cm<\/p>\n<\/li>\n<li>\n<p data-path-to-node=\"14,2,0\"><b data-path-to-node=\"14,2,0\" data-index-in-node=\"0\">\u00c1rea de impress\u00e3o do logotipo:<\/b> 2 x 4 cm<\/p>\n<\/li>\n<li>\n<p data-path-to-node=\"14,3,0\"><b data-path-to-node=\"14,3,0\" data-index-in-node=\"0\">Comunica\u00e7\u00e3o:<\/b> RF 433MHz \/ DMX512 \/ Controle por Software \/ Bot\u00e3o Manual<\/p>\n<\/li>\n<li>\n<p data-path-to-node=\"14,4,0\"><b data-path-to-node=\"14,4,0\" data-index-in-node=\"0\">Poder:<\/b> Recarreg\u00e1vel via USB (Tipo C 5V-1A)<\/p>\n<\/li>\n<li>\n<p data-path-to-node=\"14,5,0\"><b data-path-to-node=\"14,5,0\" data-index-in-node=\"0\">Garantia:<\/b> 2 anos<\/p>\n<\/li>\n<li>\n<p data-path-to-node=\"14,6,0\"><b data-path-to-node=\"14,6,0\" data-index-in-node=\"0\">Certificados:<\/b> CE, RoHS<\/p>\n<\/li>\n<li>\n<p data-path-to-node=\"14,7,0\"><b data-path-to-node=\"14,7,0\" data-index-in-node=\"0\">Cores do LED:<\/b> Paleta RGB de 256 cores<\/p>\n<\/li>\n<\/ul>\n<h2 data-path-to-node=\"15\">Casos de uso<\/h2>\n<ul data-path-to-node=\"16\">\n<li>\n<p data-path-to-node=\"16,0,0\"><b data-path-to-node=\"16,0,0\" data-index-in-node=\"0\">Festivais de m\u00fasica com dura\u00e7\u00e3o de v\u00e1rios dias:<\/b> Elimina o desperd\u00edcio de baterias e permite que os organizadores recarreguem milhares de unidades durante a noite.<\/p>\n<\/li>\n<li>\n<p data-path-to-node=\"16,1,0\"><b data-path-to-node=\"16,1,0\" data-index-in-node=\"0\">Galas corporativas de alto padr\u00e3o:<\/b> Proporcionando o controle preciso da ilumina\u00e7\u00e3o necess\u00e1rio para combinar com paletas de cores complexas da marca e sincronizar com as revela\u00e7\u00f5es das apresenta\u00e7\u00f5es principais.<\/p>\n<\/li>\n<li>\n<p data-path-to-node=\"16,2,0\"><b data-path-to-node=\"16,2,0\" data-index-in-node=\"0\">Visitas guiadas profissionais a est\u00e1dios:<\/b> Dur\u00e1vel e confi\u00e1vel o suficiente para suportar uso repetido e recargas di\u00e1rias ao longo de v\u00e1rias datas de turn\u00ea.<\/p>\n<\/li>\n<li>\n<p data-path-to-node=\"16,3,0\"><b data-path-to-node=\"16,3,0\" data-index-in-node=\"0\">Hospitalidade VIP:<\/b> Uma lembran\u00e7a de alta tecnologia e qualidade superior que reflete um compromisso com a inova\u00e7\u00e3o e a sustentabilidade.<\/p>\n<\/li>\n<\/ul>\n<p data-path-to-node=\"17\">","protected":false},"excerpt":{"rendered":"<ul>\n<li>\n<p data-path-to-node=\"9,0,0\"><b data-path-to-node=\"9,0,0\" data-index-in-node=\"0\">Carregamento ecol\u00f3gico:<\/b> Possui uma moderna porta Type-C para recarga USB r\u00e1pida, eliminando o desperd\u00edcio de bateria e tornando-a ideal para eventos com dura\u00e7\u00e3o de v\u00e1rios dias.<\/p>\n<\/li>\n<li>\n<p data-path-to-node=\"9,1,0\"><b data-path-to-node=\"9,1,0\" data-index-in-node=\"0\">Controle de software profissional:<\/b> Totalmente compat\u00edvel com DMX512 e software especializado para controle preciso de ilumina\u00e7\u00e3o em escala de est\u00e1dio.<\/p>\n<\/li>\n<li>\n<p data-path-to-node=\"9,2,0\"><b data-path-to-node=\"9,2,0\" data-index-in-node=\"0\">Paleta de cores RGB com 256 op\u00e7\u00f5es:<\/b> Uma grande evolu\u00e7\u00e3o em rela\u00e7\u00e3o aos modelos padr\u00e3o, oferecendo um espectro completo de cores para espet\u00e1culos de luzes complexos e perfeitamente sincronizados.<\/p>\n<\/li>\n<li>\n<p data-path-to-node=\"9,3,0\"><b data-path-to-node=\"9,3,0\" data-index-in-node=\"0\">Confiabilidade Certificada:<\/b> Com garantia B2B de 2 anos e certifica\u00e7\u00e3o CE\/RoHS completa para produ\u00e7\u00e3o de eventos profissionais de alto n\u00edvel.<\/p>\n<\/li>\n<\/ul>","protected":false},"featured_media":5558,"comment_status":"closed","ping_status":"closed","template":"","meta":[],"product_brand":[],"product_cat":[80],"product_tag":[],"class_list":{"0":"post-5559","1":"product","2":"type-product","3":"status-publish","4":"has-post-thumbnail","6":"product_cat-led-wristbands","8":"first","9":"instock","10":"shipping-taxable","11":"purchasable","12":"product-type-simple"},"_links":{"self":[{"href":"https:\/\/displayproducts.eu\/pt\/wp-json\/wp\/v2\/product\/5559","targetHints":{"allow":["GET"]}}],"collection":[{"href":"https:\/\/displayproducts.eu\/pt\/wp-json\/wp\/v2\/product"}],"about":[{"href":"https:\/\/displayproducts.eu\/pt\/wp-json\/wp\/v2\/types\/product"}],"replies":[{"embeddable":true,"href":"https:\/\/displayproducts.eu\/pt\/wp-json\/wp\/v2\/comments?post=5559"}],"wp:featuredmedia":[{"embeddable":true,"href":"https:\/\/displayproducts.eu\/pt\/wp-json\/wp\/v2\/media\/5558"}],"wp:attachment":[{"href":"https:\/\/displayproducts.eu\/pt\/wp-json\/wp\/v2\/media?parent=5559"}],"wp:term":[{"taxonomy":"product_brand","embeddable":true,"href":"https:\/\/displayproducts.eu\/pt\/wp-json\/wp\/v2\/product_brand?post=5559"},{"taxonomy":"product_cat","embeddable":true,"href":"https:\/\/displayproducts.eu\/pt\/wp-json\/wp\/v2\/product_cat?post=5559"},{"taxonomy":"product_tag","embeddable":true,"href":"https:\/\/displayproducts.eu\/pt\/wp-json\/wp\/v2\/product_tag?post=5559"}],"curies":[{"name":"wp","href":"https:\/\/api.w.org\/{rel}","templated":true}]}}