{"id":5497,"date":"2025-11-15T16:43:25","date_gmt":"2025-11-15T13:43:25","guid":{"rendered":"https:\/\/wristbandfactory.eu\/?post_type=product&#038;p=5497"},"modified":"2026-04-01T21:52:35","modified_gmt":"2026-04-01T18:52:35","slug":"custom-printed-tyvek-wristbands","status":"publish","type":"product","link":"https:\/\/displayproducts.eu\/pt\/p\/custom-printed-tyvek-wristbands\/","title":{"rendered":"Pulseiras Tyvek personalizadas com impress\u00e3o (impress\u00e3o em 1 cor)"},"content":{"rendered":"<p data-path-to-node=\"12\">Garanta a seguran\u00e7a do seu evento e simplifique a gest\u00e3o de entradas com o nosso servi\u00e7o. <b data-path-to-node=\"12\" data-index-in-node=\"84\">Pulseiras Tyvek personalizadas com impress\u00e3o (1 cor)<\/b>. Projetadas para efici\u00eancia e pre\u00e7o acess\u00edvel, essas pulseiras s\u00e3o o padr\u00e3o da ind\u00fastria para festivais, shows, clubes e eventos corporativos que exigem controle de acesso confi\u00e1vel.<\/p>\n<p data-path-to-node=\"13\">Ao contr\u00e1rio das op\u00e7\u00f5es gen\u00e9ricas, nosso servi\u00e7o de impress\u00e3o personalizada permite que voc\u00ea adicione seu logotipo, nome do evento ou texto personalizado com alta defini\u00e7\u00e3o. <b data-path-to-node=\"13\" data-index-in-node=\"117\">Tinta preta ou branca<\/b>. Este m\u00e9todo de serigrafia de 1 cor oferece o equil\u00edbrio perfeito entre baixo custo e alta visibilidade, tornando-se a escolha ideal para classificar os participantes (por exemplo, VIP, Equipe, Entrada Geral) sem estourar o or\u00e7amento.<\/p>\n<h2 data-path-to-node=\"14\">Principais caracter\u00edsticas<\/h2>\n<ul data-path-to-node=\"15\">\n<li>\n<p data-path-to-node=\"15,0,0\"><b data-path-to-node=\"15,0,0\" data-index-in-node=\"0\">Solu\u00e7\u00e3o de impress\u00e3o econ\u00f4mica:<\/b> A serigrafia de alta velocidade em 1 cor (preto e branco) garante baixos custos unit\u00e1rios, sendo perfeita para eventos de grande escala.<\/p>\n<\/li>\n<li>\n<p data-path-to-node=\"15,1,0\"><b data-path-to-node=\"15,1,0\" data-index-in-node=\"0\">Seguran\u00e7a \u00e0 prova de adultera\u00e7\u00e3o:<\/b> Cada pulseira possui um fecho adesivo recortado que se rompe caso haja tentativa de remo\u00e7\u00e3o, evitando a transfer\u00eancia e a perda de receita.<\/p>\n<\/li>\n<li>\n<p data-path-to-node=\"15,2,0\"><b data-path-to-node=\"15,2,0\" data-index-in-node=\"0\">Numera\u00e7\u00e3o sequencial:<\/b> Todas as pulseiras v\u00eam pr\u00e9-impressas com n\u00fameros de s\u00e9rie exclusivos para ajudar voc\u00ea a controlar a presen\u00e7a e auditar a venda de ingressos.<\/p>\n<\/li>\n<li>\n<p data-path-to-node=\"15,3,1\"><span data-path-to-node=\"15,3,1,0\"><b data-path-to-node=\"15,3,1,0\" data-index-in-node=\"0\"><span class=\"citation-19\">Tyvek\u00ae genu\u00edno da DuPont\u2122:<\/span><\/b><span class=\"citation-19\"> Utilizamos apenas materiais aut\u00eanticos, leves, totalmente imperme\u00e1veis e resistentes a rasgos, para at\u00e9 5 dias de uso. <\/span><\/span><\/p>\n<\/li>\n<li>\n<p data-path-to-node=\"15,4,0\"><b data-path-to-node=\"15,4,0\" data-index-in-node=\"0\">Ampla gama de cores:<\/b> A estampa preta se destaca com ousadia em meio \u00e0 nossa ampla sele\u00e7\u00e3o de cores de base neon, met\u00e1licas e s\u00f3lidas.<\/p>\n<\/li>\n<\/ul>\n<h2 data-path-to-node=\"16\">Especifica\u00e7\u00f5es<\/h2>\n<ul data-path-to-node=\"17\">\n<li>\n<p data-path-to-node=\"17,0,1\"><span data-path-to-node=\"17,0,1,0\"><b data-path-to-node=\"17,0,1,0\" data-index-in-node=\"0\"><span class=\"citation-18\">Material:<\/span><\/b><span class=\"citation-18\"> DuPont\u2122 Tyvek\u00ae (Polietileno de alta densidade recicl\u00e1vel). <\/span><\/span><\/p>\n<\/li>\n<li>\n<p data-path-to-node=\"17,1,0\"><b data-path-to-node=\"17,1,0\" data-index-in-node=\"0\">Tipo de impress\u00e3o:<\/b> Serigrafia de 1 cor (padr\u00e3o: tinta preta).<\/p>\n<\/li>\n<li>\n<p data-path-to-node=\"17,2,0\"><b data-path-to-node=\"17,2,0\" data-index-in-node=\"0\">Tamanho:<\/b> Largura padr\u00e3o de 19 mm ou 25 mm (comprimento ajust\u00e1vel).<\/p>\n<\/li>\n<li>\n<p data-path-to-node=\"17,3,0\"><b data-path-to-node=\"17,3,0\" data-index-in-node=\"0\">Encerramento:<\/b> Adesivo inviol\u00e1vel de uso \u00fanico.<\/p>\n<\/li>\n<li>\n<p data-path-to-node=\"17,4,0\"><b data-path-to-node=\"17,4,0\" data-index-in-node=\"0\">Durabilidade:<\/b> Resistente \u00e0 \u00e1gua e a rasgos, adequado para uso de 1 a 5 dias.<\/p>\n<\/li>\n<\/ul>\n<h2 data-path-to-node=\"18\">Casos de uso<\/h2>\n<ul data-path-to-node=\"19\">\n<li>\n<p data-path-to-node=\"19,0,0\"><b data-path-to-node=\"19,0,0\" data-index-in-node=\"0\">Controle de port\u00e3o:<\/b> Identifica\u00e7\u00e3o visual r\u00e1pida de clientes pagantes em casas noturnas e bares.<\/p>\n<\/li>\n<li>\n<p data-path-to-node=\"19,1,0\"><b data-path-to-node=\"19,1,0\" data-index-in-node=\"0\">Gest\u00e3o de multid\u00f5es:<\/b> Texto distintivo (ex.: \u201cEQUIPE\u201d, \u201cARTISTA\u201d) para \u00e1reas restritas.<\/p>\n<\/li>\n<li>\n<p data-path-to-node=\"19,2,0\"><b data-path-to-node=\"19,2,0\" data-index-in-node=\"0\">Grandes festivais:<\/b> A forma mais econ\u00f4mica de garantir a presen\u00e7a de milhares de participantes.<\/p>\n<\/li>\n<li>\n<p data-path-to-node=\"19,3,0\"><b data-path-to-node=\"19,3,0\" data-index-in-node=\"0\">Guarda-volumes e bilheteria:<\/b> Utilizando n\u00fameros sequenciais para verificar a capacidade.<\/p>\n<\/li>\n<\/ul>","protected":false},"excerpt":{"rendered":"<ul>\n<li>\n<p data-path-to-node=\"11,0,1\"><span data-path-to-node=\"11,0,1,0\"><b data-path-to-node=\"11,0,1,0\" data-index-in-node=\"0\"><span class=\"citation-22\">Identidade visual com boa rela\u00e7\u00e3o custo-benef\u00edcio:<\/span><\/b><span class=\"citation-22\"> Impress\u00e3o serigr\u00e1fica n\u00edtida em 1 cor (preto ou branco), ideal para logotipos e texto.<\/span><\/span><\/p>\n<\/li>\n<li>\n<p data-path-to-node=\"11,1,1\"><span data-path-to-node=\"11,1,1,0\"><b data-path-to-node=\"11,1,1,0\" data-index-in-node=\"0\"><span class=\"citation-21\">Alta seguran\u00e7a:<\/span><\/b><span class=\"citation-21\"> Pr\u00e9-numerados com n\u00fameros de s\u00e9rie sequenciais e adesivo inviol\u00e1vel. <\/span><\/span><\/p>\n<\/li>\n<li>\n<p data-path-to-node=\"11,2,1\"><span data-path-to-node=\"11,2,1,0\"><b data-path-to-node=\"11,2,1,0\" data-index-in-node=\"0\"><span class=\"citation-20\">Material dur\u00e1vel:<\/span><\/b><span class=\"citation-20\"> Fabricado com DuPont\u2122 Tyvek\u00ae genu\u00edno \u2013 imperme\u00e1vel e resistente a rasgos. <\/span><\/span><\/p>\n<\/li>\n<li>\n<p data-path-to-node=\"11,3,0\"><b data-path-to-node=\"11,3,0\" data-index-in-node=\"0\">Produ\u00e7\u00e3o r\u00e1pida:<\/b> A solu\u00e7\u00e3o personalizada mais r\u00e1pida para prazos apertados.<\/p>\n<\/li>\n<\/ul>","protected":false},"featured_media":6108,"comment_status":"closed","ping_status":"closed","template":"","meta":[],"product_brand":[],"product_cat":[41],"product_tag":[],"class_list":{"0":"post-5497","1":"product","2":"type-product","3":"status-publish","4":"has-post-thumbnail","6":"product_cat-tyvek","8":"first","9":"instock","10":"shipping-taxable","11":"purchasable","12":"product-type-simple"},"_links":{"self":[{"href":"https:\/\/displayproducts.eu\/pt\/wp-json\/wp\/v2\/product\/5497","targetHints":{"allow":["GET"]}}],"collection":[{"href":"https:\/\/displayproducts.eu\/pt\/wp-json\/wp\/v2\/product"}],"about":[{"href":"https:\/\/displayproducts.eu\/pt\/wp-json\/wp\/v2\/types\/product"}],"replies":[{"embeddable":true,"href":"https:\/\/displayproducts.eu\/pt\/wp-json\/wp\/v2\/comments?post=5497"}],"wp:featuredmedia":[{"embeddable":true,"href":"https:\/\/displayproducts.eu\/pt\/wp-json\/wp\/v2\/media\/6108"}],"wp:attachment":[{"href":"https:\/\/displayproducts.eu\/pt\/wp-json\/wp\/v2\/media?parent=5497"}],"wp:term":[{"taxonomy":"product_brand","embeddable":true,"href":"https:\/\/displayproducts.eu\/pt\/wp-json\/wp\/v2\/product_brand?post=5497"},{"taxonomy":"product_cat","embeddable":true,"href":"https:\/\/displayproducts.eu\/pt\/wp-json\/wp\/v2\/product_cat?post=5497"},{"taxonomy":"product_tag","embeddable":true,"href":"https:\/\/displayproducts.eu\/pt\/wp-json\/wp\/v2\/product_tag?post=5497"}],"curies":[{"name":"wp","href":"https:\/\/api.w.org\/{rel}","templated":true}]}}