{"id":5409,"date":"2025-11-13T17:32:46","date_gmt":"2025-11-13T14:32:46","guid":{"rendered":"https:\/\/wristbandfactory.eu\/?post_type=product&#038;p=5409"},"modified":"2026-04-01T21:52:03","modified_gmt":"2026-04-01T18:52:03","slug":"charging-cable-with-rpet-phone-strap-60w-usb-c","status":"publish","type":"product","link":"https:\/\/displayproducts.eu\/pt\/p\/charging-cable-with-rpet-phone-strap-60w-usb-c\/","title":{"rendered":"Cabo de carregamento com al\u00e7a para celular em rPET (USB-C de 60 W)"},"content":{"rendered":"<p><span style=\"font-family: -apple-system, BlinkMacSystemFont, 'Segoe UI', Roboto, 'Helvetica Neue', Arial, 'Noto Sans', sans-serif, 'Apple Color Emoji', 'Segoe UI Emoji', 'Segoe UI Symbol', 'Noto Color Emoji';\">Ofere\u00e7a um item tecnol\u00f3gico verdadeiramente pr\u00e1tico e sustent\u00e1vel em sua pr\u00f3xima feira comercial ou evento corporativo. Este inovador cabo de carregamento 2 em 1 \u00e9 mais do que apenas uma fonte de energia; \u00e9 uma al\u00e7a resistente para celular, garantindo que sua marca permane\u00e7a conectada e vis\u00edvel.<\/span><\/p>\n<p>O n\u00facleo deste produto \u00e9 um cabo USB Tipo-C para Tipo-C de alto desempenho, com 60 W de pot\u00eancia, que suporta tanto carregamento r\u00e1pido quanto transfer\u00eancia de dados em alta velocidade. O cabo tran\u00e7ado \u00e9 fabricado com PET reciclado (rPET), o que agrada a clientes e parceiros com consci\u00eancia ecol\u00f3gica. Sua fun\u00e7\u00e3o secund\u00e1ria \u00e9 servir como uma al\u00e7a resistente para celular, compat\u00edvel com a maioria das capas. A al\u00e7a \u00e9 leve, ajust\u00e1vel e incrivelmente dur\u00e1vel, testada para suportar at\u00e9 8 kg.<\/p>\n<p>Este cabo de carregamento multifuncional \u00e9 uma excelente ferramenta promocional para empresas de tecnologia, confer\u00eancias corporativas e ag\u00eancias de marketing. Ao personalizar a resistente estrutura de alum\u00ednio com a sua marca, voc\u00ea oferece aos participantes um item \u00fatil que eles usar\u00e3o muito depois do evento, maximizando a exposi\u00e7\u00e3o da marca.<\/p>\n<p><b>Principais caracter\u00edsticas:<\/b><\/p>\n<ul>\n<li><b>Carregamento r\u00e1pido de 60 W:<\/b> O cabo USB-C para USB-C de alta velocidade carrega dispositivos rapidamente e suporta transfer\u00eancia de dados.<\/li>\n<li><b>Al\u00e7a de celular resistente:<\/b> Funciona como uma pulseira de m\u00e3os livres, testada para suportar com seguran\u00e7a at\u00e9 8 kg.<\/li>\n<li><b>Material ecol\u00f3gico:<\/b> Cabo tran\u00e7ado feito de garrafas rPET recicladas, ideal para marcas focadas em sustentabilidade.<\/li>\n<li><b>Compatibilidade universal:<\/b> Projetado para funcionar com a maioria das capas de celular, fixando-se facilmente para uso imediato.<\/li>\n<li><b>Vers\u00e3o Premium:<\/b> Apresenta conectores de alum\u00ednio dur\u00e1veis, perfeitos para grava\u00e7\u00e3o a laser do seu logotipo.<\/li>\n<\/ul>","protected":false},"excerpt":{"rendered":"<ul>\n<li>Uma solu\u00e7\u00e3o 3 em 1: al\u00e7a de pulso para celular, cabo de carregamento r\u00e1pido de 60 W e cabo de transfer\u00eancia de dados.<\/li>\n<li>Fabricado com material tran\u00e7ado sustent\u00e1vel de rPET-Nylon.<\/li>\n<li>Possui conectores Tipo C para Tipo C para dispositivos modernos.<\/li>\n<li>Um item promocional de grande utilidade para confer\u00eancias de tecnologia e eventos corporativos.<\/li>\n<\/ul>","protected":false},"featured_media":6681,"comment_status":"closed","ping_status":"closed","template":"","meta":[],"product_brand":[],"product_cat":[128],"product_tag":[],"class_list":{"0":"post-5409","1":"product","2":"type-product","3":"status-publish","4":"has-post-thumbnail","6":"product_cat-mobile-tech-accessories","8":"first","9":"instock","10":"shipping-taxable","11":"purchasable","12":"product-type-simple"},"_links":{"self":[{"href":"https:\/\/displayproducts.eu\/pt\/wp-json\/wp\/v2\/product\/5409","targetHints":{"allow":["GET"]}}],"collection":[{"href":"https:\/\/displayproducts.eu\/pt\/wp-json\/wp\/v2\/product"}],"about":[{"href":"https:\/\/displayproducts.eu\/pt\/wp-json\/wp\/v2\/types\/product"}],"replies":[{"embeddable":true,"href":"https:\/\/displayproducts.eu\/pt\/wp-json\/wp\/v2\/comments?post=5409"}],"wp:featuredmedia":[{"embeddable":true,"href":"https:\/\/displayproducts.eu\/pt\/wp-json\/wp\/v2\/media\/6681"}],"wp:attachment":[{"href":"https:\/\/displayproducts.eu\/pt\/wp-json\/wp\/v2\/media?parent=5409"}],"wp:term":[{"taxonomy":"product_brand","embeddable":true,"href":"https:\/\/displayproducts.eu\/pt\/wp-json\/wp\/v2\/product_brand?post=5409"},{"taxonomy":"product_cat","embeddable":true,"href":"https:\/\/displayproducts.eu\/pt\/wp-json\/wp\/v2\/product_cat?post=5409"},{"taxonomy":"product_tag","embeddable":true,"href":"https:\/\/displayproducts.eu\/pt\/wp-json\/wp\/v2\/product_tag?post=5409"}],"curies":[{"name":"wp","href":"https:\/\/api.w.org\/{rel}","templated":true}]}}