{"id":5406,"date":"2025-11-13T17:14:36","date_gmt":"2025-11-13T14:14:36","guid":{"rendered":"https:\/\/wristbandfactory.eu\/?post_type=product&#038;p=5406"},"modified":"2026-04-01T21:52:03","modified_gmt":"2026-04-01T18:52:03","slug":"microfiber-wristbands-with-zipper","status":"publish","type":"product","link":"https:\/\/displayproducts.eu\/pt\/p\/microfiber-wristbands-with-zipper\/","title":{"rendered":"Pulseiras de microfibra com z\u00edper"},"content":{"rendered":"<p>Ofere\u00e7a aos participantes do seu evento ou \u00e0 sua equipe um item promocional pr\u00e1tico e de grande visibilidade. <span class=\"citation-205 citation-end-205\">Nossas pulseiras de microfibra possuem um bolso com z\u00edper integrado, oferecendo uma maneira segura de carregar chaves, dinheiro ou pequenos objetos de valor durante esportes, festivais e outras atividades de lazer.<\/span>.<\/p>\n<p><span class=\"citation-204 citation-end-204\">Feita de um material de microfibra resistente, por\u00e9m macio, esta pulseira proporciona um ajuste confort\u00e1vel e firme para uso durante todo o dia.<\/span>. <span class=\"citation-203 citation-end-203\">O bolso com z\u00edper na mesma cor foi projetado para personaliza\u00e7\u00e3o, oferecendo uma \u00e1rea de impress\u00e3o de 5,5 x 4 cm para o logotipo da sua empresa ou para a identidade visual do seu evento, utilizando serigrafia ou transfer\u00eancia serigr\u00e1fica dur\u00e1vel.<\/span><\/p>\n<p>Ideal para programas de bem-estar corporativo, patroc\u00ednios de academias, brindes em feiras comerciais ou como um item funcional para participantes de festivais, esta carteira de pulso garante que sua marca permane\u00e7a vis\u00edvel em qualquer lugar.<\/p>\n<p><b>Principais caracter\u00edsticas:<\/b><\/p>\n<ul>\n<li><b><span class=\"citation-202\">Bolso com z\u00edper seguro:<\/span><\/b><span class=\"citation-202 citation-end-202\"> Possui um bolso integrado com z\u00edper da mesma cor para armazenamento seguro.<\/span>.<\/li>\n<li><b><span class=\"citation-201\">Material de microfibra macia:<\/span><\/b><span class=\"citation-201 citation-end-201\"> Feito de microfibra resistente e macia, ideal para esportes e lazer.<\/span>.<\/li>\n<li><b><span class=\"citation-200\">Ajuste firme e confort\u00e1vel:<\/span><\/b><span class=\"citation-200 citation-end-200\"> Com dimens\u00f5es de 10 x 9 cm, oferece um ajuste perfeito e confort\u00e1vel para uso ativo.<\/span>.<\/li>\n<li><b><span class=\"citation-199\">\u00c1rea de personaliza\u00e7\u00e3o da marca:<\/span><\/b><span class=\"citation-199 citation-end-199\"> Oferece uma \u00e1rea de impress\u00e3o de 5,5 x 4 cm no bolso para o seu logotipo.<\/span>.<\/li>\n<li><b><span class=\"citation-198\">Cores vibrantes:<\/span><\/b><span class=\"citation-198 citation-end-198\"> Dispon\u00edvel em v\u00e1rios tons vibrantes para combinar com a identidade da sua marca.<\/span>.<\/li>\n<\/ul>","protected":false},"excerpt":{"rendered":"<ul>\n<li><span class=\"citation-209 citation-end-209\">Possui um bolso com z\u00edper seguro para chaves, dinheiro ou pequenos objetos.<\/span>.<\/li>\n<li><span class=\"citation-208 citation-end-208\">Feito de microfibra macia e dur\u00e1vel, ideal para esportes e atividades f\u00edsicas.<\/span>.<\/li>\n<li><span class=\"citation-207 citation-end-207\">Ampla \u00e1rea de impress\u00e3o de 5,5 x 4 cm no bolso para o seu logotipo.<\/span>.\n<div class=\"source-inline-chip-container ng-star-inserted\"><\/div>\n<\/li>\n<li><span class=\"citation-206 citation-end-206\">Dispon\u00edvel em uma variedade de cores vibrantes para combinar com a sua marca.<\/span><\/li>\n<\/ul>","protected":false},"featured_media":6414,"comment_status":"closed","ping_status":"closed","template":"","meta":[],"product_brand":[],"product_cat":[66,118,122],"product_tag":[],"class_list":{"0":"post-5406","1":"product","2":"type-product","3":"status-publish","4":"has-post-thumbnail","6":"product_cat-wristbands","7":"product_cat-sports-fitness","8":"product_cat-promotional-accessories","10":"first","11":"instock","12":"shipping-taxable","13":"purchasable","14":"product-type-simple"},"_links":{"self":[{"href":"https:\/\/displayproducts.eu\/pt\/wp-json\/wp\/v2\/product\/5406","targetHints":{"allow":["GET"]}}],"collection":[{"href":"https:\/\/displayproducts.eu\/pt\/wp-json\/wp\/v2\/product"}],"about":[{"href":"https:\/\/displayproducts.eu\/pt\/wp-json\/wp\/v2\/types\/product"}],"replies":[{"embeddable":true,"href":"https:\/\/displayproducts.eu\/pt\/wp-json\/wp\/v2\/comments?post=5406"}],"wp:featuredmedia":[{"embeddable":true,"href":"https:\/\/displayproducts.eu\/pt\/wp-json\/wp\/v2\/media\/6414"}],"wp:attachment":[{"href":"https:\/\/displayproducts.eu\/pt\/wp-json\/wp\/v2\/media?parent=5406"}],"wp:term":[{"taxonomy":"product_brand","embeddable":true,"href":"https:\/\/displayproducts.eu\/pt\/wp-json\/wp\/v2\/product_brand?post=5406"},{"taxonomy":"product_cat","embeddable":true,"href":"https:\/\/displayproducts.eu\/pt\/wp-json\/wp\/v2\/product_cat?post=5406"},{"taxonomy":"product_tag","embeddable":true,"href":"https:\/\/displayproducts.eu\/pt\/wp-json\/wp\/v2\/product_tag?post=5406"}],"curies":[{"name":"wp","href":"https:\/\/api.w.org\/{rel}","templated":true}]}}