{"id":5404,"date":"2025-11-13T17:06:02","date_gmt":"2025-11-13T14:06:02","guid":{"rendered":"https:\/\/wristbandfactory.eu\/?post_type=product&#038;p=5404"},"modified":"2026-04-01T21:52:03","modified_gmt":"2026-04-01T18:52:03","slug":"rpet-phone-strap-with-60w-data-cable","status":"publish","type":"product","link":"https:\/\/displayproducts.eu\/pt\/p\/rpet-phone-strap-with-60w-data-cable\/","title":{"rendered":"Al\u00e7a para celular em RPET com cabo de dados de 60 W"},"content":{"rendered":"<p>Ofere\u00e7a um brinde promocional \u00fatil e sustent\u00e1vel em sua pr\u00f3xima confer\u00eancia de tecnologia ou evento corporativo. A VRIST \u00e9 uma pulseira multifuncional projetada para profissionais modernos, que combina a praticidade de usar as m\u00e3os livres com recursos essenciais de carregamento.<\/p>\n<p>A al\u00e7a de 45 cm \u00e9 feita de RPET (PET reciclado), um material ecol\u00f3gico que destaca o compromisso da sua marca com a sustentabilidade. Ela funciona como um suporte seguro para celular, permitindo que os participantes mantenham seus dispositivos sempre \u00e0 m\u00e3o.<\/p>\n<p>A fun\u00e7\u00e3o principal da pulseira \u00e9 uma poderosa <b>Cabo Tipo C para Tipo C de 60 W<\/b>, suportando carregamento de alta velocidade e <b>transfer\u00eancia de dados<\/b>. Isso torna este produto um brinde incrivelmente pr\u00e1tico para o p\u00fablico antenado em tecnologia. Um clipe para chaves adiciona funcionalidade extra. Este produto \u00e9 fabricado em uma f\u00e1brica da amfori com certifica\u00e7\u00e3o BSCI, garantindo uma cadeia de suprimentos respons\u00e1vel.<\/p>\n<p><b>Principais caracter\u00edsticas:<\/b><\/p>\n<ul>\n<li><b>Design multifuncional:<\/b> Serve como suporte para celular em formato de pulseira, cabo de dados de alta velocidade e prendedor de chaves.<\/li>\n<li><b>Material ecol\u00f3gico:<\/b> A pulseira \u00e9 feita de PET reciclado (RPET), demonstrando a sustentabilidade corporativa.<\/li>\n<li><b>Pot\u00eancia e dados de 60 W:<\/b> O cabo USB-C para USB-C de alta velocidade (60 W) suporta tanto carregamento r\u00e1pido quanto transfer\u00eancia de dados.<\/li>\n<li><b>Utiliza\u00e7\u00e3o do sistema m\u00e3os-livres em eventos:<\/b> Permite que os participantes mantenham seus telefones e chaves seguros e acess\u00edveis.<\/li>\n<li><b>Fornecimento respons\u00e1vel:<\/b> Fabricado em uma f\u00e1brica da amfori com certifica\u00e7\u00e3o BSCI.<\/li>\n<\/ul>","protected":false},"excerpt":{"rendered":"<ul>\n<li>Al\u00e7a ecol\u00f3gica feita de material PET reciclado (RPET).<\/li>\n<li>Cabo USB-C para USB-C de alta velocidade (60 W) para carregamento e transfer\u00eancia de dados.<\/li>\n<li>Funciona como uma pulseira suporte para celular, oferecendo praticidade para uso com as m\u00e3os livres em eventos.<\/li>\n<li>Inclui um clipe para chaves, oferecendo maior praticidade.<\/li>\n<\/ul>","protected":false},"featured_media":6666,"comment_status":"closed","ping_status":"closed","template":"","meta":[],"product_brand":[],"product_cat":[128],"product_tag":[],"class_list":{"0":"post-5404","1":"product","2":"type-product","3":"status-publish","4":"has-post-thumbnail","6":"product_cat-mobile-tech-accessories","8":"first","9":"instock","10":"shipping-taxable","11":"purchasable","12":"product-type-simple"},"_links":{"self":[{"href":"https:\/\/displayproducts.eu\/pt\/wp-json\/wp\/v2\/product\/5404","targetHints":{"allow":["GET"]}}],"collection":[{"href":"https:\/\/displayproducts.eu\/pt\/wp-json\/wp\/v2\/product"}],"about":[{"href":"https:\/\/displayproducts.eu\/pt\/wp-json\/wp\/v2\/types\/product"}],"replies":[{"embeddable":true,"href":"https:\/\/displayproducts.eu\/pt\/wp-json\/wp\/v2\/comments?post=5404"}],"wp:featuredmedia":[{"embeddable":true,"href":"https:\/\/displayproducts.eu\/pt\/wp-json\/wp\/v2\/media\/6666"}],"wp:attachment":[{"href":"https:\/\/displayproducts.eu\/pt\/wp-json\/wp\/v2\/media?parent=5404"}],"wp:term":[{"taxonomy":"product_brand","embeddable":true,"href":"https:\/\/displayproducts.eu\/pt\/wp-json\/wp\/v2\/product_brand?post=5404"},{"taxonomy":"product_cat","embeddable":true,"href":"https:\/\/displayproducts.eu\/pt\/wp-json\/wp\/v2\/product_cat?post=5404"},{"taxonomy":"product_tag","embeddable":true,"href":"https:\/\/displayproducts.eu\/pt\/wp-json\/wp\/v2\/product_tag?post=5404"}],"curies":[{"name":"wp","href":"https:\/\/api.w.org\/{rel}","templated":true}]}}