{"id":5402,"date":"2025-11-13T16:55:11","date_gmt":"2025-11-13T13:55:11","guid":{"rendered":"https:\/\/wristbandfactory.eu\/?post_type=product&#038;p=5402"},"modified":"2026-04-01T21:52:03","modified_gmt":"2026-04-01T18:52:03","slug":"floating-foam-wristband-keychains","status":"publish","type":"product","link":"https:\/\/displayproducts.eu\/pt\/p\/floating-foam-wristband-keychains\/","title":{"rendered":"Chaveiros de espuma flutuante para pulso"},"content":{"rendered":"<p>Garanta a seguran\u00e7a das chaves dos seus clientes durante eventos corporativos na \u00e1gua, em marinas ou em passeios de barco com nossos chaveiros flutuantes de espuma para pulso. Este item promocional pr\u00e1tico \u00e9 indispens\u00e1vel para qualquer empresa ligada \u00e0 \u00e1gua, hotelaria ou n\u00e1utica.<\/p>\n<p>Projetado para ser usado confortavelmente no pulso, este chaveiro \u00e9 feito de poli\u00e9ster PET dur\u00e1vel com enchimento de espuma. Essa constru\u00e7\u00e3o garante que ele permane\u00e7a flutuando, impedindo que chaves comuns afundem se ca\u00edrem na \u00e1gua. Sua cor vibrante PANTONE 298C proporciona alta visibilidade, facilitando a localiza\u00e7\u00e3o.<\/p>\n<p>Ideal para distribui\u00e7\u00e3o em feiras n\u00e1uticas, como item padr\u00e3o para membros de marinas ou como brinde funcional para marcas de viagens e hotelaria, este chaveiro flutuante garante que sua marca seja associada \u00e0 seguran\u00e7a e praticidade.<\/p>\n<p><b>Principais caracter\u00edsticas:<\/b><\/p>\n<ul>\n<li><b>Design flutuante preenchido com espuma:<\/b> Flutua de forma confi\u00e1vel, evitando que as chaves afundem na \u00e1gua.<\/li>\n<li><b>Material PET dur\u00e1vel:<\/b> Fabricado em poli\u00e9ster resistente para uso prolongado em ambientes marinhos.<\/li>\n<li><b>Cor de alta visibilidade:<\/b> Dispon\u00edvel na cor vibrante PANTONE 298C para f\u00e1cil visualiza\u00e7\u00e3o na \u00e1gua.<\/li>\n<li><b>Uso sem usar as m\u00e3os:<\/b> Funciona tanto como pulseira quanto como chaveiro, oferecendo praticidade.<\/li>\n<li><b>Produ\u00e7\u00e3o Certificada:<\/b> Fabricado em uma f\u00e1brica auditada pela amfori BSCI, garantindo o fornecimento respons\u00e1vel.<\/li>\n<\/ul>","protected":false},"excerpt":{"rendered":"<ul>\n<li>Impede que as chaves afundem, ideal para barcos, marinas e eventos \u00e0 beira-mar.<\/li>\n<li>Fabricado em poli\u00e9ster PET dur\u00e1vel com enchimento de espuma para garantir flutuabilidade confi\u00e1vel.<\/li>\n<li>Oferece um item promocional de alta visibilidade para marcas relacionadas ao setor de \u00e1gua.<\/li>\n<li>Dispon\u00edvel em um vibrante azul PANTONE 298C para f\u00e1cil identifica\u00e7\u00e3o.<\/li>\n<\/ul>","protected":false},"featured_media":6411,"comment_status":"closed","ping_status":"closed","template":"","meta":[],"product_brand":[],"product_cat":[66,94],"product_tag":[],"class_list":{"0":"post-5402","1":"product","2":"type-product","3":"status-publish","4":"has-post-thumbnail","6":"product_cat-wristbands","7":"product_cat-keychains","9":"first","10":"instock","11":"shipping-taxable","12":"purchasable","13":"product-type-simple"},"_links":{"self":[{"href":"https:\/\/displayproducts.eu\/pt\/wp-json\/wp\/v2\/product\/5402","targetHints":{"allow":["GET"]}}],"collection":[{"href":"https:\/\/displayproducts.eu\/pt\/wp-json\/wp\/v2\/product"}],"about":[{"href":"https:\/\/displayproducts.eu\/pt\/wp-json\/wp\/v2\/types\/product"}],"replies":[{"embeddable":true,"href":"https:\/\/displayproducts.eu\/pt\/wp-json\/wp\/v2\/comments?post=5402"}],"wp:featuredmedia":[{"embeddable":true,"href":"https:\/\/displayproducts.eu\/pt\/wp-json\/wp\/v2\/media\/6411"}],"wp:attachment":[{"href":"https:\/\/displayproducts.eu\/pt\/wp-json\/wp\/v2\/media?parent=5402"}],"wp:term":[{"taxonomy":"product_brand","embeddable":true,"href":"https:\/\/displayproducts.eu\/pt\/wp-json\/wp\/v2\/product_brand?post=5402"},{"taxonomy":"product_cat","embeddable":true,"href":"https:\/\/displayproducts.eu\/pt\/wp-json\/wp\/v2\/product_cat?post=5402"},{"taxonomy":"product_tag","embeddable":true,"href":"https:\/\/displayproducts.eu\/pt\/wp-json\/wp\/v2\/product_tag?post=5402"}],"curies":[{"name":"wp","href":"https:\/\/api.w.org\/{rel}","templated":true}]}}