{"id":5393,"date":"2025-11-13T16:47:58","date_gmt":"2025-11-13T13:47:58","guid":{"rendered":"https:\/\/wristbandfactory.eu\/?post_type=product&#038;p=5393"},"modified":"2026-04-01T21:52:03","modified_gmt":"2026-04-01T18:52:03","slug":"silicone-wristbands-with-aluminium-plate","status":"publish","type":"product","link":"https:\/\/displayproducts.eu\/pt\/p\/silicone-wristbands-with-aluminium-plate\/","title":{"rendered":"Pulseiras de silicone com placa de alum\u00ednio"},"content":{"rendered":"<p><span class=\"citation-125 citation-end-125\">D\u00ea um toque especial aos seus produtos promocionais com as nossas pulseiras de silicone com uma placa de alum\u00ednio de destaque. <\/span><span class=\"citation-124 citation-end-124\">Este modelo combina o conforto e a durabilidade do silicone com uma placa de metal de alta qualidade, criando a tela perfeita para o logotipo da sua empresa. <\/span><\/p>\n<p><span class=\"citation-123 citation-end-123\">Ao contr\u00e1rio das faixas padr\u00e3o impressas ou em baixo relevo, a placa de alum\u00ednio prateada <\/span> \u00c9 projetado para grava\u00e7\u00e3o a laser, oferecendo um acabamento n\u00edtido, permanente e de alta qualidade que n\u00e3o se desgasta. Isso o torna uma excelente op\u00e7\u00e3o para eventos corporativos, acesso VIP ou como um item promocional dur\u00e1vel que clientes e funcion\u00e1rios valorizar\u00e3o.<\/p>\n<p><span class=\"citation-122 citation-end-122\">A pr\u00f3pria pulseira \u00e9 feita de silicone resistente de alta qualidade, garantindo um ajuste confort\u00e1vel para uso durante todo o dia em confer\u00eancias ou feiras comerciais. <\/span> O tamanho de 202 x 12 x 3 mm \u00e9 adequado para a maioria dos adultos. Este design com materiais mistos oferece um visual sofisticado e moderno para sua pr\u00f3xima campanha de marketing.<\/p>\n<p><b>Principais caracter\u00edsticas:<\/b><\/p>\n<ul>\n<li><b><span class=\"citation-121\">Placa de metal premium:<\/span><\/b><span class=\"citation-121 citation-end-121\"> Apresenta uma placa de alum\u00ednio prateado brilhante, ideal para grava\u00e7\u00e3o a laser. <\/span><\/li>\n<li><b><span class=\"citation-120\">Pulseira de silicone dur\u00e1vel:<\/span><\/b><span class=\"citation-120 citation-end-120\"> Fabricado com silicone 100% de alta qualidade para maior conforto e durabilidade. <\/span><\/li>\n<li><b>Identidade Visual de Alto N\u00edvel:<\/b> Oferece uma op\u00e7\u00e3o de personaliza\u00e7\u00e3o mais sofisticada e dur\u00e1vel do que as pulseiras de silicone padr\u00e3o.<\/li>\n<li><b>Tamanho padr\u00e3o para adultos:<\/b> As dimens\u00f5es de 202 x 12 x 3 mm s\u00e3o adequadas para a maioria dos participantes.<\/li>\n<li><b>Leve:<\/b> Pesa apenas 8 g, o que a torna confort\u00e1vel para usar o dia todo.<\/li>\n<\/ul>","protected":false},"excerpt":{"rendered":"<ul>\n<li><span class=\"citation-127 citation-end-127\">Apresenta uma placa de alum\u00ednio prateado de alta qualidade para um logotipo gravado e dur\u00e1vel. <\/span><\/li>\n<li><span class=\"citation-126 citation-end-126\">A pulseira de silicone 100%, dur\u00e1vel e confort\u00e1vel, permite o uso durante todo o dia. <\/span><\/li>\n<li>Ideal para eventos corporativos, arrecada\u00e7\u00e3o de fundos e como item promocional de alta qualidade.<\/li>\n<li>O tamanho padr\u00e3o de 202 x 12 x 3 mm serve na maioria dos pulsos adultos.<\/li>\n<\/ul>","protected":false},"featured_media":5946,"comment_status":"closed","ping_status":"closed","template":"","meta":[],"product_brand":[],"product_cat":[49],"product_tag":[],"class_list":{"0":"post-5393","1":"product","2":"type-product","3":"status-publish","4":"has-post-thumbnail","6":"product_cat-silicone","8":"first","9":"instock","10":"shipping-taxable","11":"purchasable","12":"product-type-simple"},"_links":{"self":[{"href":"https:\/\/displayproducts.eu\/pt\/wp-json\/wp\/v2\/product\/5393","targetHints":{"allow":["GET"]}}],"collection":[{"href":"https:\/\/displayproducts.eu\/pt\/wp-json\/wp\/v2\/product"}],"about":[{"href":"https:\/\/displayproducts.eu\/pt\/wp-json\/wp\/v2\/types\/product"}],"replies":[{"embeddable":true,"href":"https:\/\/displayproducts.eu\/pt\/wp-json\/wp\/v2\/comments?post=5393"}],"wp:featuredmedia":[{"embeddable":true,"href":"https:\/\/displayproducts.eu\/pt\/wp-json\/wp\/v2\/media\/5946"}],"wp:attachment":[{"href":"https:\/\/displayproducts.eu\/pt\/wp-json\/wp\/v2\/media?parent=5393"}],"wp:term":[{"taxonomy":"product_brand","embeddable":true,"href":"https:\/\/displayproducts.eu\/pt\/wp-json\/wp\/v2\/product_brand?post=5393"},{"taxonomy":"product_cat","embeddable":true,"href":"https:\/\/displayproducts.eu\/pt\/wp-json\/wp\/v2\/product_cat?post=5393"},{"taxonomy":"product_tag","embeddable":true,"href":"https:\/\/displayproducts.eu\/pt\/wp-json\/wp\/v2\/product_tag?post=5393"}],"curies":[{"name":"wp","href":"https:\/\/api.w.org\/{rel}","templated":true}]}}