{"id":5312,"date":"2025-10-24T14:27:43","date_gmt":"2025-10-24T11:27:43","guid":{"rendered":"https:\/\/wristbandfactory.eu\/?post_type=product&#038;p=5312"},"modified":"2026-04-01T21:52:35","modified_gmt":"2026-04-01T18:52:35","slug":"eco-friendly-cardboard-lanyards-20mm","status":"publish","type":"product","link":"https:\/\/displayproducts.eu\/pt\/p\/eco-friendly-cardboard-lanyards-20mm\/","title":{"rendered":"Fitas de pesco\u00e7o de pesco\u00e7o em cart\u00e3o reciclado (Papel)"},"content":{"rendered":"<p data-path-to-node=\"11\">Fa\u00e7a uma declara\u00e7\u00e3o ousada e vis\u00edvel sobre os valores ambientais da sua organiza\u00e7\u00e3o com o nosso <b>Cord\u00f5es de papel\u00e3o ecol\u00f3gicos<\/b>. Como a solu\u00e7\u00e3o definitiva &quot;antipl\u00e1stico&quot;, esses cord\u00f5es s\u00e3o projetados para eventos com zero desperd\u00edcio, confer\u00eancias ecol\u00f3gicas e marcas que querem colocar em pr\u00e1tica seus compromissos com a sustentabilidade.<\/p>\n<p data-path-to-node=\"12\">Feito de <b>papel\u00e3o reciclado resistente<\/b> Feitos de papel refor\u00e7ado, esses cord\u00f5es oferecem uma alternativa sustent\u00e1vel ao poli\u00e9ster e ao n\u00e1ilon. Apesar de terem um toque natural e serem leves como papel, s\u00e3o projetados para serem resistentes o suficiente para suportar o desgaste t\u00edpico de uma feira comercial ou evento corporativo. Sua apar\u00eancia distinta de &quot;papel kraft&quot; transmite imediatamente uma mensagem de conserva\u00e7\u00e3o a todos os participantes.<\/p>\n<p data-path-to-node=\"13\">Cada cord\u00e3o possui uma largura padr\u00e3o de 20 mm para um ajuste confort\u00e1vel e \u00e9 equipado com um fecho de alta qualidade. <b>mosquet\u00e3o girat\u00f3rio de metal<\/b>. Isso garante que at\u00e9 mesmo o seu mecanismo de fixa\u00e7\u00e3o seja dur\u00e1vel e confi\u00e1vel. Ao escolher este produto da linha &quot;Nature&quot;, voc\u00ea elimina completamente os pl\u00e1sticos descart\u00e1veis da cadeia de suprimentos do seu evento.<\/p>\n<p data-path-to-node=\"14\"><b>Principais caracter\u00edsticas:<\/b><\/p>\n<ul data-path-to-node=\"15\">\n<li>\n<p data-path-to-node=\"15,0,0\"><b>Material:<\/b> 100% Papel\u00e3o Reciclado Resistente (\u00c0 base de Papel).<\/p>\n<\/li>\n<li>\n<p data-path-to-node=\"15,1,0\"><b>Sustentabilidade:<\/b> Uma alternativa totalmente livre de pl\u00e1stico para marcas ecologicamente conscientes.<\/p>\n<\/li>\n<li>\n<p data-path-to-node=\"15,2,0\"><b>Durabilidade:<\/b> Projetado para guardar crach\u00e1s de identifica\u00e7\u00e3o com seguran\u00e7a durante a dura\u00e7\u00e3o de eventos padr\u00e3o.<\/p>\n<\/li>\n<li>\n<p data-path-to-node=\"15,3,0\"><b>Hardware:<\/b> Inclui um mosquet\u00e3o girat\u00f3rio de metal resistente para facilitar a fixa\u00e7\u00e3o.<\/p>\n<\/li>\n<li>\n<p data-path-to-node=\"15,4,0\"><b>Est\u00e9tica:<\/b> Acabamento natural e fosco que enfatiza a origem ecol\u00f3gica.<\/p>\n<\/li>\n<\/ul>","protected":false},"excerpt":{"rendered":"<ul>\n<li>\n<p data-path-to-node=\"9,0,0\"><b>Solu\u00e7\u00e3o sem pl\u00e1stico:<\/b> Uma op\u00e7\u00e3o de cord\u00e3o totalmente livre de pl\u00e1stico, feita de material dur\u00e1vel \u00e0 base de papel reciclado.<\/p>\n<\/li>\n<li>\n<p data-path-to-node=\"9,1,0\"><b>Linha da Natureza:<\/b> Parte da nossa gama ecol\u00f3gica exclusiva, que oferece uma est\u00e9tica natural distinta (com aspeto de papel kraft).<\/p>\n<\/li>\n<li>\n<p data-path-to-node=\"9,2,0\"><b>Surpreendentemente dur\u00e1vel:<\/b> Projetado para ser resistente o suficiente para eventos, confer\u00eancias e reuni\u00f5es de um \u00fanico dia.<\/p>\n<\/li>\n<li>\n<p data-path-to-node=\"9,3,0\"><b>Ajuste padr\u00e3o:<\/b> Com 20 mm de largura, garante visibilidade e conforto, e est\u00e1 equipada com um mosquet\u00e3o girat\u00f3rio de metal resistente.<\/p>\n<\/li>\n<\/ul>","protected":false},"featured_media":6697,"comment_status":"closed","ping_status":"closed","template":"","meta":[],"product_brand":[],"product_cat":[107,113],"product_tag":[],"class_list":{"0":"post-5312","1":"product","2":"type-product","3":"status-publish","4":"has-post-thumbnail","6":"product_cat-eco-friendly-lanyards","7":"product_cat-plain-lanyards","9":"first","10":"instock","11":"shipping-taxable","12":"purchasable","13":"product-type-simple"},"_links":{"self":[{"href":"https:\/\/displayproducts.eu\/pt\/wp-json\/wp\/v2\/product\/5312","targetHints":{"allow":["GET"]}}],"collection":[{"href":"https:\/\/displayproducts.eu\/pt\/wp-json\/wp\/v2\/product"}],"about":[{"href":"https:\/\/displayproducts.eu\/pt\/wp-json\/wp\/v2\/types\/product"}],"replies":[{"embeddable":true,"href":"https:\/\/displayproducts.eu\/pt\/wp-json\/wp\/v2\/comments?post=5312"}],"wp:featuredmedia":[{"embeddable":true,"href":"https:\/\/displayproducts.eu\/pt\/wp-json\/wp\/v2\/media\/6697"}],"wp:attachment":[{"href":"https:\/\/displayproducts.eu\/pt\/wp-json\/wp\/v2\/media?parent=5312"}],"wp:term":[{"taxonomy":"product_brand","embeddable":true,"href":"https:\/\/displayproducts.eu\/pt\/wp-json\/wp\/v2\/product_brand?post=5312"},{"taxonomy":"product_cat","embeddable":true,"href":"https:\/\/displayproducts.eu\/pt\/wp-json\/wp\/v2\/product_cat?post=5312"},{"taxonomy":"product_tag","embeddable":true,"href":"https:\/\/displayproducts.eu\/pt\/wp-json\/wp\/v2\/product_tag?post=5312"}],"curies":[{"name":"wp","href":"https:\/\/api.w.org\/{rel}","templated":true}]}}