{"id":5307,"date":"2025-10-24T14:13:39","date_gmt":"2025-10-24T11:13:39","guid":{"rendered":"https:\/\/wristbandfactory.eu\/?post_type=product&#038;p=5307"},"modified":"2026-04-01T21:52:35","modified_gmt":"2026-04-01T18:52:35","slug":"plantable-seed-paper-id-badges","status":"publish","type":"product","link":"https:\/\/displayproducts.eu\/pt\/p\/plantable-seed-paper-id-badges\/","title":{"rendered":"Crach\u00e1s de identifica\u00e7\u00e3o de papel para sementes plant\u00e1veis"},"content":{"rendered":"<p>A identifica\u00e7\u00e3o padr\u00e3o de eventos frequentemente contribui diretamente para o desperd\u00edcio em aterros sanit\u00e1rios. Nossos crach\u00e1s de identifica\u00e7\u00e3o de papel com sementes plant\u00e1veis transformam esse problema em uma mensagem de marketing poderosa e sustent\u00e1vel. Este identificador ecol\u00f3gico n\u00e3o s\u00f3 cumpre sua fun\u00e7\u00e3o durante o seu evento, como tamb\u00e9m proporciona uma lembran\u00e7a memor\u00e1vel e sem desperd\u00edcio.<\/p>\n<p>Feito de papel\u00e3o reciclado, cada crach\u00e1 inclui um cart\u00e3o especial com sementes de flores silvestres. Ap\u00f3s a confer\u00eancia ou feira, os participantes podem plantar o crach\u00e1 inteiro, transformando-o em um canteiro de flores silvestres variadas. Esse recurso exclusivo refor\u00e7a o compromisso da sua marca com a sustentabilidade por muito tempo ap\u00f3s o t\u00e9rmino do evento.<\/p>\n<p>Cada emblema inclui instru\u00e7\u00f5es claras de plantio e ostenta o emblema &quot;Made in Europe&quot;, garantindo qualidade e menor pegada de carbono. S\u00e3o a escolha ideal para eventos corporativos com foco em sustentabilidade, feiras de neg\u00f3cios com consci\u00eancia ecol\u00f3gica e qualquer organiza\u00e7\u00e3o que busque fazer uma declara\u00e7\u00e3o ambiental tang\u00edvel.<\/p>\n<p><b>Principais caracter\u00edsticas:<\/b><\/p>\n<ul>\n<li><b>Material ecol\u00f3gico:<\/b> O suporte principal \u00e9 feito de papel\u00e3o reciclado.<\/li>\n<li><b>Papel Semente Plant\u00e1vel:<\/b> Inclui um cart\u00e3o com sementes de flores silvestres que crescem quando plantadas.<\/li>\n<li><b>Solu\u00e7\u00e3o de desperd\u00edcio zero:<\/b> O emblema inteiro pode ser plantado, sem deixar res\u00edduos.<\/li>\n<li><b>Fabricado na Europa:<\/b> Possui o emblema \u201cMade in Europe\u201d, que significa qualidade e redu\u00e7\u00e3o da pegada de carbono.<\/li>\n<li><b>Inclui instru\u00e7\u00f5es:<\/b> Instru\u00e7\u00f5es claras de plantio est\u00e3o impressas no interior.<\/li>\n<li><b>Dimens\u00f5es:<\/b> 11,3 x 9,3 cm.<\/li>\n<\/ul>","protected":false},"excerpt":{"rendered":"<ul>\n<li>Demonstre seu comprometimento com a sustentabilidade em eventos.<\/li>\n<li>Feito de papel\u00e3o reciclado com um cart\u00e3o de papel com sementes de flores silvestres inclu\u00eddo.<\/li>\n<li>O emblema inteiro pode ser plantado ap\u00f3s o evento.<\/li>\n<li>\u201cMade in Europe\u201d garante qualidade e menor pegada de carbono.<\/li>\n<\/ul>","protected":false},"featured_media":5308,"comment_status":"closed","ping_status":"closed","template":"","meta":[],"product_brand":[],"product_cat":[91],"product_tag":[],"class_list":{"0":"post-5307","1":"product","2":"type-product","3":"status-publish","4":"has-post-thumbnail","6":"product_cat-badge-holders","8":"first","9":"instock","10":"shipping-taxable","11":"purchasable","12":"product-type-simple"},"_links":{"self":[{"href":"https:\/\/displayproducts.eu\/pt\/wp-json\/wp\/v2\/product\/5307","targetHints":{"allow":["GET"]}}],"collection":[{"href":"https:\/\/displayproducts.eu\/pt\/wp-json\/wp\/v2\/product"}],"about":[{"href":"https:\/\/displayproducts.eu\/pt\/wp-json\/wp\/v2\/types\/product"}],"replies":[{"embeddable":true,"href":"https:\/\/displayproducts.eu\/pt\/wp-json\/wp\/v2\/comments?post=5307"}],"wp:featuredmedia":[{"embeddable":true,"href":"https:\/\/displayproducts.eu\/pt\/wp-json\/wp\/v2\/media\/5308"}],"wp:attachment":[{"href":"https:\/\/displayproducts.eu\/pt\/wp-json\/wp\/v2\/media?parent=5307"}],"wp:term":[{"taxonomy":"product_brand","embeddable":true,"href":"https:\/\/displayproducts.eu\/pt\/wp-json\/wp\/v2\/product_brand?post=5307"},{"taxonomy":"product_cat","embeddable":true,"href":"https:\/\/displayproducts.eu\/pt\/wp-json\/wp\/v2\/product_cat?post=5307"},{"taxonomy":"product_tag","embeddable":true,"href":"https:\/\/displayproducts.eu\/pt\/wp-json\/wp\/v2\/product_tag?post=5307"}],"curies":[{"name":"wp","href":"https:\/\/api.w.org\/{rel}","templated":true}]}}