{"id":5304,"date":"2025-10-24T13:51:56","date_gmt":"2025-10-24T10:51:56","guid":{"rendered":"https:\/\/wristbandfactory.eu\/?post_type=product&#038;p=5304"},"modified":"2026-04-01T21:52:35","modified_gmt":"2026-04-01T18:52:35","slug":"reusable-event-cups-extra-large-1-2l","status":"publish","type":"product","link":"https:\/\/displayproducts.eu\/pt\/p\/reusable-event-cups-extra-large-1-2l\/","title":{"rendered":"Copos reutiliz\u00e1veis para eventos (tamanho extra grande, 1,2 L)"},"content":{"rendered":"<p data-path-to-node=\"7\">Reduza as filas e maximize a satisfa\u00e7\u00e3o dos participantes em seu evento de grande porte com nossos copos reutiliz\u00e1veis extragrandes de 1,2L em polipropileno. Este copo de alta capacidade \u00e9 a solu\u00e7\u00e3o perfeita para est\u00e1dios, grandes festivais e shows, permitindo servir por\u00e7\u00f5es maiores e minimizar significativamente a necessidade de reposi\u00e7\u00f5es.<\/p>\n<p data-path-to-node=\"8\">Fabricados em PP (polipropileno) dur\u00e1vel e flex\u00edvel, estes copos s\u00e3o resistentes a quebras e projetados para uso repetido, oferecendo uma alternativa robusta e ecologicamente consciente aos pl\u00e1sticos descart\u00e1veis.<\/p>\n<p data-path-to-node=\"9\">O acabamento transl\u00facido proporciona uma tela de alta visibilidade para o logotipo da sua empresa ou para a identidade visual do seu evento. Um diferencial desta caneca \u00e9 sua base com formato especial, projetada para oferecer maior estabilidade quando colocada sobre porta-copos.<\/p>\n<p data-path-to-node=\"10\"><b>Principais caracter\u00edsticas:<\/b><\/p>\n<ul data-path-to-node=\"11\">\n<li>\n<p data-path-to-node=\"11,0,0\"><b>Capacidade extra grande de 1,2 L:<\/b> Minimiza as recargas em festivais, est\u00e1dios e shows de grande movimento.<\/p>\n<\/li>\n<li>\n<p data-path-to-node=\"11,1,0\"><b>Material PP dur\u00e1vel:<\/b> Flex\u00edvel, resistente a quebras e totalmente reutiliz\u00e1vel para v\u00e1rios eventos.<\/p>\n<\/li>\n<li>\n<p data-path-to-node=\"11,2,0\"><b>Acabamento transl\u00facido:<\/b> Fornece uma superf\u00edcie ideal e altamente vis\u00edvel para personaliza\u00e7\u00e3o de marca.<\/p>\n<\/li>\n<li>\n<p data-path-to-node=\"11,3,0\"><b>Design de base est\u00e1vel:<\/b> Base especialmente moldada para posicionamento seguro em porta-copos.<\/p>\n<\/li>\n<li>\n<p data-path-to-node=\"11,4,0\"><b>Dimens\u00f5es grandes:<\/b> Mede 19 cm de altura e 10,7 cm de di\u00e2metro.<\/p>\n<\/li>\n<\/ul>","protected":false},"excerpt":{"rendered":"<ul>\n<li>\n<p data-path-to-node=\"6,0,0\">A capacidade extragrande de 1,2 litros minimiza a necessidade de reabastecimento em eventos de grande porte.<\/p>\n<\/li>\n<li>\n<p data-path-to-node=\"6,1,0\">Fabricado em material PP dur\u00e1vel, flex\u00edvel e resistente a quebras.<\/p>\n<\/li>\n<li>\n<p data-path-to-node=\"6,2,0\">O acabamento transl\u00facido proporciona uma tela de alta visibilidade para a personaliza\u00e7\u00e3o da marca.<\/p>\n<\/li>\n<li>\n<p data-path-to-node=\"6,3,0\">Apresenta um design de base \u00fanico e est\u00e1vel para uso com porta-copos.<\/p>\n<\/li>\n<li><\/li>\n<\/ul>","protected":false},"featured_media":6622,"comment_status":"closed","ping_status":"closed","template":"","meta":[],"product_brand":[],"product_cat":[111],"product_tag":[],"class_list":{"0":"post-5304","1":"product","2":"type-product","3":"status-publish","4":"has-post-thumbnail","6":"product_cat-reusable-event-cups","8":"first","9":"instock","10":"shipping-taxable","11":"product-type-simple"},"_links":{"self":[{"href":"https:\/\/displayproducts.eu\/pt\/wp-json\/wp\/v2\/product\/5304","targetHints":{"allow":["GET"]}}],"collection":[{"href":"https:\/\/displayproducts.eu\/pt\/wp-json\/wp\/v2\/product"}],"about":[{"href":"https:\/\/displayproducts.eu\/pt\/wp-json\/wp\/v2\/types\/product"}],"replies":[{"embeddable":true,"href":"https:\/\/displayproducts.eu\/pt\/wp-json\/wp\/v2\/comments?post=5304"}],"wp:featuredmedia":[{"embeddable":true,"href":"https:\/\/displayproducts.eu\/pt\/wp-json\/wp\/v2\/media\/6622"}],"wp:attachment":[{"href":"https:\/\/displayproducts.eu\/pt\/wp-json\/wp\/v2\/media?parent=5304"}],"wp:term":[{"taxonomy":"product_brand","embeddable":true,"href":"https:\/\/displayproducts.eu\/pt\/wp-json\/wp\/v2\/product_brand?post=5304"},{"taxonomy":"product_cat","embeddable":true,"href":"https:\/\/displayproducts.eu\/pt\/wp-json\/wp\/v2\/product_cat?post=5304"},{"taxonomy":"product_tag","embeddable":true,"href":"https:\/\/displayproducts.eu\/pt\/wp-json\/wp\/v2\/product_tag?post=5304"}],"curies":[{"name":"wp","href":"https:\/\/api.w.org\/{rel}","templated":true}]}}