{"id":5300,"date":"2025-10-24T12:52:28","date_gmt":"2025-10-24T09:52:28","guid":{"rendered":"https:\/\/wristbandfactory.eu\/?post_type=product&#038;p=5300"},"modified":"2026-04-01T21:52:35","modified_gmt":"2026-04-01T18:52:35","slug":"laser-engravable-rectangular-glass-trophies","status":"publish","type":"product","link":"https:\/\/displayproducts.eu\/pt\/p\/laser-engravable-rectangular-glass-trophies\/","title":{"rendered":"Trof\u00e9us de vidro retangulares grav\u00e1veis a laser"},"content":{"rendered":"<p>Cause um impacto significativo na sua pr\u00f3xima cerim\u00f4nia de premia\u00e7\u00e3o ou gala corporativa. Nosso grande Trof\u00e9u Retangular de Vidro oferece um pr\u00eamio premium e substancial, perfeito para reconhecer os melhores desempenhos, clientes importantes ou vencedores de concursos.<\/p>\n<p>Este trof\u00e9u tem 19 cm de altura e \u00e9 feito de vidro espesso de alta qualidade, pesando 690 gramas, proporcionando um toque notavelmente premium. O design retangular e limpo oferece uma superf\u00edcie ampla e plana, especialmente projetada para impress\u00e3o (grava\u00e7\u00e3o) a laser de alta precis\u00e3o. Isso garante que o logotipo da sua empresa, o t\u00edtulo do pr\u00eamio e os detalhes do destinat\u00e1rio sejam personalizados com clareza excepcional. Ideal para pr\u00eamios de vendas, programas de funcion\u00e1rio do m\u00eas ou agradecimentos a parceiros importantes, cada trof\u00e9u \u00e9 entregue em uma caixa protetora individual, garantindo sua seguran\u00e7a durante o transporte e pronto para apresenta\u00e7\u00e3o.<\/p>\n<p><b>Principais caracter\u00edsticas:<\/b><\/p>\n<ul>\n<li><b>Design retangular grande:<\/b> Tem 19 cm de altura, oferecendo amplo espa\u00e7o para grava\u00e7\u00f5es personalizadas.<\/li>\n<li><b>Vidro Premium Pesado:<\/b> Com 690 g, este trof\u00e9u tem uma textura substancial, o que aumenta seu valor percebido.<\/li>\n<li><b>Otimizado para grava\u00e7\u00e3o a laser:<\/b> A superf\u00edcie especialmente projetada permite personaliza\u00e7\u00e3o n\u00edtida e detalhada impressa a laser.<\/li>\n<li><b>Base est\u00e1vel:<\/b> Possui uma base de vidro resistente de 4,5 cm de profundidade para uma exibi\u00e7\u00e3o firme em qualquer mesa ou prateleira.<\/li>\n<li><b>Capa protetora inclu\u00edda:<\/b> Cada trof\u00e9u \u00e9 apresentado em um estojo individual para transporte e presente seguro.<\/li>\n<\/ul>\n<p>&nbsp;<\/p>","protected":false},"excerpt":{"rendered":"<ul>\n<li>Pr\u00eamio de vidro retangular premium de 19 cm de altura.<\/li>\n<li>Peso substancial de 690 g para uma sensa\u00e7\u00e3o de alto valor.<\/li>\n<li>Superf\u00edcie otimizada para grava\u00e7\u00e3o precisa do seu logotipo a laser.<\/li>\n<li>Inclui estojo de prote\u00e7\u00e3o individual para apresenta\u00e7\u00e3o segura.<\/li>\n<\/ul>","protected":false},"featured_media":6540,"comment_status":"closed","ping_status":"closed","template":"","meta":[],"product_brand":[],"product_cat":[79],"product_tag":[],"class_list":{"0":"post-5300","1":"product","2":"type-product","3":"status-publish","4":"has-post-thumbnail","6":"product_cat-awards","8":"first","9":"instock","10":"shipping-taxable","11":"purchasable","12":"product-type-simple"},"_links":{"self":[{"href":"https:\/\/displayproducts.eu\/pt\/wp-json\/wp\/v2\/product\/5300","targetHints":{"allow":["GET"]}}],"collection":[{"href":"https:\/\/displayproducts.eu\/pt\/wp-json\/wp\/v2\/product"}],"about":[{"href":"https:\/\/displayproducts.eu\/pt\/wp-json\/wp\/v2\/types\/product"}],"replies":[{"embeddable":true,"href":"https:\/\/displayproducts.eu\/pt\/wp-json\/wp\/v2\/comments?post=5300"}],"wp:featuredmedia":[{"embeddable":true,"href":"https:\/\/displayproducts.eu\/pt\/wp-json\/wp\/v2\/media\/6540"}],"wp:attachment":[{"href":"https:\/\/displayproducts.eu\/pt\/wp-json\/wp\/v2\/media?parent=5300"}],"wp:term":[{"taxonomy":"product_brand","embeddable":true,"href":"https:\/\/displayproducts.eu\/pt\/wp-json\/wp\/v2\/product_brand?post=5300"},{"taxonomy":"product_cat","embeddable":true,"href":"https:\/\/displayproducts.eu\/pt\/wp-json\/wp\/v2\/product_cat?post=5300"},{"taxonomy":"product_tag","embeddable":true,"href":"https:\/\/displayproducts.eu\/pt\/wp-json\/wp\/v2\/product_tag?post=5300"}],"curies":[{"name":"wp","href":"https:\/\/api.w.org\/{rel}","templated":true}]}}