{"id":5288,"date":"2025-10-24T12:36:41","date_gmt":"2025-10-24T09:36:41","guid":{"rendered":"https:\/\/wristbandfactory.eu\/?post_type=product&#038;p=5288"},"modified":"2026-04-01T21:52:35","modified_gmt":"2026-04-01T18:52:35","slug":"aluminium-name-badges-with-clip-and-pin","status":"publish","type":"product","link":"https:\/\/displayproducts.eu\/pt\/p\/aluminium-name-badges-with-clip-and-pin\/","title":{"rendered":"Crach\u00e1s de alum\u00ednio com clipe e alfinete"},"content":{"rendered":"<p>Garanta a identifica\u00e7\u00e3o profissional e consistente de seus funcion\u00e1rios em eventos corporativos, feiras e no escrit\u00f3rio com estes crach\u00e1s de alum\u00ednio reutiliz\u00e1veis. A estrutura elegante de alum\u00ednio anodizado proporciona um acabamento dur\u00e1vel e premium que aprimora a imagem da sua empresa.<\/p>\n<p>Projetadas para oferecer flexibilidade, estas etiquetas permitem a substitui\u00e7\u00e3o r\u00e1pida e f\u00e1cil de encartes de papel, tornando-as perfeitas para funcion\u00e1rios tempor\u00e1rios, participantes de confer\u00eancias ou empresas com alta rotatividade de funcion\u00e1rios. A parte traseira possui um suporte robusto e de dupla fun\u00e7\u00e3o, com um clipe e um pino, permitindo que os usu\u00e1rios escolham como fixar o crach\u00e1 com seguran\u00e7a em qualquer pe\u00e7a de roupa. Esta solu\u00e7\u00e3o vers\u00e1til e econ\u00f4mica est\u00e1 dispon\u00edvel em grandes quantidades para todas as suas necessidades de identifica\u00e7\u00e3o.<\/p>\n<p><b>Principais caracter\u00edsticas:<\/b><\/p>\n<ul>\n<li><b>Estrutura de alum\u00ednio dur\u00e1vel:<\/b> Apresenta um acabamento anodizado de alta qualidade para uma apar\u00eancia profissional e duradoura.<\/li>\n<li><b>Sistema de fixa\u00e7\u00e3o dupla:<\/b> Inclui um clipe e um pino na parte traseira para fixa\u00e7\u00e3o vers\u00e1til e segura em qualquer roupa.<\/li>\n<li><b>Reutiliz\u00e1vel e econ\u00f4mico:<\/b> Projetado para armazenar encartes de papel padr\u00e3o (n\u00e3o inclu\u00eddos), permitindo atualiza\u00e7\u00f5es f\u00e1ceis para novos funcion\u00e1rios ou eventos.<\/li>\n<li><b>Dimens\u00f5es elegantes:<\/b> Mede 70 x 25 mm, proporcionando uma exibi\u00e7\u00e3o de nome clara e vis\u00edvel sem ser intrusivo.<\/li>\n<\/ul>","protected":false},"excerpt":{"rendered":"<ul>\n<li>Estrutura profissional em alum\u00ednio anodizado para uma apar\u00eancia premium.<\/li>\n<li>Clipe duplo vers\u00e1til e fixa\u00e7\u00e3o por pino para fixa\u00e7\u00e3o segura.<\/li>\n<li>Design reutiliz\u00e1vel: basta imprimir e inserir novos cart\u00f5es de visita.<\/li>\n<li>Ideal para pedidos em grandes quantidades para funcion\u00e1rios corporativos, eventos e feiras comerciais.<\/li>\n<\/ul>","protected":false},"featured_media":5289,"comment_status":"closed","ping_status":"closed","template":"","meta":[],"product_brand":[],"product_cat":[91],"product_tag":[],"class_list":{"0":"post-5288","1":"product","2":"type-product","3":"status-publish","4":"has-post-thumbnail","6":"product_cat-badge-holders","8":"first","9":"instock","10":"shipping-taxable","11":"purchasable","12":"product-type-simple"},"_links":{"self":[{"href":"https:\/\/displayproducts.eu\/pt\/wp-json\/wp\/v2\/product\/5288","targetHints":{"allow":["GET"]}}],"collection":[{"href":"https:\/\/displayproducts.eu\/pt\/wp-json\/wp\/v2\/product"}],"about":[{"href":"https:\/\/displayproducts.eu\/pt\/wp-json\/wp\/v2\/types\/product"}],"replies":[{"embeddable":true,"href":"https:\/\/displayproducts.eu\/pt\/wp-json\/wp\/v2\/comments?post=5288"}],"wp:featuredmedia":[{"embeddable":true,"href":"https:\/\/displayproducts.eu\/pt\/wp-json\/wp\/v2\/media\/5289"}],"wp:attachment":[{"href":"https:\/\/displayproducts.eu\/pt\/wp-json\/wp\/v2\/media?parent=5288"}],"wp:term":[{"taxonomy":"product_brand","embeddable":true,"href":"https:\/\/displayproducts.eu\/pt\/wp-json\/wp\/v2\/product_brand?post=5288"},{"taxonomy":"product_cat","embeddable":true,"href":"https:\/\/displayproducts.eu\/pt\/wp-json\/wp\/v2\/product_cat?post=5288"},{"taxonomy":"product_tag","embeddable":true,"href":"https:\/\/displayproducts.eu\/pt\/wp-json\/wp\/v2\/product_tag?post=5288"}],"curies":[{"name":"wp","href":"https:\/\/api.w.org\/{rel}","templated":true}]}}