{"id":5279,"date":"2025-10-23T23:25:16","date_gmt":"2025-10-23T20:25:16","guid":{"rendered":"https:\/\/wristbandfactory.eu\/?post_type=product&#038;p=5279"},"modified":"2026-04-01T21:52:35","modified_gmt":"2026-04-01T18:52:35","slug":"extendable-id-holder-with-carabiner","status":"publish","type":"product","link":"https:\/\/displayproducts.eu\/pt\/p\/extendable-id-holder-with-carabiner\/","title":{"rendered":"Porta-identidade extens\u00edvel com mosquet\u00e3o"},"content":{"rendered":"<p>Simplifique o controle de acesso e aumente a seguran\u00e7a no seu local de trabalho, confer\u00eancia ou feira. Nosso Porta-C\u00f3digo Extens\u00edvel garante que as credenciais estejam sempre \u00e0 m\u00e3o sem atrapalhar, oferecendo uma solu\u00e7\u00e3o profissional para funcion\u00e1rios e participantes.<\/p>\n<p>Este suporte apresenta um design s\u00f3brio e funcional, com um mosquet\u00e3o de metal resistente que se prende com seguran\u00e7a a presilhas de cinto, cord\u00f5es ou bolsas. O mecanismo extens\u00edvel de 75 cm permite uma retra\u00e7\u00e3o suave, facilitando a leitura de documentos de identidade em pontos de acesso.<\/p>\n<p>Um fecho de bot\u00e3o protege o porta-identidade ou crach\u00e1. Com uma generosa \u00e1rea de impress\u00e3o de 20 x 20 mm, este porta-identidade \u00e9 perfeito para personalizar com o logotipo da sua empresa por meio de tampografia (at\u00e9 4 cores), refor\u00e7ando a identidade da marca em todos os eventos corporativos.<\/p>\n<p><b>Principais caracter\u00edsticas:<\/b><\/p>\n<ul>\n<li>Mecanismo extens\u00edvel at\u00e9 75 cm<\/li>\n<li>Mosquet\u00e3o de metal dur\u00e1vel<\/li>\n<li>Fechamento seguro com bot\u00e3o para fixa\u00e7\u00e3o de documento de identidade<\/li>\n<li>Ampla \u00e1rea de impress\u00e3o (20 x 20 mm)<\/li>\n<li>Ideal para tampografia (at\u00e9 4 cores)<\/li>\n<\/ul>","protected":false},"excerpt":{"rendered":"<ul>\n<li>Mant\u00e9m os cart\u00f5es de identifica\u00e7\u00e3o dos funcion\u00e1rios seguros e de f\u00e1cil acesso.<\/li>\n<li>Possui um mosquet\u00e3o de metal dur\u00e1vel para f\u00e1cil fixa\u00e7\u00e3o em cintos ou bolsas.<\/li>\n<li>Mecanismo de cabo extens\u00edvel de 75 cm para leitura r\u00e1pida de crach\u00e1s.<\/li>\n<li>\u00c1rea ampla de 20\u00d720 mm para tampografia do seu logotipo.<\/li>\n<\/ul>","protected":false},"featured_media":5280,"comment_status":"closed","ping_status":"closed","template":"","meta":[],"product_brand":[],"product_cat":[91],"product_tag":[],"class_list":{"0":"post-5279","1":"product","2":"type-product","3":"status-publish","4":"has-post-thumbnail","6":"product_cat-badge-holders","8":"first","9":"instock","10":"shipping-taxable","11":"purchasable","12":"product-type-simple"},"_links":{"self":[{"href":"https:\/\/displayproducts.eu\/pt\/wp-json\/wp\/v2\/product\/5279","targetHints":{"allow":["GET"]}}],"collection":[{"href":"https:\/\/displayproducts.eu\/pt\/wp-json\/wp\/v2\/product"}],"about":[{"href":"https:\/\/displayproducts.eu\/pt\/wp-json\/wp\/v2\/types\/product"}],"replies":[{"embeddable":true,"href":"https:\/\/displayproducts.eu\/pt\/wp-json\/wp\/v2\/comments?post=5279"}],"wp:featuredmedia":[{"embeddable":true,"href":"https:\/\/displayproducts.eu\/pt\/wp-json\/wp\/v2\/media\/5280"}],"wp:attachment":[{"href":"https:\/\/displayproducts.eu\/pt\/wp-json\/wp\/v2\/media?parent=5279"}],"wp:term":[{"taxonomy":"product_brand","embeddable":true,"href":"https:\/\/displayproducts.eu\/pt\/wp-json\/wp\/v2\/product_brand?post=5279"},{"taxonomy":"product_cat","embeddable":true,"href":"https:\/\/displayproducts.eu\/pt\/wp-json\/wp\/v2\/product_cat?post=5279"},{"taxonomy":"product_tag","embeddable":true,"href":"https:\/\/displayproducts.eu\/pt\/wp-json\/wp\/v2\/product_tag?post=5279"}],"curies":[{"name":"wp","href":"https:\/\/api.w.org\/{rel}","templated":true}]}}