{"id":5252,"date":"2025-10-23T15:50:34","date_gmt":"2025-10-23T12:50:34","guid":{"rendered":"https:\/\/wristbandfactory.eu\/?post_type=product&#038;p=5252"},"modified":"2026-04-01T21:52:35","modified_gmt":"2026-04-01T18:52:35","slug":"vertical-pvc-id-holder","status":"publish","type":"product","link":"https:\/\/displayproducts.eu\/pt\/p\/vertical-pvc-id-holder\/","title":{"rendered":"Porta-identidade vertical em PVC"},"content":{"rendered":"<p>Garanta que todos os participantes, funcion\u00e1rios e convidados estejam claramente identificados com nosso Porta-Identificadores Vertical de PVC. Projetado para uso profissional em confer\u00eancias, feiras e ambientes corporativos, este porta-identificadores oferece uma solu\u00e7\u00e3o dur\u00e1vel e pr\u00e1tica para exibir cart\u00f5es de acesso e identifica\u00e7\u00e3o.<\/p>\n<p>Feito em PVC transparente e resistente, este porta-crach\u00e1s protege os cart\u00f5es de identifica\u00e7\u00e3o contra desgaste, mantendo-os vis\u00edveis. A parte superior do porta-crach\u00e1s \u00e9 refor\u00e7ada para suportar o uso di\u00e1rio, evitando rasgos ou danos no local de fixa\u00e7\u00e3o do cord\u00e3o. Seu design inteligente inclui m\u00faltiplas perfura\u00e7\u00f5es, oferecendo op\u00e7\u00f5es flex\u00edveis de fixa\u00e7\u00e3o para clipes de cord\u00e3o ou carret\u00e9is de crach\u00e1, tanto centrais quanto laterais.<\/p>\n<p>Como um item de estoque a granel, o porta-identidade \u201cSkoll\u201d (Ref: 20639) \u00e9 a escolha ideal para gerentes de eventos e agentes de compras que precisam de uma solu\u00e7\u00e3o confi\u00e1vel, econ\u00f4mica e de r\u00e1pida implanta\u00e7\u00e3o para requisitos de crach\u00e1s em larga escala.<\/p>\n<p><b>Principais caracter\u00edsticas:<\/b><\/p>\n<ul>\n<li><b>Orienta\u00e7\u00e3o:<\/b> Vertical<\/li>\n<li><b>Material:<\/b> PVC transparente e dur\u00e1vel<\/li>\n<li><b>Projeto:<\/b> Parte superior refor\u00e7ada para maior durabilidade<\/li>\n<li><b>Compatibilidade:<\/b> Multiperfurado para fixa\u00e7\u00e3o de cord\u00e3o central e lateral<\/li>\n<li><b>Usar:<\/b> Ideal para identidades corporativas, passes para eventos e cart\u00f5es de acesso<\/li>\n<\/ul>","protected":false},"excerpt":{"rendered":"<ul>\n<li>Constru\u00e7\u00e3o dur\u00e1vel em PVC transparente para eventos de alto tr\u00e1fego.<\/li>\n<li>A borda superior refor\u00e7ada evita rasgos e perda do emblema.<\/li>\n<li>Slots vers\u00e1teis se adaptam a todos os clipes de cord\u00e3o e rolos de crach\u00e1 padr\u00e3o.<\/li>\n<li>Uma solu\u00e7\u00e3o econ\u00f4mica para identifica\u00e7\u00e3o corporativa e de eventos em larga escala.<\/li>\n<\/ul>","protected":false},"featured_media":5253,"comment_status":"closed","ping_status":"closed","template":"","meta":[],"product_brand":[],"product_cat":[91],"product_tag":[],"class_list":{"0":"post-5252","1":"product","2":"type-product","3":"status-publish","4":"has-post-thumbnail","6":"product_cat-badge-holders","8":"first","9":"instock","10":"shipping-taxable","11":"purchasable","12":"product-type-simple"},"_links":{"self":[{"href":"https:\/\/displayproducts.eu\/pt\/wp-json\/wp\/v2\/product\/5252","targetHints":{"allow":["GET"]}}],"collection":[{"href":"https:\/\/displayproducts.eu\/pt\/wp-json\/wp\/v2\/product"}],"about":[{"href":"https:\/\/displayproducts.eu\/pt\/wp-json\/wp\/v2\/types\/product"}],"replies":[{"embeddable":true,"href":"https:\/\/displayproducts.eu\/pt\/wp-json\/wp\/v2\/comments?post=5252"}],"wp:featuredmedia":[{"embeddable":true,"href":"https:\/\/displayproducts.eu\/pt\/wp-json\/wp\/v2\/media\/5253"}],"wp:attachment":[{"href":"https:\/\/displayproducts.eu\/pt\/wp-json\/wp\/v2\/media?parent=5252"}],"wp:term":[{"taxonomy":"product_brand","embeddable":true,"href":"https:\/\/displayproducts.eu\/pt\/wp-json\/wp\/v2\/product_brand?post=5252"},{"taxonomy":"product_cat","embeddable":true,"href":"https:\/\/displayproducts.eu\/pt\/wp-json\/wp\/v2\/product_cat?post=5252"},{"taxonomy":"product_tag","embeddable":true,"href":"https:\/\/displayproducts.eu\/pt\/wp-json\/wp\/v2\/product_tag?post=5252"}],"curies":[{"name":"wp","href":"https:\/\/api.w.org\/{rel}","templated":true}]}}