{"id":5247,"date":"2025-10-22T14:14:30","date_gmt":"2025-10-22T11:14:30","guid":{"rendered":"https:\/\/wristbandfactory.eu\/?post_type=product&#038;p=5247"},"modified":"2026-04-01T21:52:35","modified_gmt":"2026-04-01T18:52:35","slug":"elastic-fabric-wristbands","status":"publish","type":"product","link":"https:\/\/displayproducts.eu\/pt\/p\/elastic-fabric-wristbands\/","title":{"rendered":"Pulseiras de tecido el\u00e1stico"},"content":{"rendered":"<p data-path-to-node=\"8\">Ofere\u00e7a aos seus participantes o m\u00e1ximo de praticidade e conforto com nossas pulseiras el\u00e1sticas de tecido. Feitas de um material macio e el\u00e1stico de alta qualidade, elas sem impress\u00e3omente deslizam sobre a m\u00e3o at\u00e9 o pulso, eliminando completamente a necessidade de qualquer fecho ou trava de pl\u00e1stico.<\/p>\n<p data-path-to-node=\"9\">Este design &quot;tamanho \u00fanico&quot; simplifica o processo de encomenda e distribui\u00e7\u00e3o, tornando-os a solu\u00e7\u00e3o perfeita e descomplicada para promo\u00e7\u00f5es corporativas, merchandising e eventos com v\u00e1rios dias de dura\u00e7\u00e3o, onde o conforto \u00e9 fundamental.<\/p>\n<h3>Identidade Visual Personalizada em Cores<\/h3>\n<p data-path-to-node=\"11\">A faixa inteira \u00e9 uma tela em branco. Utilizamos impress\u00e3o por sublima\u00e7\u00e3o de alta defini\u00e7\u00e3o, de ponta a ponta, para garantir que sua marca seja vibrante, detalhada e perfeitamente integrada ao tecido macio.<\/p>\n<h3>Etiqueta inteligente opcional (QR e NFC)<\/h3>\n<p data-path-to-node=\"13\">Para maior funcionalidade, estas pulseiras el\u00e1sticas podem ser equipadas com uma etiqueta personalizada. Esta etiqueta \u00e9 perfeita para adicionar um c\u00f3digo QR ou c\u00f3digo de barras exclusivo para acesso, ou at\u00e9 mesmo integrar uma etiqueta NFC. Isto transforma uma pulseira confort\u00e1vel numa poderosa ferramenta inteligente para pagamentos sem dinheiro ou intera\u00e7\u00e3o digital.<\/p>\n<h3 data-path-to-node=\"14\">Principais caracter\u00edsticas:<\/h3>\n<ul data-path-to-node=\"15\">\n<li>\n<p data-path-to-node=\"15,0,0\"><b>Material:<\/b> Tecido el\u00e1stico macio e de alta qualidade.<\/p>\n<\/li>\n<li>\n<p data-path-to-node=\"15,1,0\"><b>Ajustar:<\/b> Tamanho \u00fanico, estica para se ajustar.<\/p>\n<\/li>\n<li>\n<p data-path-to-node=\"15,2,0\"><b>Encerramento:<\/b> Sem necessidade de fecho; design confort\u00e1vel de cal\u00e7ar.<\/p>\n<\/li>\n<li>\n<p data-path-to-node=\"15,3,0\"><b>Impress\u00e3o:<\/b> Sublima\u00e7\u00e3o a cores de alta defini\u00e7\u00e3o (de ponta a ponta).<\/p>\n<\/li>\n<li>\n<p data-path-to-node=\"15,4,0\"><b>Op\u00e7\u00e3o de tecnologia inteligente:<\/b> Pode ser equipado com uma etiqueta personalizada para c\u00f3digos QR ou tags NFC.<\/p>\n<\/li>\n<li>\n<p data-path-to-node=\"15,5,0\"><b>Ideal para:<\/b> Promo\u00e7\u00f5es, mercadorias, festivais e uso confort\u00e1vel por v\u00e1rios dias.<\/p>\n<\/li>\n<\/ul>","protected":false},"excerpt":{"rendered":"<ul>\n<li>\n<p data-path-to-node=\"7,0,0\"><b>Conforto absoluto:<\/b> Feito de um tecido macio, el\u00e1stico e de tamanho \u00fanico.<\/p>\n<\/li>\n<li>\n<p data-path-to-node=\"7,1,0\"><b>N\u00e3o \u00e9 necess\u00e1rio cadeado:<\/b> Cal\u00e7a com facilidade, eliminando qualquer fecho de pl\u00e1stico.<\/p>\n<\/li>\n<li>\n<p data-path-to-node=\"7,2,0\"><b>Branding vibrante:<\/b> Totalmente personaliz\u00e1vel com impress\u00e3o por sublima\u00e7\u00e3o a cores de ponta a ponta.<\/p>\n<\/li>\n<li>\n<p data-path-to-node=\"7,3,0\"><b>Op\u00e7\u00e3o inteligente:<\/b> Pode ser equipado com uma etiqueta personalizada para c\u00f3digos QR, c\u00f3digos de barras ou etiquetas NFC.<\/p>\n<\/li>\n<\/ul>","protected":false},"featured_media":6382,"comment_status":"closed","ping_status":"closed","template":"","meta":[],"product_brand":[],"product_cat":[47],"product_tag":[],"class_list":{"0":"post-5247","1":"product","2":"type-product","3":"status-publish","4":"has-post-thumbnail","6":"product_cat-fabric-wristbands","8":"first","9":"instock","10":"shipping-taxable","11":"purchasable","12":"product-type-simple"},"_links":{"self":[{"href":"https:\/\/displayproducts.eu\/pt\/wp-json\/wp\/v2\/product\/5247","targetHints":{"allow":["GET"]}}],"collection":[{"href":"https:\/\/displayproducts.eu\/pt\/wp-json\/wp\/v2\/product"}],"about":[{"href":"https:\/\/displayproducts.eu\/pt\/wp-json\/wp\/v2\/types\/product"}],"replies":[{"embeddable":true,"href":"https:\/\/displayproducts.eu\/pt\/wp-json\/wp\/v2\/comments?post=5247"}],"wp:featuredmedia":[{"embeddable":true,"href":"https:\/\/displayproducts.eu\/pt\/wp-json\/wp\/v2\/media\/6382"}],"wp:attachment":[{"href":"https:\/\/displayproducts.eu\/pt\/wp-json\/wp\/v2\/media?parent=5247"}],"wp:term":[{"taxonomy":"product_brand","embeddable":true,"href":"https:\/\/displayproducts.eu\/pt\/wp-json\/wp\/v2\/product_brand?post=5247"},{"taxonomy":"product_cat","embeddable":true,"href":"https:\/\/displayproducts.eu\/pt\/wp-json\/wp\/v2\/product_cat?post=5247"},{"taxonomy":"product_tag","embeddable":true,"href":"https:\/\/displayproducts.eu\/pt\/wp-json\/wp\/v2\/product_tag?post=5247"}],"curies":[{"name":"wp","href":"https:\/\/api.w.org\/{rel}","templated":true}]}}