{"id":5234,"date":"2025-10-22T13:43:36","date_gmt":"2025-10-22T10:43:36","guid":{"rendered":"https:\/\/wristbandfactory.eu\/?post_type=product&#038;p=5234"},"modified":"2026-04-01T21:52:04","modified_gmt":"2026-04-01T18:52:04","slug":"custom-charm-wristbands","status":"publish","type":"product","link":"https:\/\/displayproducts.eu\/pt\/p\/custom-charm-wristbands\/","title":{"rendered":"Pulseiras com pingentes personalizados"},"content":{"rendered":"<p>Eleve sua marca ou comemore um evento especial com nossas pulseiras de berloques totalmente personaliz\u00e1veis. Essas pulseiras s\u00e3o a solu\u00e7\u00e3o B2B perfeita para criar produtos de alta qualidade e desejados para lojas de souvenirs, companhias de cruzeiros, eventos corporativos ou brindes promocionais exclusivos.<\/p>\n<p>Damos vida \u00e0 sua vis\u00e3o. Voc\u00ea pode criar um pingente de metal ou esmalte totalmente exclusivo com base no logotipo da sua empresa, mascote ou tema de campanha. Selecione a cor e o estilo do cord\u00e3o \u2014 de cord\u00f5es sem impress\u00e3o a n\u00f3s complexos \u2014 e adicione contas decorativas, como conchas, letras ou elementos met\u00e1licos para combinar com a est\u00e9tica da sua marca.<\/p>\n<p>Essa versatilidade os torna ideais para qualquer p\u00fablico-alvo. Podemos at\u00e9 criar conjuntos &quot;Melhores Amigos&quot; ou conjuntos de parceiros, perfeitos para atra\u00e7\u00f5es tur\u00edsticas ou produtos para f\u00e3s. Cada conjunto \u00e9 entregue em um cart\u00e3o de apoio impresso personalizado, totalmente personalizado e pronto para exibi\u00e7\u00e3o no varejo.<\/p>\n<p><b>Principais caracter\u00edsticas:<\/b><\/p>\n<ul>\n<li><b>Pingentes com logotipo personalizado:<\/b> Criamos pingentes de esmalte ou metal de alta qualidade com base no seu design.<\/li>\n<li><b>Personaliza\u00e7\u00e3o completa:<\/b> Escolha as cores das cordas, o estilo da pulseira e as contas decorativas (por exemplo, conchas, met\u00e1licas).<\/li>\n<li><b>Embalagem pronta para varejo:<\/b> As pulseiras s\u00e3o entregues em um cart\u00e3o personalizado, pronto para exibi\u00e7\u00e3o.<\/li>\n<li><b>Produtos vers\u00e1teis:<\/b> Ideal para lojas de presentes, atra\u00e7\u00f5es tur\u00edsticas, colabora\u00e7\u00f5es de marcas e eventos.<\/li>\n<li><b>Conjuntos correspondentes:<\/b> Op\u00e7\u00e3o de criar \u201cMelhores Amigos\u201d ou conjuntos correspondentes em um \u00fanico cart\u00e3o.<\/li>\n<li><b>Ajuste ajust\u00e1vel:<\/b> Projetado com n\u00f3s ajust\u00e1veis para atender a uma ampla gama de clientes.<\/li>\n<\/ul>","protected":false},"excerpt":{"rendered":"<ul>\n<li>Crie pulseiras exclusivas com seus pr\u00f3prios pingentes de logotipo personalizados.<\/li>\n<li>Escolha entre uma variedade de cores de cordas, contas e estilos.<\/li>\n<li>Ideal para produtos de marca, lojas de souvenirs ou eventos especiais.<\/li>\n<li>Entregue em cart\u00f5es de suporte impressos personalizados para um acabamento pronto para o varejo.<\/li>\n<\/ul>","protected":false},"featured_media":6680,"comment_status":"closed","ping_status":"closed","template":"","meta":[],"product_brand":[],"product_cat":[122],"product_tag":[],"class_list":{"0":"post-5234","1":"product","2":"type-product","3":"status-publish","4":"has-post-thumbnail","6":"product_cat-promotional-accessories","8":"first","9":"instock","10":"shipping-taxable","11":"product-type-simple"},"_links":{"self":[{"href":"https:\/\/displayproducts.eu\/pt\/wp-json\/wp\/v2\/product\/5234","targetHints":{"allow":["GET"]}}],"collection":[{"href":"https:\/\/displayproducts.eu\/pt\/wp-json\/wp\/v2\/product"}],"about":[{"href":"https:\/\/displayproducts.eu\/pt\/wp-json\/wp\/v2\/types\/product"}],"replies":[{"embeddable":true,"href":"https:\/\/displayproducts.eu\/pt\/wp-json\/wp\/v2\/comments?post=5234"}],"wp:featuredmedia":[{"embeddable":true,"href":"https:\/\/displayproducts.eu\/pt\/wp-json\/wp\/v2\/media\/6680"}],"wp:attachment":[{"href":"https:\/\/displayproducts.eu\/pt\/wp-json\/wp\/v2\/media?parent=5234"}],"wp:term":[{"taxonomy":"product_brand","embeddable":true,"href":"https:\/\/displayproducts.eu\/pt\/wp-json\/wp\/v2\/product_brand?post=5234"},{"taxonomy":"product_cat","embeddable":true,"href":"https:\/\/displayproducts.eu\/pt\/wp-json\/wp\/v2\/product_cat?post=5234"},{"taxonomy":"product_tag","embeddable":true,"href":"https:\/\/displayproducts.eu\/pt\/wp-json\/wp\/v2\/product_tag?post=5234"}],"curies":[{"name":"wp","href":"https:\/\/api.w.org\/{rel}","templated":true}]}}