{"id":5224,"date":"2025-10-21T12:20:54","date_gmt":"2025-10-21T09:20:54","guid":{"rendered":"https:\/\/wristbandfactory.eu\/?post_type=product&#038;p=5224"},"modified":"2026-04-01T21:52:35","modified_gmt":"2026-04-01T18:52:35","slug":"tricolor-silicone-wristbands","status":"publish","type":"product","link":"https:\/\/displayproducts.eu\/pt\/p\/tricolor-silicone-wristbands\/","title":{"rendered":"Pulseiras de silicone tricolores"},"content":{"rendered":"<p>Maximize a visibilidade da sua marca com nossas pulseiras de silicone tricolores personalizadas. Essas pulseiras apresentam tr\u00eas segmentos de cores distintas moldados juntos em uma \u00fanica pulseira sem emendas, oferecendo um visual arrojado e de alto contraste que as pulseiras de cor \u00fanica n\u00e3o conseguem igualar.<\/p>\n<p>Estas pulseiras segmentadas s\u00e3o uma ferramenta poderosa para organizadores de eventos, gerentes de marketing e organiza\u00e7\u00f5es. Use-as para representar as cores da sua marca, apoiar uma causa ou combinar com o tema espec\u00edfico do evento. Fabricamos cada pulseira em silicone 100% de alta qualidade e antial\u00e9rgico para maior conforto e durabilidade.<\/p>\n<p>Seu logotipo ou mensagem \u00e9 gravado em relevo (rebaixado) com precis\u00e3o na pulseira e, em seguida, preenchido com uma \u00fanica cor Pantone contrastante. Esse m\u00e9todo de incrusta\u00e7\u00e3o garante que seu design esteja protegido contra desgaste, garantindo uma exposi\u00e7\u00e3o duradoura da marca. Podemos produzir essas pulseiras em qualquer tamanho, incluindo tamanhos padr\u00e3o para adultos (202 mm), jovens ou crian\u00e7as menores, para atender exatamente ao seu p\u00fablico.<\/p>\n<blockquote><p><b>Nota de produ\u00e7\u00e3o:<\/b> Essas pulseiras s\u00e3o feitas pela uni\u00e3o de se\u00e7\u00f5es de silicone de cores diferentes. Devido a esse processo de moldagem, a linha divis\u00f3ria entre as cores n\u00e3o pode ser perfeitamente reta e pode apresentar alguma mistura ou mesclagem natural.<\/p><\/blockquote>\n<p><b>Principais caracter\u00edsticas:<\/b><\/p>\n<ul>\n<li><b>Design tricolor de alto impacto:<\/b> Apresenta tr\u00eas segmentos de cores distintas moldados juntos para uma declara\u00e7\u00e3o de marca arrojada.<\/li>\n<li><b>Logotipo embutido dur\u00e1vel:<\/b> Seu desenho \u00e9 gravado em baixo-relevo (afundado) e preenchido com uma incrusta\u00e7\u00e3o de uma \u00fanica cor, garantindo que n\u00e3o desbote ou se desgaste.<\/li>\n<li><b>Correspond\u00eancia total com os padr\u00f5es Pantone:<\/b> Personalize todos os tr\u00eas segmentos e o preenchimento do logotipo com as cores Pantone exatas da sua marca.<\/li>\n<li><b>Silicone de qualidade 100%:<\/b> Feito de silicone dur\u00e1vel, flex\u00edvel e n\u00e3o alerg\u00eanico (<span class=\"math-inline\" data-math=\"100\\\\%\">$100\\\\%$<\/span> Silicone flex\u00edvel e dur\u00e1vel) para conforto prolongado.<\/li>\n<li><b>Tamanhos vers\u00e1teis:<\/b> Dispon\u00edvel no tamanho adulto padr\u00e3o (202 *12) <span class=\"math-inline\" data-math=\"\\times\">*<\/span>\u00a02 mm), tamanhos juvenis e tamanhos infantis personalizados.<\/li>\n<\/ul>","protected":false},"excerpt":{"rendered":"<ul>\n<li>Apresenta tr\u00eas segmentos de cores distintas e de alto impacto para um visual arrojado.<\/li>\n<li>Logotipo dur\u00e1vel em baixo relevo (rebaixado) com preenchimento de uma cor que n\u00e3o se desgasta.<\/li>\n<li>Totalmente personaliz\u00e1vel com as cores Pantone da sua organiza\u00e7\u00e3o.<\/li>\n<li>Dispon\u00edvel nos tamanhos adulto, juvenil e infantil para se adequar a qualquer p\u00fablico de evento.<\/li>\n<li><\/li>\n<\/ul>","protected":false},"featured_media":5974,"comment_status":"closed","ping_status":"closed","template":"","meta":[],"product_brand":[],"product_cat":[49],"product_tag":[],"class_list":{"0":"post-5224","1":"product","2":"type-product","3":"status-publish","4":"has-post-thumbnail","6":"product_cat-silicone","8":"first","9":"instock","10":"shipping-taxable","11":"purchasable","12":"product-type-simple"},"_links":{"self":[{"href":"https:\/\/displayproducts.eu\/pt\/wp-json\/wp\/v2\/product\/5224","targetHints":{"allow":["GET"]}}],"collection":[{"href":"https:\/\/displayproducts.eu\/pt\/wp-json\/wp\/v2\/product"}],"about":[{"href":"https:\/\/displayproducts.eu\/pt\/wp-json\/wp\/v2\/types\/product"}],"replies":[{"embeddable":true,"href":"https:\/\/displayproducts.eu\/pt\/wp-json\/wp\/v2\/comments?post=5224"}],"wp:featuredmedia":[{"embeddable":true,"href":"https:\/\/displayproducts.eu\/pt\/wp-json\/wp\/v2\/media\/5974"}],"wp:attachment":[{"href":"https:\/\/displayproducts.eu\/pt\/wp-json\/wp\/v2\/media?parent=5224"}],"wp:term":[{"taxonomy":"product_brand","embeddable":true,"href":"https:\/\/displayproducts.eu\/pt\/wp-json\/wp\/v2\/product_brand?post=5224"},{"taxonomy":"product_cat","embeddable":true,"href":"https:\/\/displayproducts.eu\/pt\/wp-json\/wp\/v2\/product_cat?post=5224"},{"taxonomy":"product_tag","embeddable":true,"href":"https:\/\/displayproducts.eu\/pt\/wp-json\/wp\/v2\/product_tag?post=5224"}],"curies":[{"name":"wp","href":"https:\/\/api.w.org\/{rel}","templated":true}]}}