{"id":5218,"date":"2025-10-21T11:56:09","date_gmt":"2025-10-21T08:56:09","guid":{"rendered":"https:\/\/wristbandfactory.eu\/?post_type=product&#038;p=5218"},"modified":"2026-04-01T21:52:35","modified_gmt":"2026-04-01T18:52:35","slug":"remote-control-led-wristbands","status":"publish","type":"product","link":"https:\/\/displayproducts.eu\/pt\/p\/remote-control-led-wristbands\/","title":{"rendered":"Pulseiras de LED personalizadas com controle remoto (RF e DMX)"},"content":{"rendered":"<p data-path-to-node=\"9\">Transforme seu show, festival ou evento corporativo em um show de luzes inesquec\u00edvel. Nossas pulseiras de LED com controle remoto permitem que voc\u00ea sincronize cada convidado com sua m\u00fasica e programa\u00e7\u00e3o, criando uma experi\u00eancia visual unificada e massiva que aumenta o engajamento do p\u00fablico.<\/p>\n<p data-path-to-node=\"10\">Este \u00e9 o seu ponto central para todos os nossos modelos de pulseiras de silicone e pl\u00e1stico com controle remoto. Reunimos aqui nossos diversos estilos para ajud\u00e1-lo a escolher a solu\u00e7\u00e3o perfeita para as necessidades t\u00e9cnicas e o or\u00e7amento do seu evento.<\/p>\n<p data-path-to-node=\"11\">Todos os modelos s\u00e3o compat\u00edveis com uma central <strong><a href=\"https:\/\/displayproducts.eu\/pt\/p\/remote-dmx-controllers-for-led-wristbands\/\">Controlador remoto e DMX<\/a><\/strong> que \u00e9 vendido separadamente em nossa loja. <strong><a href=\"https:\/\/displayproducts.eu\/pt\/c\/event-supplies\/\">Suprimentos para eventos<\/a><\/strong> categoria. Este controlador permite que um \u00fanico operador altere as cores e os padr\u00f5es de intermit\u00eancia dos LEDs de todas as pulseiras no local simultaneamente.<\/p>\n<h3>Escolha o seu modelo com controle remoto<\/h3>\n<p data-path-to-node=\"13\">Selecione o modelo espec\u00edfico com base nos requisitos do seu evento em rela\u00e7\u00e3o a brilho, dura\u00e7\u00e3o da bateria, design ou sustentabilidade:<\/p>\n<h4>1. O modelo \u201cBrilhante\u201d (11 LEDs \/ Alimentado por pilhas AAA)<\/h4>\n<p><img fetchpriority=\"high\" decoding=\"async\" class=\"alignnone wp-image-5543\" src=\"https:\/\/displayproducts.eu\/wp-content\/uploads\/2025\/10\/the-bright.jpg\" alt=\"\" width=\"300\" height=\"300\" srcset=\"https:\/\/displayproducts.eu\/wp-content\/uploads\/2025\/10\/the-bright.jpg 1080w, https:\/\/displayproducts.eu\/wp-content\/uploads\/2025\/10\/the-bright-768x768.jpg 768w, https:\/\/displayproducts.eu\/wp-content\/uploads\/2025\/10\/the-bright-12x12.jpg 12w, https:\/\/displayproducts.eu\/wp-content\/uploads\/2025\/10\/the-bright-300x300.jpg 300w, https:\/\/displayproducts.eu\/wp-content\/uploads\/2025\/10\/the-bright-600x600.jpg 600w, https:\/\/displayproducts.eu\/wp-content\/uploads\/2025\/10\/the-bright-100x100.jpg 100w, https:\/\/displayproducts.eu\/wp-content\/uploads\/2025\/10\/the-bright-64x64.jpg 64w\" sizes=\"(max-width: 300px) 100vw, 300px\" \/><\/p>\n<p data-path-to-node=\"17\">Nossa solu\u00e7\u00e3o mais potente, este modelo conta com 11 LEDs individuais para m\u00e1ximo impacto visual em est\u00e1dios. \u00c9 alimentado por duas pilhas AAA padr\u00e3o e substitu\u00edveis, oferecendo uma autonomia de 12 horas de alto desempenho.<\/p>\n<ul data-path-to-node=\"18\">\n<li>\n<p data-path-to-node=\"18,0,0\"><b data-path-to-node=\"18,0,0\" data-index-in-node=\"0\">Ideal para:<\/b> Grandes turn\u00eas em est\u00e1dios e festivais ao ar livre.<\/p>\n<\/li>\n<\/ul>\n<h4>2. O padr\u00e3o \u201cecol\u00f3gico\u201d<\/h4>\n<p><img decoding=\"async\" class=\"alignnone wp-image-5544\" src=\"https:\/\/displayproducts.eu\/wp-content\/uploads\/2025\/10\/eco-friendly.jpg\" alt=\"\" width=\"300\" height=\"300\" \/><\/p>\n<p data-path-to-node=\"19\"><span data-path-to-node=\"20,2\"><span class=\"citation-377\">Este modelo \u00e9 a nossa solu\u00e7\u00e3o mais popular e vers\u00e1til, feita de ABS e silicone confort\u00e1veis. <\/span><\/span><span data-path-to-node=\"20,4\"> Possui uma bateria robusta com dura\u00e7\u00e3o de 12 horas (CR2032) e 15 op\u00e7\u00f5es de cores.<\/span><\/p>\n<ul data-path-to-node=\"20\">\n<li>\n<p data-path-to-node=\"20,0,0\"><b>Ideal para:<\/b> Marcas e eventos com foco em sustentabilidade e confiabilidade.<\/p>\n<\/li>\n<\/ul>\n<h4>3. O \u201cEsculpido\u201d (Design 3D)<\/h4>\n<p><img decoding=\"async\" class=\"alignnone wp-image-5545\" src=\"https:\/\/displayproducts.eu\/wp-content\/uploads\/2025\/10\/sculpted-1.jpg\" alt=\"\" width=\"300\" height=\"300\" srcset=\"https:\/\/displayproducts.eu\/wp-content\/uploads\/2025\/10\/sculpted-1.jpg 500w, https:\/\/displayproducts.eu\/wp-content\/uploads\/2025\/10\/sculpted-1-12x12.jpg 12w, https:\/\/displayproducts.eu\/wp-content\/uploads\/2025\/10\/sculpted-1-300x300.jpg 300w, https:\/\/displayproducts.eu\/wp-content\/uploads\/2025\/10\/sculpted-1-100x100.jpg 100w, https:\/\/displayproducts.eu\/wp-content\/uploads\/2025\/10\/sculpted-1-64x64.jpg 64w\" sizes=\"(max-width: 300px) 100vw, 300px\" \/><\/p>\n<p data-path-to-node=\"21\">Fa\u00e7a uma declara\u00e7\u00e3o de design ousada. Este modelo apresenta um design \u00fanico, <b>tampo esculpido em 3D geom\u00e9trico<\/b> (Dispon\u00edvel com 2 ou 4 LEDs). \u00c9 uma pe\u00e7a de destaque, elegante e vers\u00e1til, que chama a aten\u00e7\u00e3o por onde passa.<\/p>\n<ul data-path-to-node=\"22\">\n<li>\n<p data-path-to-node=\"22,0,0\"><b>Ideal para:<\/b> \u00c1reas VIP, lan\u00e7amentos de produtos e eventos de alta moda.<\/p>\n<\/li>\n<\/ul>\n<h4>4. O \u201cLeve\u201d (20g)<\/h4>\n<p><img loading=\"lazy\" decoding=\"async\" class=\"alignnone wp-image-5546\" src=\"https:\/\/displayproducts.eu\/wp-content\/uploads\/2025\/10\/lightweight.jpg\" alt=\"\" width=\"300\" height=\"300\" srcset=\"https:\/\/displayproducts.eu\/wp-content\/uploads\/2025\/10\/lightweight.jpg 500w, https:\/\/displayproducts.eu\/wp-content\/uploads\/2025\/10\/lightweight-12x12.jpg 12w, https:\/\/displayproducts.eu\/wp-content\/uploads\/2025\/10\/lightweight-300x300.jpg 300w, https:\/\/displayproducts.eu\/wp-content\/uploads\/2025\/10\/lightweight-100x100.jpg 100w, https:\/\/displayproducts.eu\/wp-content\/uploads\/2025\/10\/lightweight-64x64.jpg 64w\" sizes=\"(max-width: 300px) 100vw, 300px\" \/><\/p>\n<p data-path-to-node=\"24\">Projetado para o m\u00e1ximo conforto, este modelo pesa <b>apenas 20 gramas<\/b>, garantindo que os participantes possam us\u00e1-lo a noite toda. Possui 15 op\u00e7\u00f5es de cores e uma autonomia de 12 horas (baterias CR2032).<\/p>\n<ul data-path-to-node=\"25\">\n<li>\n<p data-path-to-node=\"25,0,0\"><b>Ideal para:<\/b> Confer\u00eancias, festas corporativas e eventos onde o conforto \u00e9 fundamental.<\/p>\n<\/li>\n<\/ul>\n<h4>5. O \u201cRel\u00f3gio\u201d (Rel\u00f3gio de Eventos)<\/h4>\n<p><img loading=\"lazy\" decoding=\"async\" class=\"alignnone wp-image-5548 size-full\" src=\"https:\/\/displayproducts.eu\/wp-content\/uploads\/2025\/10\/watch-e1763320779944.jpg\" alt=\"\" width=\"480\" height=\"288\" srcset=\"https:\/\/displayproducts.eu\/wp-content\/uploads\/2025\/10\/watch-e1763320779944.jpg 480w, https:\/\/displayproducts.eu\/wp-content\/uploads\/2025\/10\/watch-e1763320779944-18x12.jpg 18w, https:\/\/displayproducts.eu\/wp-content\/uploads\/2025\/10\/watch-e1763320779944-64x38.jpg 64w\" sizes=\"(max-width: 480px) 100vw, 480px\" \/><\/p>\n<p data-path-to-node=\"27\">Este modelo apresenta um <b>estilo de rel\u00f3gio<\/b> Design com uma face grande e plana, proporcionando uma \u00e1rea excelente e altamente vis\u00edvel para o seu logotipo personalizado.<\/p>\n<ul data-path-to-node=\"28\">\n<li>\n<p data-path-to-node=\"28,0,0\"><b>Ideal para:<\/b> Eventos corporativos e promo\u00e7\u00e3o da marca dos patrocinadores.<\/p>\n<\/li>\n<\/ul>\n<h2 data-path-to-node=\"31\">Especifica\u00e7\u00f5es<\/h2>\n<ul data-path-to-node=\"32\">\n<li>\n<p data-path-to-node=\"32,0,1\"><span data-path-to-node=\"32,0,1,0\"><b data-path-to-node=\"32,0,1,0\" data-index-in-node=\"0\"><span class=\"citation-374\">Tecnologia de controle:<\/span><\/b><span class=\"citation-374\"> RF (Radiofrequ\u00eancia) e DMX512. <\/span><\/span><\/p>\n<\/li>\n<li>\n<p data-path-to-node=\"32,1,1\"><span data-path-to-node=\"32,1,1,0\"><b data-path-to-node=\"32,1,1,0\" data-index-in-node=\"0\"><span class=\"citation-373\">Materiais:<\/span><\/b><span class=\"citation-373\"> Silicone, ABS, PVC. <\/span><\/span><\/p>\n<\/li>\n<li>\n<p data-path-to-node=\"32,2,0\"><b data-path-to-node=\"32,2,0\" data-index-in-node=\"0\">Dura\u00e7\u00e3o da bateria:<\/b> De 6 a 12 horas, dependendo do modelo.<\/p>\n<\/li>\n<li>\n<p data-path-to-node=\"32,3,1\"><span data-path-to-node=\"32,3,1,0\"><b data-path-to-node=\"32,3,1,0\" data-index-in-node=\"0\"><span class=\"citation-372\">Marca:<\/span><\/b><span class=\"citation-372\"> Impress\u00e3o de logotipos personalizados em uma ou v\u00e1rias cores. <\/span><\/span><\/p>\n<\/li>\n<li>\n<p data-path-to-node=\"32,4,0\"><b data-path-to-node=\"32,4,0\" data-index-in-node=\"0\">Quantidade m\u00ednima de encomenda:<\/b> 100 unidades.<\/p>\n<\/li>\n<\/ul>\n<h3><strong><a href=\"https:\/\/displayproducts.eu\/pt\/p\/remote-dmx-controllers-for-led-wristbands\/\">Controlador remoto e DMX<\/a><\/strong><\/h3>\n<p><img loading=\"lazy\" decoding=\"async\" class=\"\" src=\"https:\/\/displayproducts.eu\/wp-content\/uploads\/2025\/10\/controller-2-scaled.jpeg\" width=\"365\" height=\"365\" \/><\/p>","protected":false},"excerpt":{"rendered":"<ul>\n<li>\n<p data-path-to-node=\"9,0,0\"><b data-path-to-node=\"9,0,0\" data-index-in-node=\"0\">Sincroniza\u00e7\u00e3o centralizada:<\/b> Totalmente compat\u00edvel com controladores RF e DMX para espet\u00e1culos de luzes imersivos em todo o local.<\/p>\n<\/li>\n<li>\n<p data-path-to-node=\"9,1,0\"><b data-path-to-node=\"9,1,0\" data-index-in-node=\"0\">Diversificada gama de modelos:<\/b> Escolha entre 11 modelos distintos, incluindo designs ultraleves, de alto brilho com pilhas AAA e com design esculpido em 3D.<\/p>\n<\/li>\n<li>\n<p data-path-to-node=\"9,2,1\"><span data-path-to-node=\"9,2,1,0\"><b data-path-to-node=\"9,2,1,0\" data-index-in-node=\"0\"><span class=\"citation-351\">Identidade visual B2B:<\/span><\/b><span class=\"citation-351\"> Impress\u00e3o de logotipos personalizados de alta qualidade dispon\u00edvel em todos os modelos para m\u00e1xima visibilidade do patrocinador. <\/span><\/span><\/p>\n<\/li>\n<li>\n<p data-path-to-node=\"9,3,0\"><b data-path-to-node=\"9,3,0\" data-index-in-node=\"0\">Controle de longo alcance:<\/b> Cobertura de sinal confi\u00e1vel de at\u00e9 300 a 500 metros para eventos em est\u00e1dios.<\/p>\n<\/li>\n<\/ul>","protected":false},"featured_media":5031,"comment_status":"closed","ping_status":"closed","template":"","meta":[],"product_brand":[],"product_cat":[80],"product_tag":[],"class_list":{"0":"post-5218","1":"product","2":"type-product","3":"status-publish","4":"has-post-thumbnail","6":"product_cat-led-wristbands","8":"first","9":"instock","10":"shipping-taxable","11":"purchasable","12":"product-type-simple"},"_links":{"self":[{"href":"https:\/\/displayproducts.eu\/pt\/wp-json\/wp\/v2\/product\/5218","targetHints":{"allow":["GET"]}}],"collection":[{"href":"https:\/\/displayproducts.eu\/pt\/wp-json\/wp\/v2\/product"}],"about":[{"href":"https:\/\/displayproducts.eu\/pt\/wp-json\/wp\/v2\/types\/product"}],"replies":[{"embeddable":true,"href":"https:\/\/displayproducts.eu\/pt\/wp-json\/wp\/v2\/comments?post=5218"}],"wp:featuredmedia":[{"embeddable":true,"href":"https:\/\/displayproducts.eu\/pt\/wp-json\/wp\/v2\/media\/5031"}],"wp:attachment":[{"href":"https:\/\/displayproducts.eu\/pt\/wp-json\/wp\/v2\/media?parent=5218"}],"wp:term":[{"taxonomy":"product_brand","embeddable":true,"href":"https:\/\/displayproducts.eu\/pt\/wp-json\/wp\/v2\/product_brand?post=5218"},{"taxonomy":"product_cat","embeddable":true,"href":"https:\/\/displayproducts.eu\/pt\/wp-json\/wp\/v2\/product_cat?post=5218"},{"taxonomy":"product_tag","embeddable":true,"href":"https:\/\/displayproducts.eu\/pt\/wp-json\/wp\/v2\/product_tag?post=5218"}],"curies":[{"name":"wp","href":"https:\/\/api.w.org\/{rel}","templated":true}]}}