{"id":5209,"date":"2025-10-20T23:33:45","date_gmt":"2025-10-20T20:33:45","guid":{"rendered":"https:\/\/wristbandfactory.eu\/?post_type=product&#038;p=5209"},"modified":"2026-04-01T21:52:35","modified_gmt":"2026-04-01T18:52:35","slug":"printed-cup-holder-clip","status":"publish","type":"product","link":"https:\/\/displayproducts.eu\/pt\/p\/printed-cup-holder-clip\/","title":{"rendered":"Clipe porta-copos impresso"},"content":{"rendered":"<p data-path-to-node=\"12\">Melhore a experi\u00eancia dos participantes no seu pr\u00f3ximo festival ou confer\u00eancia com as nossas dicas pr\u00e1ticas. <b data-path-to-node=\"12\" data-index-in-node=\"112\">Clipe para porta-copos impresso<\/b>. Este acess\u00f3rio inteligente resolve um problema comum em eventos: segurar um copo reutiliz\u00e1vel o dia todo. Ao permitir que os convidados prendam seus recipientes de bebidas vazios com seguran\u00e7a a um cord\u00e3o ou presilha de cinto, voc\u00ea libera as m\u00e3os deles para interagir, dan\u00e7ar ou torcer.<\/p>\n<p data-path-to-node=\"13\"><span data-path-to-node=\"13,1\"><span class=\"citation-56\">Projetado para funcionar perfeitamente com o nosso <\/span><b data-path-to-node=\"13,1\" data-index-in-node=\"37\"><span class=\"citation-56\">Cord\u00f5es<\/span><\/b> <\/span><span data-path-to-node=\"13,4\"><span class=\"citation-55\">e <\/span><b data-path-to-node=\"13,4\" data-index-in-node=\"4\"><span class=\"citation-55\">Copos reutiliz\u00e1veis para eventos<\/span><\/b><\/span><span data-path-to-node=\"13,6\">, Este clipe \u00e9 um complemento essencial para qualquer estrat\u00e9gia de evento ecologicamente correta. Ele incentiva a reutiliza\u00e7\u00e3o de copos, tornando-os f\u00e1ceis de transportar e reduzindo a probabilidade de serem descartados ou perdidos.<\/span><\/p>\n<h2 data-path-to-node=\"14\">Principais caracter\u00edsticas<\/h2>\n<ul data-path-to-node=\"15\">\n<li>\n<p data-path-to-node=\"15,0,0\"><b data-path-to-node=\"15,0,0\" data-index-in-node=\"0\">Ader\u00eancia segura:<\/b> O mecanismo de encaixe prende-se firmemente \u00e0 borda de copos e canecas de pl\u00e1stico reutiliz\u00e1veis padr\u00e3o (PP), garantindo que o copo permane\u00e7a no lugar durante a caminhada.<\/p>\n<\/li>\n<li>\n<p data-path-to-node=\"15,1,0\"><b data-path-to-node=\"15,1,0\" data-index-in-node=\"0\">Branding de alta visibilidade:<\/b> Apesar do seu tamanho compacto, o clipe apresenta uma \u00e1rea plana proeminente, especialmente concebida para a impress\u00e3o do seu log\u00f3tipo, colocando a sua marca em destaque sempre que o utilizador der um gole.<\/p>\n<\/li>\n<li>\n<p data-path-to-node=\"15,2,0\"><b data-path-to-node=\"15,2,0\" data-index-in-node=\"0\">Coordena\u00e7\u00e3o de cores:<\/b> Fabricado em pl\u00e1stico ABS dur\u00e1vel, dispon\u00edvel em uma ampla gama de cores para combinar com a identidade da sua marca ou tema do evento.<\/p>\n<\/li>\n<li>\n<p data-path-to-node=\"15,3,0\"><b data-path-to-node=\"15,3,0\" data-index-in-node=\"0\">Design leve:<\/b> Pesando apenas 3 gramas, n\u00e3o adiciona volume algum ao conjunto de crach\u00e1s do participante.<\/p>\n<\/li>\n<\/ul>\n<h2 data-path-to-node=\"16\">Especifica\u00e7\u00f5es<\/h2>\n<ul data-path-to-node=\"17\">\n<li>\n<p data-path-to-node=\"17,0,0\"><b data-path-to-node=\"17,0,0\" data-index-in-node=\"0\">Material:<\/b> Pl\u00e1stico ABS resistente.<\/p>\n<\/li>\n<li>\n<p data-path-to-node=\"17,1,0\"><b data-path-to-node=\"17,1,0\" data-index-in-node=\"0\">Dimens\u00f5es:<\/b> 1,6 x 2,2 x 2,2 cm.<\/p>\n<\/li>\n<li>\n<p data-path-to-node=\"17,2,0\"><b data-path-to-node=\"17,2,0\" data-index-in-node=\"0\">Peso:<\/b> 3g.<\/p>\n<\/li>\n<li>\n<p data-path-to-node=\"17,3,0\"><b data-path-to-node=\"17,3,0\" data-index-in-node=\"0\">Compatibilidade:<\/b> Compat\u00edvel com copos e canecas reutiliz\u00e1veis padr\u00e3o de festivais.<\/p>\n<\/li>\n<li>\n<p data-path-to-node=\"17,4,0\"><b data-path-to-node=\"17,4,0\" data-index-in-node=\"0\">Anexo:<\/b> Argola para fixa\u00e7\u00e3o de cord\u00f5es ou mosquet\u00f5es.<\/p>\n<\/li>\n<li>\n<p data-path-to-node=\"17,5,0\"><b data-path-to-node=\"17,5,0\" data-index-in-node=\"0\">Personaliza\u00e7\u00e3o:<\/b> Impress\u00e3o por tampografia em superf\u00edcie plana.<\/p>\n<\/li>\n<\/ul>\n<h2 data-path-to-node=\"18\">Casos de uso<\/h2>\n<ul data-path-to-node=\"19\">\n<li>\n<p data-path-to-node=\"19,0,0\"><b data-path-to-node=\"19,0,0\" data-index-in-node=\"0\">Festivais de M\u00fasica:<\/b> Permite que os f\u00e3s dancem sem precisar segurar um copo vazio.<\/p>\n<\/li>\n<li>\n<p data-path-to-node=\"19,1,0\"><b data-path-to-node=\"19,1,0\" data-index-in-node=\"0\">Eventos de degusta\u00e7\u00e3o de cerveja e vinho:<\/b> Mant\u00e9m o copo de degusta\u00e7\u00e3o acess\u00edvel entre as esta\u00e7\u00f5es.<\/p>\n<\/li>\n<li>\n<p data-path-to-node=\"19,2,0\"><b data-path-to-node=\"19,2,0\" data-index-in-node=\"0\">Feiras comerciais:<\/b> Libera as m\u00e3os para trocar cart\u00f5es de visita enquanto se segura uma x\u00edcara de caf\u00e9.<\/p>\n<\/li>\n<li>\n<p data-path-to-node=\"19,3,0\"><b data-path-to-node=\"19,3,0\" data-index-in-node=\"0\">Eventos ao ar livre:<\/b> Impede que os copos se percam ou sejam deixados no ch\u00e3o.<\/p>\n<\/li>\n<\/ul>","protected":false},"excerpt":{"rendered":"<ul>\n<li>\n<p data-path-to-node=\"11,0,0\"><b data-path-to-node=\"11,0,0\" data-index-in-node=\"0\">Conveni\u00eancia sem usar as m\u00e3os:<\/b> Permite que os participantes prendam seus copos reutiliz\u00e1veis a um cord\u00e3o ou presilha de cinto.<\/p>\n<\/li>\n<li>\n<p data-path-to-node=\"11,1,0\"><b data-path-to-node=\"11,1,0\" data-index-in-node=\"0\">Ajuste universal:<\/b> Adere firmemente \u00e0 borda da maioria dos copos pl\u00e1sticos comuns usados em festivais.<\/p>\n<\/li>\n<li>\n<p data-path-to-node=\"11,2,0\"><b data-path-to-node=\"11,2,0\" data-index-in-node=\"0\">Identidade Visual Personalizada:<\/b> Possui uma superf\u00edcie plana dedicada para impress\u00e3o de logotipo de alta visibilidade.<\/p>\n<\/li>\n<li>\n<p data-path-to-node=\"11,3,0\"><b data-path-to-node=\"11,3,0\" data-index-in-node=\"0\">Leve e dur\u00e1vel:<\/b> Fabricado em pl\u00e1stico ABS resistente (3g), dispon\u00edvel em v\u00e1rias cores.<\/p>\n<\/li>\n<\/ul>","protected":false},"featured_media":6476,"comment_status":"closed","ping_status":"closed","template":"","meta":[],"product_brand":[],"product_cat":[119],"product_tag":[],"class_list":{"0":"post-5209","1":"product","2":"type-product","3":"status-publish","4":"has-post-thumbnail","6":"product_cat-drinkware-accessories","8":"first","9":"instock","10":"shipping-taxable","11":"purchasable","12":"product-type-simple"},"_links":{"self":[{"href":"https:\/\/displayproducts.eu\/pt\/wp-json\/wp\/v2\/product\/5209","targetHints":{"allow":["GET"]}}],"collection":[{"href":"https:\/\/displayproducts.eu\/pt\/wp-json\/wp\/v2\/product"}],"about":[{"href":"https:\/\/displayproducts.eu\/pt\/wp-json\/wp\/v2\/types\/product"}],"replies":[{"embeddable":true,"href":"https:\/\/displayproducts.eu\/pt\/wp-json\/wp\/v2\/comments?post=5209"}],"wp:featuredmedia":[{"embeddable":true,"href":"https:\/\/displayproducts.eu\/pt\/wp-json\/wp\/v2\/media\/6476"}],"wp:attachment":[{"href":"https:\/\/displayproducts.eu\/pt\/wp-json\/wp\/v2\/media?parent=5209"}],"wp:term":[{"taxonomy":"product_brand","embeddable":true,"href":"https:\/\/displayproducts.eu\/pt\/wp-json\/wp\/v2\/product_brand?post=5209"},{"taxonomy":"product_cat","embeddable":true,"href":"https:\/\/displayproducts.eu\/pt\/wp-json\/wp\/v2\/product_cat?post=5209"},{"taxonomy":"product_tag","embeddable":true,"href":"https:\/\/displayproducts.eu\/pt\/wp-json\/wp\/v2\/product_tag?post=5209"}],"curies":[{"name":"wp","href":"https:\/\/api.w.org\/{rel}","templated":true}]}}