{"id":5203,"date":"2025-10-20T23:28:16","date_gmt":"2025-10-20T20:28:16","guid":{"rendered":"https:\/\/wristbandfactory.eu\/?post_type=product&#038;p=5203"},"modified":"2026-04-01T21:52:35","modified_gmt":"2026-04-01T18:52:35","slug":"led-party-glasses","status":"publish","type":"product","link":"https:\/\/displayproducts.eu\/pt\/p\/led-party-glasses\/","title":{"rendered":"\u00d3culos de festa LED multicoloridos"},"content":{"rendered":"<p data-path-to-node=\"10\">Crie uma atmosfera inesquec\u00edvel na sua pr\u00f3xima festa corporativa, festival de m\u00fasica ou evento em boate com nossos \u00d3culos de Festa LED Multicoloridos. Projetados para quebrar o gelo, esses \u00f3culos oferecem uma maneira econ\u00f4mica de interagir com os convidados e gerar oportunidades para fotos dignas de redes sociais.<\/p>\n<p data-path-to-node=\"11\">Diferentemente dos \u00f3culos fluorescentes comuns, estes \u00f3culos apresentam um design diferenciado com arma\u00e7\u00e3o transparente e lentes em formato de &quot;rede&quot; que permitem que a luz se disperse de forma criativa. Alimentados por 6 LEDs multicoloridos intensos, garantem que quem os usa se destaque em qualquer multid\u00e3o. Um sem impress\u00e3o bot\u00e3o liga\/desliga permite alternar entre uma luz cont\u00ednua para um visual relaxante ou um padr\u00e3o intermitente para momentos de alta energia.<\/p>\n<h2 data-path-to-node=\"12\">Principais caracter\u00edsticas<\/h2>\n<ul data-path-to-node=\"13\">\n<li>\n<p data-path-to-node=\"13,0,0\"><b data-path-to-node=\"13,0,0\" data-index-in-node=\"0\">Pop visual:<\/b> A combina\u00e7\u00e3o de molduras transparentes e LEDs multicoloridos cria um espet\u00e1culo de luzes vibrante.<\/p>\n<\/li>\n<li>\n<p data-path-to-node=\"13,1,0\"><b data-path-to-node=\"13,1,0\" data-index-in-node=\"0\">Controle do usu\u00e1rio:<\/b> Bot\u00e3o f\u00e1cil de usar para alternar entre os modos de luz (Cont\u00ednuo\/Intermitente\/Desligado).<\/p>\n<\/li>\n<li>\n<p data-path-to-node=\"13,2,0\"><b data-path-to-node=\"13,2,0\" data-index-in-node=\"0\">Evento pronto:<\/b> Perfeito para mesas de merchandising, sacolas de brindes VIP ou como distribui\u00e7\u00e3o em massa para a pista de dan\u00e7a.<\/p>\n<\/li>\n<li>\n<p data-path-to-node=\"13,3,0\"><b data-path-to-node=\"13,3,0\" data-index-in-node=\"0\">Conveni\u00eancia:<\/b> V\u00eam com baterias de bot\u00e3o j\u00e1 instaladas, ent\u00e3o funcionam assim que saem da caixa.<\/p>\n<\/li>\n<\/ul>\n<h2 data-path-to-node=\"14\">Especifica\u00e7\u00f5es<\/h2>\n<ul data-path-to-node=\"15\">\n<li>\n<p data-path-to-node=\"15,0,0\"><b data-path-to-node=\"15,0,0\" data-index-in-node=\"0\">Tipo de produto:<\/b> \u00d3culos com luzes LED.<\/p>\n<\/li>\n<li>\n<p data-path-to-node=\"15,1,0\"><b data-path-to-node=\"15,1,0\" data-index-in-node=\"0\">Estilo da moldura:<\/b> Pl\u00e1stico transparente com lentes de rede\/grade.<\/p>\n<\/li>\n<li>\n<p data-path-to-node=\"15,2,0\"><b data-path-to-node=\"15,2,0\" data-index-in-node=\"0\">Fonte de luz:<\/b> 6 LEDs multicoloridos.<\/p>\n<\/li>\n<li>\n<p data-path-to-node=\"15,3,0\"><b data-path-to-node=\"15,3,0\" data-index-in-node=\"0\">Modos:<\/b> 2 configura\u00e7\u00f5es (ligado continuamente, piscando).<\/p>\n<\/li>\n<li>\n<p data-path-to-node=\"15,4,0\"><b data-path-to-node=\"15,4,0\" data-index-in-node=\"0\">Poder:<\/b> Pilhas tipo bot\u00e3o (inclu\u00eddas e substitu\u00edveis).<\/p>\n<\/li>\n<li>\n<p data-path-to-node=\"15,5,0\"><b data-path-to-node=\"15,5,0\" data-index-in-node=\"0\">Quantidade m\u00ednima de encomenda:<\/b> 100 unidades.<\/p>\n<\/li>\n<\/ul>\n<h2 data-path-to-node=\"16\">Casos de uso<\/h2>\n<ul data-path-to-node=\"17\">\n<li>\n<p data-path-to-node=\"17,0,0\"><b data-path-to-node=\"17,0,0\" data-index-in-node=\"0\">Festas Corporativas:<\/b> Adere\u00e7os divertidos para cabines de fotos e pistas de dan\u00e7a.<\/p>\n<\/li>\n<li>\n<p data-path-to-node=\"17,1,0\"><b data-path-to-node=\"17,1,0\" data-index-in-node=\"0\">Festivais e Concertos:<\/b> Mercadorias com alta margem de lucro ou acess\u00f3rios VIP.<\/p>\n<\/li>\n<li>\n<p data-path-to-node=\"17,2,0\"><b data-path-to-node=\"17,2,0\" data-index-in-node=\"0\">Casas noturnas:<\/b> Venda-as no bar ou distribua-as gratuitamente para melhorar a ilumina\u00e7\u00e3o da boate.<\/p>\n<\/li>\n<li>\n<p data-path-to-node=\"17,3,0\"><b data-path-to-node=\"17,3,0\" data-index-in-node=\"0\">Casamentos:<\/b> Uma lembrancinha brilhante para a festa p\u00f3s-evento.<\/p>\n<\/li>\n<\/ul>","protected":false},"excerpt":{"rendered":"<ul>\n<li>\n<p data-path-to-node=\"9,0,0\"><b data-path-to-node=\"9,0,0\" data-index-in-node=\"0\">Alto impacto:<\/b> 6 LEDs multicoloridos brilhantes por par.<\/p>\n<\/li>\n<li>\n<p data-path-to-node=\"9,1,0\"><b data-path-to-node=\"9,1,0\" data-index-in-node=\"0\">Modos duplos:<\/b> Alternar entre luz cont\u00ednua e luz intermitente.<\/p>\n<\/li>\n<li>\n<p data-path-to-node=\"9,2,0\"><b data-path-to-node=\"9,2,0\" data-index-in-node=\"0\">Design exclusivo:<\/b> Arma\u00e7\u00e3o transparente com lentes estilo &quot;rede&quot;.<\/p>\n<\/li>\n<li>\n<p data-path-to-node=\"9,3,0\"><b data-path-to-node=\"9,3,0\" data-index-in-node=\"0\">Pronto para usar:<\/b> Pilhas inclu\u00eddas e pr\u00e9-instaladas.<\/p>\n<\/li>\n<\/ul>","protected":false},"featured_media":6552,"comment_status":"closed","ping_status":"closed","template":"","meta":[],"product_brand":[],"product_cat":[76],"product_tag":[],"class_list":{"0":"post-5203","1":"product","2":"type-product","3":"status-publish","4":"has-post-thumbnail","6":"product_cat-glow-led-products","8":"first","9":"instock","10":"shipping-taxable","11":"product-type-simple"},"_links":{"self":[{"href":"https:\/\/displayproducts.eu\/pt\/wp-json\/wp\/v2\/product\/5203","targetHints":{"allow":["GET"]}}],"collection":[{"href":"https:\/\/displayproducts.eu\/pt\/wp-json\/wp\/v2\/product"}],"about":[{"href":"https:\/\/displayproducts.eu\/pt\/wp-json\/wp\/v2\/types\/product"}],"replies":[{"embeddable":true,"href":"https:\/\/displayproducts.eu\/pt\/wp-json\/wp\/v2\/comments?post=5203"}],"wp:featuredmedia":[{"embeddable":true,"href":"https:\/\/displayproducts.eu\/pt\/wp-json\/wp\/v2\/media\/6552"}],"wp:attachment":[{"href":"https:\/\/displayproducts.eu\/pt\/wp-json\/wp\/v2\/media?parent=5203"}],"wp:term":[{"taxonomy":"product_brand","embeddable":true,"href":"https:\/\/displayproducts.eu\/pt\/wp-json\/wp\/v2\/product_brand?post=5203"},{"taxonomy":"product_cat","embeddable":true,"href":"https:\/\/displayproducts.eu\/pt\/wp-json\/wp\/v2\/product_cat?post=5203"},{"taxonomy":"product_tag","embeddable":true,"href":"https:\/\/displayproducts.eu\/pt\/wp-json\/wp\/v2\/product_tag?post=5203"}],"curies":[{"name":"wp","href":"https:\/\/api.w.org\/{rel}","templated":true}]}}