{"id":5183,"date":"2025-10-20T22:05:04","date_gmt":"2025-10-20T19:05:04","guid":{"rendered":"https:\/\/wristbandfactory.eu\/?post_type=product&#038;p=5183"},"modified":"2026-04-01T21:52:35","modified_gmt":"2026-04-01T18:52:35","slug":"reusable-event-cups-solid-frosted-finish-550ml","status":"publish","type":"product","link":"https:\/\/displayproducts.eu\/pt\/p\/reusable-event-cups-solid-frosted-finish-550ml\/","title":{"rendered":"Copos reutiliz\u00e1veis para eventos (acabamento s\u00f3lido e fosco) 550ml"},"content":{"rendered":"<p data-path-to-node=\"8\">D\u00ea um toque de sofistica\u00e7\u00e3o ao seu evento com nossos copos reutiliz\u00e1veis de 550 ml, dispon\u00edveis em tr\u00eas acabamentos premium distintos. Este copo \u00e9 a solu\u00e7\u00e3o perfeita para organizadores de eventos, empresas e espa\u00e7os para eventos que precisam de uma identidade visual que v\u00e1 al\u00e9m de um sem impress\u00e3o logotipo.<\/p>\n<p data-path-to-node=\"9\">Escolha o acabamento que melhor se adapta \u00e0 identidade da sua marca:<\/p>\n<ul data-path-to-node=\"10\">\n<li>\n<p data-path-to-node=\"10,0,0\"><b>Branco s\u00f3lido:<\/b> Oferece uma tela limpa, cl\u00e1ssica e altamente vis\u00edvel para a sua marca.<\/p>\n<\/li>\n<li>\n<p data-path-to-node=\"10,1,0\"><b>Preto s\u00f3lido:<\/b> Proporciona um visual sofisticado e de alto contraste, ideal para eventos VIP e identidade visual refinada.<\/p>\n<\/li>\n<li>\n<p data-path-to-node=\"10,2,0\"><b>Fosco transparente:<\/b> Proporciona uma apar\u00eancia moderna, elegante e sofisticada.<\/p>\n<\/li>\n<\/ul>\n<p data-path-to-node=\"11\">Fabricados em polipropileno (PP) dur\u00e1vel, resistente e leve, estes copos s\u00e3o projetados para uso repetido em festivais, shows e eventos corporativos. S\u00e3o f\u00e1ceis de lavar e representam uma alternativa sustent\u00e1vel aos copos descart\u00e1veis.<\/p>\n<p data-path-to-node=\"12\">A grande capacidade de 550 ml \u00e9 perfeita para servir todos os tipos de bebidas, enquanto a ampla superf\u00edcie oferece uma excelente tela para sua impress\u00e3o personalizada. Este copo n\u00e3o s\u00f3 reduz o desperd\u00edcio, como tamb\u00e9m funciona como uma lembran\u00e7a para levar para casa, prolongando a exposi\u00e7\u00e3o da sua marca muito depois do evento.<\/p>\n<p data-path-to-node=\"13\"><b>Principais caracter\u00edsticas:<\/b><\/p>\n<ul data-path-to-node=\"14\">\n<li>\n<p data-path-to-node=\"14,0,0\"><b>Op\u00e7\u00f5es de acabamento premium:<\/b> Dispon\u00edvel nas cores Branco S\u00f3lido, Preto S\u00f3lido ou Fosco Transparente.<\/p>\n<\/li>\n<li>\n<p data-path-to-node=\"14,1,0\"><b>Grande capacidade de 550ml:<\/b> Tamanho ideal e vers\u00e1til para festivais, est\u00e1dios e confer\u00eancias.<\/p>\n<\/li>\n<li>\n<p data-path-to-node=\"14,2,0\"><b>Material PP dur\u00e1vel:<\/b> Polipropileno resistente, leve e \u00e0 prova de quebras, projetado para reutiliza\u00e7\u00e3o.<\/p>\n<\/li>\n<li>\n<p data-path-to-node=\"14,3,0\"><b>Solu\u00e7\u00e3o sustent\u00e1vel:<\/b> Uma alternativa reutiliz\u00e1vel e lav\u00e1vel aos copos descart\u00e1veis para eventos.<\/p>\n<\/li>\n<li>\n<p data-path-to-node=\"14,4,0\"><b>Grande \u00e1rea para personaliza\u00e7\u00e3o da marca:<\/b> Amplo espa\u00e7o para impress\u00e3o personalizada, valorizado pelo acabamento exclusivo.<\/p>\n<\/li>\n<\/ul>","protected":false},"excerpt":{"rendered":"<ul>\n<li>\n<p data-path-to-node=\"7,0,0\">Escolha o seu acabamento: Dispon\u00edvel em branco s\u00f3lido, preto s\u00f3lido ou com acabamento fosco transparente.<\/p>\n<\/li>\n<li>\n<p data-path-to-node=\"7,1,0\">Ideal para branding de alta qualidade em eventos corporativos, festivais e est\u00e1dios.<\/p>\n<\/li>\n<li>\n<p data-path-to-node=\"7,2,0\">Material PP dur\u00e1vel, leve e f\u00e1cil de lavar, reutiliz\u00e1vel.<\/p>\n<\/li>\n<li>\n<p data-path-to-node=\"7,3,0\">Grande capacidade de 550ml para servir uma ampla variedade de bebidas.<\/p>\n<\/li>\n<li><\/li>\n<\/ul>","protected":false},"featured_media":6624,"comment_status":"closed","ping_status":"closed","template":"","meta":[],"product_brand":[],"product_cat":[111],"product_tag":[],"class_list":{"0":"post-5183","1":"product","2":"type-product","3":"status-publish","4":"has-post-thumbnail","6":"product_cat-reusable-event-cups","8":"first","9":"instock","10":"shipping-taxable","11":"purchasable","12":"product-type-simple"},"_links":{"self":[{"href":"https:\/\/displayproducts.eu\/pt\/wp-json\/wp\/v2\/product\/5183","targetHints":{"allow":["GET"]}}],"collection":[{"href":"https:\/\/displayproducts.eu\/pt\/wp-json\/wp\/v2\/product"}],"about":[{"href":"https:\/\/displayproducts.eu\/pt\/wp-json\/wp\/v2\/types\/product"}],"replies":[{"embeddable":true,"href":"https:\/\/displayproducts.eu\/pt\/wp-json\/wp\/v2\/comments?post=5183"}],"wp:featuredmedia":[{"embeddable":true,"href":"https:\/\/displayproducts.eu\/pt\/wp-json\/wp\/v2\/media\/6624"}],"wp:attachment":[{"href":"https:\/\/displayproducts.eu\/pt\/wp-json\/wp\/v2\/media?parent=5183"}],"wp:term":[{"taxonomy":"product_brand","embeddable":true,"href":"https:\/\/displayproducts.eu\/pt\/wp-json\/wp\/v2\/product_brand?post=5183"},{"taxonomy":"product_cat","embeddable":true,"href":"https:\/\/displayproducts.eu\/pt\/wp-json\/wp\/v2\/product_cat?post=5183"},{"taxonomy":"product_tag","embeddable":true,"href":"https:\/\/displayproducts.eu\/pt\/wp-json\/wp\/v2\/product_tag?post=5183"}],"curies":[{"name":"wp","href":"https:\/\/api.w.org\/{rel}","templated":true}]}}