{"id":5179,"date":"2025-10-20T21:58:37","date_gmt":"2025-10-20T18:58:37","guid":{"rendered":"https:\/\/wristbandfactory.eu\/?post_type=product&#038;p=5179"},"modified":"2026-04-01T21:52:35","modified_gmt":"2026-04-01T18:52:35","slug":"gold-laser-engraved-medals","status":"publish","type":"product","link":"https:\/\/displayproducts.eu\/pt\/p\/gold-laser-engraved-medals\/","title":{"rendered":"Medalhas de ouro gravadas a laser"},"content":{"rendered":"<p>Reconhe\u00e7a o melhor desempenho e comemore o sucesso no seu pr\u00f3ximo evento com estas cl\u00e1ssicas medalhas de ouro. Elas oferecem uma forma tang\u00edvel e de alta qualidade de reconhecer as conquistas de funcion\u00e1rios, atletas ou participantes, refor\u00e7ando o compromisso da sua organiza\u00e7\u00e3o com a excel\u00eancia.<\/p>\n<p>Nossa medalha de estoque tem 7 cm de di\u00e2metro, \u00e9 feita de metal dur\u00e1vel e apresenta um design marcante em relevo com acabamento dourado tradicional. Sua superf\u00edcie \u00e9 especialmente preparada para marca\u00e7\u00e3o a laser, garantindo que seu logotipo, nome do evento ou detalhes do vencedor sejam gravados com precis\u00e3o e clareza excepcionais. A op\u00e7\u00e3o de estoque vem pronta para apresenta\u00e7\u00e3o com um anel de metal combinando e uma cl\u00e1ssica fita vermelha de poli\u00e9ster.<\/p>\n<p>Para uma solu\u00e7\u00e3o totalmente personalizada, esta medalha tamb\u00e9m pode ser produzida sob encomenda. Escolha entre diversos tamanhos, acabamentos e cores de fita personalizadas para combinar perfeitamente com a identidade visual da sua organiza\u00e7\u00e3o ou com o tema do evento. Entre em contato conosco para discutir seu projeto de medalha personalizada.<\/p>\n<p><b>Principais caracter\u00edsticas:<\/b><\/p>\n<ul>\n<li><b>Material:<\/b> Metal de alta qualidade<\/li>\n<li><b>Terminar:<\/b> Design em relevo com tom dourado<\/li>\n<li><b>Personaliza\u00e7\u00e3o:<\/b> Especialmente projetado para marca\u00e7\u00e3o a laser<\/li>\n<li><b>Modelo de estoque:<\/b> 7 cm de di\u00e2metro com fita de poli\u00e9ster vermelha<\/li>\n<li><b>Pedidos personalizados:<\/b> Dispon\u00edvel em diferentes tamanhos e acabamentos<\/li>\n<li><b>Op\u00e7\u00f5es de fita:<\/b> O estoque inclui vermelho; v\u00e1rias cores dispon\u00edveis para pedidos personalizados<\/li>\n<\/ul>\n<p>&nbsp;<\/p>","protected":false},"excerpt":{"rendered":"<ul>\n<li>Medalha de metal premium com acabamento dourado cl\u00e1ssico.<\/li>\n<li>Dispon\u00edvel como item de estoque (7 cm) ou como pedido personalizado.<\/li>\n<li>Superf\u00edcie especialmente preparada para grava\u00e7\u00e3o a laser precisa.<\/li>\n<li>O item em estoque inclui fita vermelha; pedidos personalizados oferecem v\u00e1rias cores.<\/li>\n<\/ul>\n<p>&nbsp;<\/p>","protected":false},"featured_media":6503,"comment_status":"closed","ping_status":"closed","template":"","meta":[],"product_brand":[],"product_cat":[68,102],"product_tag":[],"class_list":{"0":"post-5179","1":"product","2":"type-product","3":"status-publish","4":"has-post-thumbnail","6":"product_cat-event-supplies","7":"product_cat-medals","9":"first","10":"instock","11":"shipping-taxable","12":"purchasable","13":"product-type-simple"},"_links":{"self":[{"href":"https:\/\/displayproducts.eu\/pt\/wp-json\/wp\/v2\/product\/5179","targetHints":{"allow":["GET"]}}],"collection":[{"href":"https:\/\/displayproducts.eu\/pt\/wp-json\/wp\/v2\/product"}],"about":[{"href":"https:\/\/displayproducts.eu\/pt\/wp-json\/wp\/v2\/types\/product"}],"replies":[{"embeddable":true,"href":"https:\/\/displayproducts.eu\/pt\/wp-json\/wp\/v2\/comments?post=5179"}],"wp:featuredmedia":[{"embeddable":true,"href":"https:\/\/displayproducts.eu\/pt\/wp-json\/wp\/v2\/media\/6503"}],"wp:attachment":[{"href":"https:\/\/displayproducts.eu\/pt\/wp-json\/wp\/v2\/media?parent=5179"}],"wp:term":[{"taxonomy":"product_brand","embeddable":true,"href":"https:\/\/displayproducts.eu\/pt\/wp-json\/wp\/v2\/product_brand?post=5179"},{"taxonomy":"product_cat","embeddable":true,"href":"https:\/\/displayproducts.eu\/pt\/wp-json\/wp\/v2\/product_cat?post=5179"},{"taxonomy":"product_tag","embeddable":true,"href":"https:\/\/displayproducts.eu\/pt\/wp-json\/wp\/v2\/product_tag?post=5179"}],"curies":[{"name":"wp","href":"https:\/\/api.w.org\/{rel}","templated":true}]}}