{"id":5175,"date":"2025-10-20T21:51:42","date_gmt":"2025-10-20T18:51:42","guid":{"rendered":"https:\/\/wristbandfactory.eu\/?post_type=product&#038;p=5175"},"modified":"2026-04-01T21:52:04","modified_gmt":"2026-04-01T18:52:04","slug":"led-shot-glass-with-lanyard","status":"publish","type":"product","link":"https:\/\/displayproducts.eu\/pt\/p\/led-shot-glass-with-lanyard\/","title":{"rendered":"Copo de shot de LED com cord\u00e3o"},"content":{"rendered":"<p>Torne sua pr\u00f3xima festa corporativa, festival ou evento promocional inesquec\u00edvel. Este copo de shot com ilumina\u00e7\u00e3o LED \u00e9 uma ferramenta poderosa para aprimorar a experi\u00eancia dos convidados e aumentar a visibilidade da marca, especialmente em ambientes com pouca ilumina\u00e7\u00e3o.<\/p>\n<p>Este copo de dose de 50 ml \u00e9 feito de pl\u00e1stico PS dur\u00e1vel e livre de BPA. Os convidados podem carreg\u00e1-lo facilmente gra\u00e7as ao cord\u00e3o para pesco\u00e7o inclu\u00eddo, mantendo seu logotipo vis\u00edvel a noite toda. Um sem impress\u00e3o bot\u00e3o na base ativa as luzes LED multicoloridas e brilhantes, que oferecem tr\u00eas modos din\u00e2micos: luz cont\u00ednua, piscando rapidamente e piscando lentamente.<\/p>\n<p>Este copo \u00e9 perfeito para servir bebidas de boas-vindas, brindes especiais ou como um souvenir promocional que pode ser usado. As baterias est\u00e3o inclu\u00eddas, garantindo que esteja pronto para uso imediato.<\/p>\n<p><b>Principais caracter\u00edsticas:<\/b><\/p>\n<ul>\n<li><b>Capacidade:<\/b> 50 ml<\/li>\n<li><b>Material:<\/b> Pl\u00e1stico PS dur\u00e1vel e livre de BPA<\/li>\n<li><b>Ilumina\u00e7\u00e3o:<\/b> 3 modos de luz (constante, flash r\u00e1pido, flash lento)<\/li>\n<li><b>Vest\u00edvel:<\/b> Inclui um cord\u00e3o de poli\u00e9ster para maior conveni\u00eancia<\/li>\n<li><b>Pronto para usar:<\/b> Pilhas tipo bot\u00e3o inclu\u00eddas e instaladas<\/li>\n<li><b>Ativa\u00e7\u00e3o:<\/b> Bot\u00e3o de press\u00e3o sem impress\u00e3o na base<\/li>\n<\/ul>","protected":false},"excerpt":{"rendered":"<ul>\n<li>Possui 3 modos de luz LED (cont\u00ednua e intermitente) para alta visibilidade.<\/li>\n<li>Inclui um pr\u00e1tico cord\u00e3o para pesco\u00e7o, permitindo o transporte com as m\u00e3os livres durante eventos.<\/li>\n<li>Dur\u00e1vel, com capacidade de 50 ml e feita de pl\u00e1stico livre de BPA.<\/li>\n<li>Pronto para uso imediato, com baterias inclu\u00eddas e instaladas.<\/li>\n<li><\/li>\n<\/ul>","protected":false},"featured_media":6549,"comment_status":"closed","ping_status":"closed","template":"","meta":[],"product_brand":[],"product_cat":[43,68,119,45],"product_tag":[],"class_list":{"0":"post-5175","1":"product","2":"type-product","3":"status-publish","4":"has-post-thumbnail","6":"product_cat-lanyards","7":"product_cat-event-supplies","8":"product_cat-drinkware-accessories","9":"product_cat-other","11":"first","12":"instock","13":"shipping-taxable","14":"purchasable","15":"product-type-simple"},"_links":{"self":[{"href":"https:\/\/displayproducts.eu\/pt\/wp-json\/wp\/v2\/product\/5175","targetHints":{"allow":["GET"]}}],"collection":[{"href":"https:\/\/displayproducts.eu\/pt\/wp-json\/wp\/v2\/product"}],"about":[{"href":"https:\/\/displayproducts.eu\/pt\/wp-json\/wp\/v2\/types\/product"}],"replies":[{"embeddable":true,"href":"https:\/\/displayproducts.eu\/pt\/wp-json\/wp\/v2\/comments?post=5175"}],"wp:featuredmedia":[{"embeddable":true,"href":"https:\/\/displayproducts.eu\/pt\/wp-json\/wp\/v2\/media\/6549"}],"wp:attachment":[{"href":"https:\/\/displayproducts.eu\/pt\/wp-json\/wp\/v2\/media?parent=5175"}],"wp:term":[{"taxonomy":"product_brand","embeddable":true,"href":"https:\/\/displayproducts.eu\/pt\/wp-json\/wp\/v2\/product_brand?post=5175"},{"taxonomy":"product_cat","embeddable":true,"href":"https:\/\/displayproducts.eu\/pt\/wp-json\/wp\/v2\/product_cat?post=5175"},{"taxonomy":"product_tag","embeddable":true,"href":"https:\/\/displayproducts.eu\/pt\/wp-json\/wp\/v2\/product_tag?post=5175"}],"curies":[{"name":"wp","href":"https:\/\/api.w.org\/{rel}","templated":true}]}}