{"id":5171,"date":"2025-10-20T21:47:54","date_gmt":"2025-10-20T18:47:54","guid":{"rendered":"https:\/\/wristbandfactory.eu\/?post_type=product&#038;p=5171"},"modified":"2026-04-01T21:52:35","modified_gmt":"2026-04-01T18:52:35","slug":"printable-gold-medals","status":"publish","type":"product","link":"https:\/\/displayproducts.eu\/pt\/p\/printable-gold-medals\/","title":{"rendered":"Medalhas de ouro para impress\u00e3o"},"content":{"rendered":"<p>Crie pr\u00eamios personalizados para sua competi\u00e7\u00e3o, cerim\u00f4nia ou programa de reconhecimento corporativo. Estas medalhas de metal de alta qualidade oferecem uma maneira profissional e duradoura de celebrar o sucesso e aumentar o prest\u00edgio da sua organiza\u00e7\u00e3o.<\/p>\n<p>Esta medalha apresenta um acabamento dourado brilhante e suave, proporcionando um visual cl\u00e1ssico para qualquer conquista. Ela foi especialmente projetada para personaliza\u00e7\u00e3o. A medalha inclui uma \u00e1rea lisa dedicada, perfeita para aplicar seu logotipo, texto ou design personalizado em cores por sublima\u00e7\u00e3o (disco\/impress\u00e3o de sublima\u00e7\u00e3o n\u00e3o inclu\u00eddos). Este processo permite que voc\u00ea imprima seus designs de marca separadamente e os aplique para um resultado n\u00edtido e vibrante. Cada medalha vem pronta para ser entregue com uma fita vermelha de poli\u00e9ster para o pesco\u00e7o.<\/p>\n<p><b>Principais caracter\u00edsticas:<\/b><\/p>\n<ul>\n<li><b>Material:<\/b> Metal de alta qualidade.<\/li>\n<li><b>Terminar:<\/b> Tom dourado polido.<\/li>\n<li><b>Personaliza\u00e7\u00e3o:<\/b> Projetado para aplicar uma impress\u00e3o de sublima\u00e7\u00e3o personalizada.<\/li>\n<li><b>Inclu\u00eddo:<\/b> Vem com uma fita de pesco\u00e7o de poli\u00e9ster vermelha dur\u00e1vel.<\/li>\n<li><b>Caso de uso:<\/b> Perfeito para torneios esportivos, pr\u00eamios acad\u00eamicos e reconhecimento de funcion\u00e1rios.<\/li>\n<\/ul>","protected":false},"excerpt":{"rendered":"<ul>\n<li>Medalha de metal premium com acabamento em ouro polido.<\/li>\n<li>Projetado para impress\u00e3o de sublima\u00e7\u00e3o personalizada (encarte imprim\u00edvel n\u00e3o inclu\u00eddo).<\/li>\n<li>Ideal para pr\u00eamios corporativos, ligas esportivas e eventos escolares.<\/li>\n<li>Vem completo com uma fita de pesco\u00e7o cl\u00e1ssica de poli\u00e9ster vermelha.<\/li>\n<\/ul>\n<p>&nbsp;<\/p>","protected":false},"featured_media":6561,"comment_status":"closed","ping_status":"closed","template":"","meta":[],"product_brand":[],"product_cat":[68,102],"product_tag":[],"class_list":{"0":"post-5171","1":"product","2":"type-product","3":"status-publish","4":"has-post-thumbnail","6":"product_cat-event-supplies","7":"product_cat-medals","9":"first","10":"instock","11":"shipping-taxable","12":"purchasable","13":"product-type-simple"},"_links":{"self":[{"href":"https:\/\/displayproducts.eu\/pt\/wp-json\/wp\/v2\/product\/5171","targetHints":{"allow":["GET"]}}],"collection":[{"href":"https:\/\/displayproducts.eu\/pt\/wp-json\/wp\/v2\/product"}],"about":[{"href":"https:\/\/displayproducts.eu\/pt\/wp-json\/wp\/v2\/types\/product"}],"replies":[{"embeddable":true,"href":"https:\/\/displayproducts.eu\/pt\/wp-json\/wp\/v2\/comments?post=5171"}],"wp:featuredmedia":[{"embeddable":true,"href":"https:\/\/displayproducts.eu\/pt\/wp-json\/wp\/v2\/media\/6561"}],"wp:attachment":[{"href":"https:\/\/displayproducts.eu\/pt\/wp-json\/wp\/v2\/media?parent=5171"}],"wp:term":[{"taxonomy":"product_brand","embeddable":true,"href":"https:\/\/displayproducts.eu\/pt\/wp-json\/wp\/v2\/product_brand?post=5171"},{"taxonomy":"product_cat","embeddable":true,"href":"https:\/\/displayproducts.eu\/pt\/wp-json\/wp\/v2\/product_cat?post=5171"},{"taxonomy":"product_tag","embeddable":true,"href":"https:\/\/displayproducts.eu\/pt\/wp-json\/wp\/v2\/product_tag?post=5171"}],"curies":[{"name":"wp","href":"https:\/\/api.w.org\/{rel}","templated":true}]}}