{"id":5165,"date":"2025-10-20T21:40:50","date_gmt":"2025-10-20T18:40:50","guid":{"rendered":"https:\/\/wristbandfactory.eu\/?post_type=product&#038;p=5165"},"modified":"2026-04-01T21:52:04","modified_gmt":"2026-04-01T18:52:04","slug":"silicone-cup-lids","status":"publish","type":"product","link":"https:\/\/displayproducts.eu\/pt\/p\/silicone-cup-lids\/","title":{"rendered":"Tampas de silicone para copos"},"content":{"rendered":"<p>Garanta que seus convidados tenham uma experi\u00eancia segura e profissional em seu pr\u00f3ximo evento ao ar livre, confer\u00eancia ou festival. Estas tampas de silicone promocionais para copos oferecem uma solu\u00e7\u00e3o pr\u00e1tica para proteger bebidas, mantendo-as limpas e reduzindo derramamentos, ao mesmo tempo em que promove sua marca.<\/p>\n<p>Feitas de silicone flex\u00edvel de grau aliment\u00edcio, estas capas para copos s\u00e3o projetadas para se esticar e se ajustar com seguran\u00e7a \u00e0 maioria dos tamanhos de copos padr\u00e3o. S\u00e3o uma alternativa reutiliz\u00e1vel e ecol\u00f3gica \u00e0s op\u00e7\u00f5es descart\u00e1veis. Cada tampa possui uma abertura central adequada para um canudo. O porta-chaves incluso torna este brinde promocional perfeito, permitindo que os participantes carreguem sua marca consigo por muito tempo ap\u00f3s o evento. Personalize a capa ou o porta-copos com o logotipo da sua empresa para m\u00e1xima visibilidade da marca.<\/p>\n<p><b>Principais caracter\u00edsticas:<\/b><\/p>\n<ul>\n<li><b>Material:<\/b> Silicone flex\u00edvel e dur\u00e1vel.<\/li>\n<li><b>Ajustar:<\/b> O design ajust\u00e1vel se estica para se adaptar \u00e0 maioria dos tipos de copos.<\/li>\n<li><b>Fun\u00e7\u00e3o:<\/b> Protege bebidas contra poeira, insetos e derramamentos.<\/li>\n<li><b>Reutiliz\u00e1vel:<\/b> F\u00e1cil de lavar e reutilizar, oferecendo \u00f3timo valor.<\/li>\n<li><b>Port\u00e1til:<\/b> Inclui um estojo compacto para chaveiro para f\u00e1cil transporte.<\/li>\n<li><b>Marca:<\/b> Ideal para imprimir seu logotipo ou detalhes do evento.<\/li>\n<li><b>Cores:<\/b> Dispon\u00edvel em preto, azul, verde e vermelho.<\/li>\n<\/ul>\n<p>&nbsp;<\/p>","protected":false},"excerpt":{"rendered":"<ul>\n<li>Mantenha as bebidas protegidas de derramamentos e detritos em qualquer evento.<\/li>\n<li>Silicone reutiliz\u00e1vel e f\u00e1cil de lavar, compat\u00edvel com a maioria dos copos padr\u00e3o.<\/li>\n<li>Inclui um estojo port\u00e1til para chaveiro para f\u00e1cil transporte.<\/li>\n<li>Ideal para festivais, marketing ao ar livre e eventos corporativos.<\/li>\n<\/ul>","protected":false},"featured_media":6633,"comment_status":"closed","ping_status":"closed","template":"","meta":[],"product_brand":[],"product_cat":[119],"product_tag":[],"class_list":{"0":"post-5165","1":"product","2":"type-product","3":"status-publish","4":"has-post-thumbnail","6":"product_cat-drinkware-accessories","8":"first","9":"instock","10":"shipping-taxable","11":"purchasable","12":"product-type-simple"},"_links":{"self":[{"href":"https:\/\/displayproducts.eu\/pt\/wp-json\/wp\/v2\/product\/5165","targetHints":{"allow":["GET"]}}],"collection":[{"href":"https:\/\/displayproducts.eu\/pt\/wp-json\/wp\/v2\/product"}],"about":[{"href":"https:\/\/displayproducts.eu\/pt\/wp-json\/wp\/v2\/types\/product"}],"replies":[{"embeddable":true,"href":"https:\/\/displayproducts.eu\/pt\/wp-json\/wp\/v2\/comments?post=5165"}],"wp:featuredmedia":[{"embeddable":true,"href":"https:\/\/displayproducts.eu\/pt\/wp-json\/wp\/v2\/media\/6633"}],"wp:attachment":[{"href":"https:\/\/displayproducts.eu\/pt\/wp-json\/wp\/v2\/media?parent=5165"}],"wp:term":[{"taxonomy":"product_brand","embeddable":true,"href":"https:\/\/displayproducts.eu\/pt\/wp-json\/wp\/v2\/product_brand?post=5165"},{"taxonomy":"product_cat","embeddable":true,"href":"https:\/\/displayproducts.eu\/pt\/wp-json\/wp\/v2\/product_cat?post=5165"},{"taxonomy":"product_tag","embeddable":true,"href":"https:\/\/displayproducts.eu\/pt\/wp-json\/wp\/v2\/product_tag?post=5165"}],"curies":[{"name":"wp","href":"https:\/\/api.w.org\/{rel}","templated":true}]}}