{"id":5144,"date":"2025-10-14T23:32:11","date_gmt":"2025-10-14T20:32:11","guid":{"rendered":"https:\/\/wristbandfactory.eu\/?post_type=product&#038;p=5144"},"modified":"2026-04-01T21:52:35","modified_gmt":"2026-04-01T18:52:35","slug":"numbered-plain-tyvek-wristbands","status":"publish","type":"product","link":"https:\/\/displayproducts.eu\/pt\/p\/numbered-plain-tyvek-wristbands\/","title":{"rendered":"Pulseiras Tyvek numeradas e lisas"},"content":{"rendered":"<p>Simplifique o controle de acesso do seu evento e aumente a seguran\u00e7a com nossas pulseiras dur\u00e1veis de Tyvek Sem impress\u00e3o. Projetadas para uso profissional, essas pulseiras oferecem uma solu\u00e7\u00e3o confi\u00e1vel e econ\u00f4mica para gerenciar convidados, controlar a entrada e simplificar a identifica\u00e7\u00e3o em qualquer evento.<\/p>\n<h3>Projetado para seguran\u00e7a e visibilidade.<\/h3>\n<p>Fabricadas com aut\u00eantico DuPont\u2122 Tyvek\u00ae, nossas pulseiras s\u00e3o \u00e0 prova d&#039;\u00e1gua, resistentes a rasgos e possuem um fecho adesivo seguro e inviol\u00e1vel. Cada pulseira vem com um n\u00famero de s\u00e9rie exclusivo pr\u00e9-impresso para evitar fraudes e simplificar a contagem de convidados.<\/p>\n<h3>Escolha a largura: 19 mm ou 25 mm<\/h3>\n<p>Selecione o tamanho que melhor se adapte aos requisitos de visibilidade do seu evento:<\/p>\n<h3>Largura padr\u00e3o de 19 mm (o padr\u00e3o da ind\u00fastria)<\/h3>\n<p>A op\u00e7\u00e3o mais popular para eventos com o modelo 90%. Oferece o equil\u00edbrio perfeito entre conforto e visibilidade.<\/p>\n<ul>\n<li><b>Ideal para:<\/b> Festivais de um dia, concertos, discotecas e festas privadas.<\/li>\n<li><b>Beneficiar:<\/b> Discreto no pulso, mas f\u00e1cil de ser verificado pela equipe de seguran\u00e7a.<\/li>\n<\/ul>\n<h3>25 mm Extra Largo (Visibilidade M\u00e1xima)<\/h3>\n<p>Proporciona uma \u00e1rea de superf\u00edcie maior, tornando a cor e a numera\u00e7\u00e3o vis\u00edveis a uma dist\u00e2ncia maior.<\/p>\n<ul>\n<li><b>Ideal para:<\/b> Identifica\u00e7\u00e3o VIP, locais lotados ou eventos que exigem anota\u00e7\u00f5es manuscritas sobre a banda.<\/li>\n<li><b>Beneficiar:<\/b> Maior visibilidade facilita o processamento mais r\u00e1pido do p\u00fablico nos pontos de entrada.<\/li>\n<\/ul>\n<h3>Principais caracter\u00edsticas:<\/h3>\n<ul>\n<li><b>Numera\u00e7\u00e3o sequencial:<\/b> Cada pulseira possui um n\u00famero \u00fanico para maior seguran\u00e7a e rastreamento de visitantes.<\/li>\n<li><b>Tyvek\u00ae genu\u00edno da DuPont\u2122:<\/b> Material imperme\u00e1vel e resistente a rasgos para uso confi\u00e1vel em eventos.<\/li>\n<li><b>Fecho inviol\u00e1vel:<\/b> O adesivo de uso \u00fanico e seguro impede a transfer\u00eancia entre h\u00f3spedes.<\/li>\n<li><b>Duas op\u00e7\u00f5es de largura:<\/b> Dispon\u00edvel nas vers\u00f5es padr\u00e3o (19 mm) ou larga (25 mm).<\/li>\n<li><b>Op\u00e7\u00f5es de cores vibrantes:<\/b> Dispon\u00edvel em cores neon, met\u00e1licas e padr\u00e3o para facilitar a segmenta\u00e7\u00e3o visual dos clientes.<\/li>\n<li><b>Caso de uso:<\/b> Ideal para controle de acesso, verifica\u00e7\u00e3o de idade e identifica\u00e7\u00e3o de visitantes.<\/li>\n<\/ul>","protected":false},"excerpt":{"rendered":"<ul>\n<li>Apresenta numera\u00e7\u00e3o sequencial exclusiva para controle de acesso seguro e rastreamento de visitantes.<\/li>\n<li>Fabricado com DuPont\u2122 Tyvek\u00ae genu\u00edno (imperme\u00e1vel e resistente a rasgos).<\/li>\n<li>Ampla gama de cores vibrantes para f\u00e1cil identifica\u00e7\u00e3o visual dos h\u00f3spedes.<\/li>\n<li>O fecho adesivo inviol\u00e1vel impede a transfer\u00eancia entre os participantes.<\/li>\n<\/ul>","protected":false},"featured_media":6111,"comment_status":"closed","ping_status":"closed","template":"","meta":[],"product_brand":[],"product_cat":[66,41,68],"product_tag":[],"class_list":{"0":"post-5144","1":"product","2":"type-product","3":"status-publish","4":"has-post-thumbnail","6":"product_cat-wristbands","7":"product_cat-tyvek","8":"product_cat-event-supplies","10":"first","11":"instock","12":"shipping-taxable","13":"purchasable","14":"product-type-simple"},"_links":{"self":[{"href":"https:\/\/displayproducts.eu\/pt\/wp-json\/wp\/v2\/product\/5144","targetHints":{"allow":["GET"]}}],"collection":[{"href":"https:\/\/displayproducts.eu\/pt\/wp-json\/wp\/v2\/product"}],"about":[{"href":"https:\/\/displayproducts.eu\/pt\/wp-json\/wp\/v2\/types\/product"}],"replies":[{"embeddable":true,"href":"https:\/\/displayproducts.eu\/pt\/wp-json\/wp\/v2\/comments?post=5144"}],"wp:featuredmedia":[{"embeddable":true,"href":"https:\/\/displayproducts.eu\/pt\/wp-json\/wp\/v2\/media\/6111"}],"wp:attachment":[{"href":"https:\/\/displayproducts.eu\/pt\/wp-json\/wp\/v2\/media?parent=5144"}],"wp:term":[{"taxonomy":"product_brand","embeddable":true,"href":"https:\/\/displayproducts.eu\/pt\/wp-json\/wp\/v2\/product_brand?post=5144"},{"taxonomy":"product_cat","embeddable":true,"href":"https:\/\/displayproducts.eu\/pt\/wp-json\/wp\/v2\/product_cat?post=5144"},{"taxonomy":"product_tag","embeddable":true,"href":"https:\/\/displayproducts.eu\/pt\/wp-json\/wp\/v2\/product_tag?post=5144"}],"curies":[{"name":"wp","href":"https:\/\/api.w.org\/{rel}","templated":true}]}}