{"id":5130,"date":"2025-10-13T13:22:52","date_gmt":"2025-10-13T10:22:52","guid":{"rendered":"https:\/\/wristbandfactory.eu\/?post_type=product&#038;p=5130"},"modified":"2026-04-01T21:52:35","modified_gmt":"2026-04-01T18:52:35","slug":"fluorescent-fabric-wristbands-uv-reactive","status":"publish","type":"product","link":"https:\/\/displayproducts.eu\/pt\/p\/fluorescent-fabric-wristbands-uv-reactive\/","title":{"rendered":"Pulseiras de tecido fluorescentes (reativas a UV)"},"content":{"rendered":"<p data-path-to-node=\"8\">Controle a seguran\u00e7a do seu evento em ambientes com pouca luz com nossas pulseiras de tecido fluorescente. Esta \u00e9 a solu\u00e7\u00e3o ideal para casas noturnas, shows e festivais noturnos que exigem controle de acesso confi\u00e1vel e de alta visibilidade.<\/p>\n<h3>Recurso de alta visibilidade UV\/luz negra<\/h3>\n<p data-path-to-node=\"10\">A pulseira \u00e9 feita de poli\u00e9ster macio ao toque em cores fluorescentes vibrantes. Este material \u00e9 altamente vis\u00edvel \u00e0 luz do dia e <b>Brilha intensamente sob luz UV\/negra.<\/b>, aprimorando tanto as verifica\u00e7\u00f5es de seguran\u00e7a da equipe quanto a presen\u00e7a da sua marca no escuro.<\/p>\n<h3>Configure sua fechadura de seguran\u00e7a<\/h3>\n<p data-path-to-node=\"12\">Garanta um controle de acesso robusto selecionando a fechadura que melhor atenda \u00e0s necessidades do seu evento. Essas faixas fluorescentes s\u00e3o compat\u00edveis com toda a nossa linha de fechaduras:<\/p>\n<ul data-path-to-node=\"13\">\n<li>\n<p data-path-to-node=\"13,0,0\"><b>Fechadura de alta seguran\u00e7a:<\/b> Fecho de seguran\u00e7a ajust\u00e1vel e unidirecional (feito de ABS) para impedir a transfer\u00eancia e a entrada n\u00e3o autorizada.<\/p>\n<\/li>\n<li>\n<p data-path-to-node=\"13,1,0\"><b>Cadeado reutiliz\u00e1vel:<\/b> Uma pulseira ajust\u00e1vel para uso flex\u00edvel ou para eventos onde as pulseiras podem ser removidas.<\/p>\n<\/li>\n<li>\n<p data-path-to-node=\"13,2,0\"><b>Cadeado de bambu ecol\u00f3gico:<\/b> Um cadeado sustent\u00e1vel e descart\u00e1vel que combina bem com qualquer pulseira de tecido.<\/p>\n<\/li>\n<\/ul>\n<p data-path-to-node=\"14\">A pulseira de poli\u00e9ster resistente e confort\u00e1vel \u00e9 a superf\u00edcie perfeita para a impress\u00e3o do seu logotipo personalizado, garantindo que sua marca seja vista mesmo no escuro.<\/p>\n<h3 data-path-to-node=\"15\">Principais caracter\u00edsticas:<\/h3>\n<ul data-path-to-node=\"16\">\n<li>\n<p data-path-to-node=\"16,0,0\"><b>Material de alta visibilidade:<\/b> Brilha intensamente sob luz ultravioleta\/negra para f\u00e1cil identifica\u00e7\u00e3o no escuro.<\/p>\n<\/li>\n<li>\n<p data-path-to-node=\"16,1,0\"><b>M\u00faltiplas op\u00e7\u00f5es de fechadura:<\/b> Escolha entre fechos de alta seguran\u00e7a (uso \u00fanico), reutiliz\u00e1veis ou de bambu ecol\u00f3gicos.<\/p>\n<\/li>\n<li>\n<p data-path-to-node=\"16,2,0\"><b>Tecido de poli\u00e9ster dur\u00e1vel:<\/b> Material macio e resistente, projetado para uso prolongado e confort\u00e1vel.<\/p>\n<\/li>\n<li>\n<p data-path-to-node=\"16,3,0\"><b>Totalmente personaliz\u00e1vel:<\/b> Superf\u00edcie ideal para impress\u00e3o personalizada do logotipo do seu evento ou da marca do patrocinador.<\/p>\n<\/li>\n<li>\n<p data-path-to-node=\"16,4,0\"><b>Ajuste universal:<\/b> O design ajust\u00e1vel da trava se adapta confortavelmente a qualquer tamanho de pulso.<\/p>\n<\/li>\n<\/ul>","protected":false},"excerpt":{"rendered":"<ul>\n<li>\n<p data-path-to-node=\"7,0,0\"><b>Reativo \u00e0 luz UV\/luz negra:<\/b> Brilha intensamente em ambientes com pouca luz, facilitando a identifica\u00e7\u00e3o.<\/p>\n<\/li>\n<li>\n<p data-path-to-node=\"7,1,0\"><b>Op\u00e7\u00f5es de bloqueio:<\/b> Escolha entre uma fechadura de alta seguran\u00e7a, uma conta reutiliz\u00e1vel ou uma fechadura ecol\u00f3gica de bambu.<\/p>\n<\/li>\n<li>\n<p data-path-to-node=\"7,2,0\"><b>Dur\u00e1vel e confort\u00e1vel:<\/b> Feito de poli\u00e9ster macio e resistente para uso confort\u00e1vel por v\u00e1rios dias.<\/p>\n<\/li>\n<li>\n<p data-path-to-node=\"7,3,0\"><b>Totalmente personaliz\u00e1vel:<\/b> A tela perfeita para imprimir seu logotipo personalizado ou a mensagem do seu evento.<\/p>\n<\/li>\n<\/ul>","protected":false},"featured_media":6383,"comment_status":"closed","ping_status":"closed","template":"","meta":[],"product_brand":[],"product_cat":[66,47,68],"product_tag":[],"class_list":{"0":"post-5130","1":"product","2":"type-product","3":"status-publish","4":"has-post-thumbnail","6":"product_cat-wristbands","7":"product_cat-fabric-wristbands","8":"product_cat-event-supplies","10":"first","11":"instock","12":"shipping-taxable","13":"purchasable","14":"product-type-simple"},"_links":{"self":[{"href":"https:\/\/displayproducts.eu\/pt\/wp-json\/wp\/v2\/product\/5130","targetHints":{"allow":["GET"]}}],"collection":[{"href":"https:\/\/displayproducts.eu\/pt\/wp-json\/wp\/v2\/product"}],"about":[{"href":"https:\/\/displayproducts.eu\/pt\/wp-json\/wp\/v2\/types\/product"}],"replies":[{"embeddable":true,"href":"https:\/\/displayproducts.eu\/pt\/wp-json\/wp\/v2\/comments?post=5130"}],"wp:featuredmedia":[{"embeddable":true,"href":"https:\/\/displayproducts.eu\/pt\/wp-json\/wp\/v2\/media\/6383"}],"wp:attachment":[{"href":"https:\/\/displayproducts.eu\/pt\/wp-json\/wp\/v2\/media?parent=5130"}],"wp:term":[{"taxonomy":"product_brand","embeddable":true,"href":"https:\/\/displayproducts.eu\/pt\/wp-json\/wp\/v2\/product_brand?post=5130"},{"taxonomy":"product_cat","embeddable":true,"href":"https:\/\/displayproducts.eu\/pt\/wp-json\/wp\/v2\/product_cat?post=5130"},{"taxonomy":"product_tag","embeddable":true,"href":"https:\/\/displayproducts.eu\/pt\/wp-json\/wp\/v2\/product_tag?post=5130"}],"curies":[{"name":"wp","href":"https:\/\/api.w.org\/{rel}","templated":true}]}}