{"id":5108,"date":"2025-10-06T22:07:55","date_gmt":"2025-10-06T19:07:55","guid":{"rendered":"https:\/\/wristbandfactory.eu\/?post_type=product&#038;p=5108"},"modified":"2026-04-01T21:52:35","modified_gmt":"2026-04-01T18:52:35","slug":"custom-engraved-printed-wooden-medals","status":"publish","type":"product","link":"https:\/\/displayproducts.eu\/pt\/p\/custom-engraved-printed-wooden-medals\/","title":{"rendered":"Medalhas de madeira personalizadas gravadas e impressas"},"content":{"rendered":"<p>Adote uma est\u00e9tica natural e sustent\u00e1vel para seus pr\u00eamios com nossas Medalhas de Madeira Personalizadas. Perfeitas para eventos ao ar livre, marcas ecologicamente conscientes e reconhecimentos exclusivos, essas medalhas oferecem uma alternativa aconchegante e r\u00fastica aos pr\u00eamios tradicionais de metal. Criadas em qualquer formato personalizado, elas proporcionam uma maneira memor\u00e1vel e ecologicamente correta de celebrar conquistas.<\/p>\n<p><b>Op\u00e7\u00f5es de design vers\u00e1teis<\/b> Oferecemos tr\u00eas m\u00e9todos distintos para dar vida ao seu design na superf\u00edcie de madeira:<\/p>\n<ol start=\"1\">\n<li><b>Logotipo gravado:<\/b> Para um visual cl\u00e1ssico e r\u00fastico, seu design \u00e9 gravado a laser diretamente na madeira, criando um acabamento bonito e t\u00e1til que destaca os gr\u00e3os naturais.<\/li>\n<li><b>Serigrafia:<\/b> Ideal para logotipos ousados e de uma \u00fanica cor que se destacam claramente na madeira.<\/li>\n<li><b>Impress\u00e3o UV colorida:<\/b> Para obras de arte vibrantes e complexas, nosso avan\u00e7ado processo de impress\u00e3o UV aplica seu design colorido diretamente na superf\u00edcie da madeira com precis\u00e3o e durabilidade.<\/li>\n<\/ol>\n<p>Cada medalha pode ser personalizada com nomes e n\u00fameros individuais gravados no verso.<\/p>\n<p><b>Fitas de pesco\u00e7o Premium e Sustent\u00e1veis<\/b> Para completar a premia\u00e7\u00e3o, cada medalha inclui uma fita premium de 80 cm, impressa em cores em ambos os lados. Voc\u00ea pode escolher entre uma fita de poli\u00e9ster padr\u00e3o com costura em la\u00e7ada ou uma fita de poli\u00e9ster com costura em la\u00e7ada. <b>fita rPET ecol\u00f3gica<\/b> feito de materiais reciclados, aumentando ainda mais as credenciais sustent\u00e1veis do seu evento.<\/p>\n<p><b>Principais caracter\u00edsticas:<\/b><\/p>\n<ul>\n<li><b>Material de madeira natural:<\/b> Oferece uma est\u00e9tica \u00fanica, r\u00fastica e ecol\u00f3gica.<\/li>\n<li><b>Tr\u00eas op\u00e7\u00f5es de design:<\/b> Escolha entre grava\u00e7\u00e3o a laser, serigrafia monocrom\u00e1tica ou impress\u00e3o UV colorida.<\/li>\n<li><b>Formato totalmente personalizado:<\/b> Crie uma medalha em qualquer formato que combine perfeitamente com seu evento ou marca.<\/li>\n<li><b>Fitas de pesco\u00e7o impressas em cores inclu\u00eddas:<\/b> Seu design \u00e9 impresso em ambos os lados da fita.<\/li>\n<li><b>Op\u00e7\u00e3o de fita rPET ecol\u00f3gica:<\/b> Uma escolha de fita sustent\u00e1vel feita de materiais reciclados.<\/li>\n<li><b>Grava\u00e7\u00e3o de nome e n\u00famero individual:<\/b> Personalize cada medalha para o destinat\u00e1rio no verso.<\/li>\n<\/ul>","protected":false},"excerpt":{"rendered":"<p>Escolha um pr\u00eamio \u00fanico e sustent\u00e1vel com nossas medalhas de madeira personalizadas. Produzidas em qualquer formato, seu design pode ser gravado, serigrafado ou impresso em UV em cores vibrantes.<\/p>","protected":false},"featured_media":6458,"comment_status":"closed","ping_status":"closed","template":"","meta":[],"product_brand":[],"product_cat":[102,45],"product_tag":[],"class_list":{"0":"post-5108","1":"product","2":"type-product","3":"status-publish","4":"has-post-thumbnail","6":"product_cat-medals","7":"product_cat-other","9":"first","10":"instock","11":"shipping-taxable","12":"purchasable","13":"product-type-simple"},"_links":{"self":[{"href":"https:\/\/displayproducts.eu\/pt\/wp-json\/wp\/v2\/product\/5108","targetHints":{"allow":["GET"]}}],"collection":[{"href":"https:\/\/displayproducts.eu\/pt\/wp-json\/wp\/v2\/product"}],"about":[{"href":"https:\/\/displayproducts.eu\/pt\/wp-json\/wp\/v2\/types\/product"}],"replies":[{"embeddable":true,"href":"https:\/\/displayproducts.eu\/pt\/wp-json\/wp\/v2\/comments?post=5108"}],"wp:featuredmedia":[{"embeddable":true,"href":"https:\/\/displayproducts.eu\/pt\/wp-json\/wp\/v2\/media\/6458"}],"wp:attachment":[{"href":"https:\/\/displayproducts.eu\/pt\/wp-json\/wp\/v2\/media?parent=5108"}],"wp:term":[{"taxonomy":"product_brand","embeddable":true,"href":"https:\/\/displayproducts.eu\/pt\/wp-json\/wp\/v2\/product_brand?post=5108"},{"taxonomy":"product_cat","embeddable":true,"href":"https:\/\/displayproducts.eu\/pt\/wp-json\/wp\/v2\/product_cat?post=5108"},{"taxonomy":"product_tag","embeddable":true,"href":"https:\/\/displayproducts.eu\/pt\/wp-json\/wp\/v2\/product_tag?post=5108"}],"curies":[{"name":"wp","href":"https:\/\/api.w.org\/{rel}","templated":true}]}}