{"id":5103,"date":"2025-10-06T22:03:40","date_gmt":"2025-10-06T19:03:40","guid":{"rendered":"https:\/\/wristbandfactory.eu\/?post_type=product&#038;p=5103"},"modified":"2026-04-01T21:52:35","modified_gmt":"2026-04-01T18:52:35","slug":"custom-3d-medals-with-uv-color-printing","status":"publish","type":"product","link":"https:\/\/displayproducts.eu\/pt\/p\/custom-3d-medals-with-uv-color-printing\/","title":{"rendered":"Medalhas 3D personalizadas com impress\u00e3o UV colorida"},"content":{"rendered":"<p>Descubra possibilidades de design incompar\u00e1veis com nossas Medalhas 3D Personalizadas com Impress\u00e3o UV Colorida. Esta t\u00e9cnica de ponta combina a profundidade t\u00e1til de uma medalha em relevo 3D fundida com os detalhes vibrantes da impress\u00e3o colorida, criando um pr\u00eamio com impacto visual e textura impressionantes que certamente impressionar\u00e3o.<\/p>\n<p><b>A cor encontra a textura<\/b> Ao contr\u00e1rio dos m\u00e9todos tradicionais, a impress\u00e3o UV aplica o seu design colorido diretamente na superf\u00edcie da medalha, adaptando-se perfeitamente \u00e0s \u00e1reas elevadas e rebaixadas do seu design 3D personalizado. Isso permite que logotipos e artes coloridas e complexas coexistam com um relevo met\u00e1lico t\u00e1til. A medalha em si \u00e9 feita de liga de zinco premium, o que permite formas e recortes personalizados e complexos.<\/p>\n<p><b>Fitas de pesco\u00e7o Premium Coloridas<\/b> Para complementar a medalha premium, cada pr\u00eamio inclui uma fita de alta qualidade impressa em cores vibrantes em ambos os lados. Escolha entre poli\u00e9ster cl\u00e1ssico ou um material ecol\u00f3gico. <b>fita rPET<\/b> feito de materiais reciclados para se alinhar \u00e0s metas de sustentabilidade da sua organiza\u00e7\u00e3o.<\/p>\n<p><b>Op\u00e7\u00f5es de personaliza\u00e7\u00e3o completa<\/b><\/p>\n<ul>\n<li><b>Medalha:<\/b> Seu design pode ser feito em qualquer formato personalizado de at\u00e9 65 mm. Escolha entre 8 cores diferentes de revestimento para a base met\u00e1lica. Opcionalmente, voc\u00ea pode adicionar um logotipo em relevo ou rebaixado na parte traseira, al\u00e9m de gravar nomes e n\u00fameros individuais.<\/li>\n<li><b>Fita:<\/b> Inclui uma fita de 80 cm costurada em la\u00e7ada com impress\u00e3o colorida em ambos os lados.<\/li>\n<\/ul>\n<p>&nbsp;<\/p>\n<p><b>O pacote &#039;Medalhas Vencedoras&#039;<\/b> Nosso pacote exclusivo &#039;Medalhas Vencedoras&#039; tamb\u00e9m est\u00e1 dispon\u00edvel, permitindo que voc\u00ea inclua um conjunto de medalhas de 1\u00ba, 2\u00ba e 3\u00ba lugar em seu pedido para criar um conjunto completo de pr\u00eamios para sua competi\u00e7\u00e3o.<\/p>\n<p><b>Principais caracter\u00edsticas:<\/b><\/p>\n<ul>\n<li><b>Impress\u00e3o UV em superf\u00edcies 3D:<\/b> Desenhos coloridos aplicados diretamente no metal elevado e rebaixado.<\/li>\n<li><b>Material de liga de zinco premium:<\/b> Permite formas de relevo 3D complexas e recortes personalizados.<\/li>\n<li><b>Fitas de pesco\u00e7o impressas em cores inclu\u00eddas:<\/b> Seu design impresso em ambos os lados da fita.<\/li>\n<li><b>Op\u00e7\u00e3o de fita rPET ecol\u00f3gica:<\/b> Uma escolha de fita sustent\u00e1vel feita de materiais reciclados.<\/li>\n<li><b>Formato totalmente personalizado:<\/b> Sua medalha pode ser fundida em qualquer formato para representar sua marca ou evento.<\/li>\n<li><b>Pacote &quot;Ganhando Medalhas&quot; dispon\u00edvel:<\/b> Inclua facilmente medalhas de 1\u00ba, 2\u00ba e 3\u00ba lugar.<\/li>\n<li><b>Grava\u00e7\u00e3o de nome e n\u00famero individual:<\/b> Personalize cada medalha para o destinat\u00e1rio.<\/li>\n<li><b>8 cores de revestimento diferentes:<\/b> Selecione o acabamento met\u00e1lico perfeito para seu design.<\/li>\n<\/ul>\n<p>&nbsp;<\/p>\n<h3><\/h3>","protected":false},"excerpt":{"rendered":"<p>Experimente o pr\u00f3ximo n\u00edvel em design de medalhas com nossas medalhas 3D impressas em UV. Essa t\u00e9cnica imprime designs vibrantes e coloridos diretamente nas superf\u00edcies met\u00e1licas elevadas e rebaixadas.<\/p>","protected":false},"featured_media":6447,"comment_status":"closed","ping_status":"closed","template":"","meta":[],"product_brand":[],"product_cat":[68,102,45],"product_tag":[],"class_list":{"0":"post-5103","1":"product","2":"type-product","3":"status-publish","4":"has-post-thumbnail","6":"product_cat-event-supplies","7":"product_cat-medals","8":"product_cat-other","10":"first","11":"instock","12":"shipping-taxable","13":"purchasable","14":"product-type-simple"},"_links":{"self":[{"href":"https:\/\/displayproducts.eu\/pt\/wp-json\/wp\/v2\/product\/5103","targetHints":{"allow":["GET"]}}],"collection":[{"href":"https:\/\/displayproducts.eu\/pt\/wp-json\/wp\/v2\/product"}],"about":[{"href":"https:\/\/displayproducts.eu\/pt\/wp-json\/wp\/v2\/types\/product"}],"replies":[{"embeddable":true,"href":"https:\/\/displayproducts.eu\/pt\/wp-json\/wp\/v2\/comments?post=5103"}],"wp:featuredmedia":[{"embeddable":true,"href":"https:\/\/displayproducts.eu\/pt\/wp-json\/wp\/v2\/media\/6447"}],"wp:attachment":[{"href":"https:\/\/displayproducts.eu\/pt\/wp-json\/wp\/v2\/media?parent=5103"}],"wp:term":[{"taxonomy":"product_brand","embeddable":true,"href":"https:\/\/displayproducts.eu\/pt\/wp-json\/wp\/v2\/product_brand?post=5103"},{"taxonomy":"product_cat","embeddable":true,"href":"https:\/\/displayproducts.eu\/pt\/wp-json\/wp\/v2\/product_cat?post=5103"},{"taxonomy":"product_tag","embeddable":true,"href":"https:\/\/displayproducts.eu\/pt\/wp-json\/wp\/v2\/product_tag?post=5103"}],"curies":[{"name":"wp","href":"https:\/\/api.w.org\/{rel}","templated":true}]}}