{"id":5098,"date":"2025-10-06T21:55:28","date_gmt":"2025-10-06T18:55:28","guid":{"rendered":"https:\/\/wristbandfactory.eu\/?post_type=product&#038;p=5098"},"modified":"2026-04-01T21:52:35","modified_gmt":"2026-04-01T18:52:35","slug":"standard-shape-medals-with-full-color-doming","status":"publish","type":"product","link":"https:\/\/displayproducts.eu\/pt\/p\/standard-shape-medals-with-full-color-doming\/","title":{"rendered":"Medalhas de formato padr\u00e3o com c\u00fapula colorida"},"content":{"rendered":"<p>Para eventos que exigem uma solu\u00e7\u00e3o de premia\u00e7\u00e3o r\u00e1pida, sem impress\u00e3o e altamente econ\u00f4mica, nossas Medalhas de Ferro com Formato Padr\u00e3o s\u00e3o a escolha perfeita. Utilizando um formato de medalha padr\u00e3o de 50 mm (por exemplo, redondo), podemos oferecer o menor pre\u00e7o e o menor tempo de entrega, al\u00e9m de fornecer um design personalizado, lindo e colorido para o seu evento.<\/p>\n<p><b>Impacto m\u00e1ximo com or\u00e7amento m\u00ednimo<\/b> Estas medalhas s\u00e3o a op\u00e7\u00e3o ideal para pr\u00eamios de participa\u00e7\u00e3o, dias de esportes escolares ou qualquer evento que exija uma grande quantidade de medalhas de alta qualidade a um pre\u00e7o acess\u00edvel. A parte frontal apresenta um design vibrante e colorido, protegido por uma c\u00fapula brilhante e dur\u00e1vel. A base da medalha \u00e9 feita de ferro s\u00f3lido, o que lhe confere um peso e toque agrad\u00e1veis.<\/p>\n<p><b>Personaliza\u00e7\u00e3o sem impress\u00e3o e otimizada<\/b><\/p>\n<ul>\n<li><b>Medalha:<\/b> A medalha vem no formato padr\u00e3o de 50 mm. Voc\u00ea pode escolher entre 8 cores diferentes para o revestimento do metal e personalizar o verso com um logotipo gravado ou nomes e n\u00fameros individuais.<\/li>\n<li><b>Fita:<\/b> Cada medalha inclui uma fita de poli\u00e9ster de 80 cm costurada em V. As fitas de pesco\u00e7o podem ser produzidas em at\u00e9 3 cores \u00e0 sua escolha, e voc\u00ea pode adicionar seu logotipo serigrafado em um ou ambos os lados.<\/li>\n<\/ul>\n<p>&nbsp;<\/p>\n<p><b>O pacote &#039;Medalhas Vencedoras&#039;<\/b> Mesmo com a nossa op\u00e7\u00e3o mais econ\u00f4mica, voc\u00ea ainda pode homenagear seus melhores desempenhos. Nosso pacote exclusivo &quot;Medalhas Vencedoras&quot; est\u00e1 dispon\u00edvel, permitindo que voc\u00ea inclua um conjunto de medalhas de 1\u00ba, 2\u00ba e 3\u00ba lugar no seu pedido.<\/p>\n<p><b>Principais caracter\u00edsticas:<\/b><\/p>\n<ul>\n<li><b>Op\u00e7\u00e3o de medalha mais econ\u00f4mica:<\/b> Nosso melhor custo-benef\u00edcio para grandes pedidos e or\u00e7amentos apertados.<\/li>\n<li><b>Formato padr\u00e3o de 50 mm:<\/b> Permite produ\u00e7\u00e3o mais r\u00e1pida e custos mais baixos.<\/li>\n<li><b>Acabamento em domo colorido:<\/b> Exibe seu logotipo complexo e colorido com uma camada protetora brilhante.<\/li>\n<li><b>Pacote &quot;Ganhando Medalhas&quot; dispon\u00edvel:<\/b> Inclua facilmente medalhas de 1\u00ba, 2\u00ba e 3\u00ba lugar.<\/li>\n<li><b>Grava\u00e7\u00e3o de nome e n\u00famero individual:<\/b> Personalize cada medalha para o destinat\u00e1rio.<\/li>\n<li><b>Logotipo opcional gravado na parte traseira:<\/b> Adicione uma marca extra no verso da medalha.<\/li>\n<li><b>Fitas de pesco\u00e7o costuradas em V personaliz\u00e1veis inclu\u00eddas:<\/b> Escolha suas cores e adicione seu logotipo.<\/li>\n<li><b>8 cores de revestimento diferentes:<\/b> Selecione o acabamento met\u00e1lico perfeito para sua medalha.<\/li>\n<\/ul>\n<p>&nbsp;<\/p>\n<h3><\/h3>","protected":false},"excerpt":{"rendered":"<p>Nossa solu\u00e7\u00e3o de premia\u00e7\u00e3o mais r\u00e1pida e acess\u00edvel. Estas medalhas de ferro com formato padr\u00e3o apresentam seu logotipo vibrante e colorido, oferecendo o m\u00e1ximo impacto com um or\u00e7amento m\u00ednimo.<\/p>","protected":false},"featured_media":6643,"comment_status":"closed","ping_status":"closed","template":"","meta":[],"product_brand":[],"product_cat":[68,102,45],"product_tag":[],"class_list":{"0":"post-5098","1":"product","2":"type-product","3":"status-publish","4":"has-post-thumbnail","6":"product_cat-event-supplies","7":"product_cat-medals","8":"product_cat-other","10":"first","11":"instock","12":"shipping-taxable","13":"purchasable","14":"product-type-simple"},"_links":{"self":[{"href":"https:\/\/displayproducts.eu\/pt\/wp-json\/wp\/v2\/product\/5098","targetHints":{"allow":["GET"]}}],"collection":[{"href":"https:\/\/displayproducts.eu\/pt\/wp-json\/wp\/v2\/product"}],"about":[{"href":"https:\/\/displayproducts.eu\/pt\/wp-json\/wp\/v2\/types\/product"}],"replies":[{"embeddable":true,"href":"https:\/\/displayproducts.eu\/pt\/wp-json\/wp\/v2\/comments?post=5098"}],"wp:featuredmedia":[{"embeddable":true,"href":"https:\/\/displayproducts.eu\/pt\/wp-json\/wp\/v2\/media\/6643"}],"wp:attachment":[{"href":"https:\/\/displayproducts.eu\/pt\/wp-json\/wp\/v2\/media?parent=5098"}],"wp:term":[{"taxonomy":"product_brand","embeddable":true,"href":"https:\/\/displayproducts.eu\/pt\/wp-json\/wp\/v2\/product_brand?post=5098"},{"taxonomy":"product_cat","embeddable":true,"href":"https:\/\/displayproducts.eu\/pt\/wp-json\/wp\/v2\/product_cat?post=5098"},{"taxonomy":"product_tag","embeddable":true,"href":"https:\/\/displayproducts.eu\/pt\/wp-json\/wp\/v2\/product_tag?post=5098"}],"curies":[{"name":"wp","href":"https:\/\/api.w.org\/{rel}","templated":true}]}}