{"id":5093,"date":"2025-10-06T21:50:00","date_gmt":"2025-10-06T18:50:00","guid":{"rendered":"https:\/\/wristbandfactory.eu\/?post_type=product&#038;p=5093"},"modified":"2026-04-01T21:52:04","modified_gmt":"2026-04-01T18:52:04","slug":"custom-iron-medals-with-full-color-doming","status":"publish","type":"product","link":"https:\/\/displayproducts.eu\/pt\/p\/custom-iron-medals-with-full-color-doming\/","title":{"rendered":"Medalhas de ferro personalizadas com c\u00fapula colorida"},"content":{"rendered":"<p>Obtenha uma medalha vibrante e colorida a um pre\u00e7o excepcional com nossas Medalhas de Ferro Personalizadas com Acabamento em Domo. Esta op\u00e7\u00e3o \u00e9 a solu\u00e7\u00e3o perfeita para dar vida a logotipos, imagens e gradientes complexos em uma medalha econ\u00f4mica, tornando-a ideal para eventos de grande porte, campanhas promocionais e torneios onde tanto o or\u00e7amento quanto o impacto visual s\u00e3o essenciais.<\/p>\n<p><b>Cores completas com um or\u00e7amento inteligente<\/b> Esta medalha combina uma base de ferro dur\u00e1vel com um acabamento moderno e colorido em forma de c\u00fapula. O processo de c\u00fapula envolve a aplica\u00e7\u00e3o de uma resina de poliuretano transparente e resistente a arranh\u00f5es sobre o design impresso, protegendo-o e conferindo-lhe um efeito 3D brilhante. Utilizando uma base de ferro, podemos oferecer este estilo brilhante e colorido a um pre\u00e7o mais acess\u00edvel. Estas medalhas podem ser feitas em qualquer formato personalizado de at\u00e9 50 mm.<\/p>\n<p><b>Op\u00e7\u00f5es de personaliza\u00e7\u00e3o completa<\/b><\/p>\n<ul>\n<li><b>Medalha:<\/b> Seu design pode ser feito em qualquer formato personalizado. Escolha entre 8 cores diferentes de revestimento para a borda met\u00e1lica e personalize cada medalha com nomes, n\u00fameros ou um logotipo gravado no verso.<\/li>\n<li><b>Fita:<\/b> Cada medalha inclui uma fita de poli\u00e9ster de 80 cm costurada em V. As fitas de pesco\u00e7o podem ser produzidas em at\u00e9 3 cores \u00e0 sua escolha, e voc\u00ea pode adicionar seu logotipo serigrafado em um ou ambos os lados.<\/li>\n<\/ul>\n<p>&nbsp;<\/p>\n<p><b>O pacote &#039;Medalhas Vencedoras&#039;<\/b> Nosso pacote exclusivo &#039;Medalhas Vencedoras&#039; tamb\u00e9m est\u00e1 dispon\u00edvel para esse tipo de medalha, permitindo que voc\u00ea inclua um conjunto de medalhas de 1\u00ba, 2\u00ba e 3\u00ba lugar em seu pedido para criar uma solu\u00e7\u00e3o de premia\u00e7\u00e3o completa e acess\u00edvel.<\/p>\n<p><b>Principais caracter\u00edsticas:<\/b><\/p>\n<ul>\n<li><b>Base de ferro econ\u00f4mica:<\/b> A escolha ideal para grandes encomendas e eventos com or\u00e7amento limitado.<\/li>\n<li><b>Acabamento em domo colorido:<\/b> Reproduz perfeitamente logotipos complexos, fotos e gradientes de cores.<\/li>\n<li><b>C\u00fapula brilhante resistente a arranh\u00f5es:<\/b> Protege seu design e adiciona uma apar\u00eancia 3D premium.<\/li>\n<li><b>Formato totalmente personalizado:<\/b> Crie uma medalha exclusiva que represente sua marca ou evento.<\/li>\n<li><b>Pacote &quot;Ganhando Medalhas&quot; dispon\u00edvel:<\/b> Inclua facilmente medalhas de 1\u00ba, 2\u00ba e 3\u00ba lugar.<\/li>\n<li><b>Grava\u00e7\u00e3o de nome e n\u00famero individual:<\/b> Personalize cada medalha para o destinat\u00e1rio.<\/li>\n<li><b>Logotipo opcional gravado na parte traseira:<\/b> Adicione uma marca extra no verso da medalha.<\/li>\n<li><b>Fitas de pesco\u00e7o costuradas em V personaliz\u00e1veis inclu\u00eddas:<\/b> Escolha suas cores e adicione seu logotipo.<\/li>\n<\/ul>","protected":false},"excerpt":{"rendered":"<p>Adquira medalhas personalizadas vibrantes e coloridas por um pre\u00e7o imbat\u00edvel. Nossas medalhas de ferro com acabamento em c\u00fapula brilhante s\u00e3o perfeitas para reproduzir logotipos complexos em um pr\u00eamio com pre\u00e7o acess\u00edvel.<\/p>","protected":false},"featured_media":6464,"comment_status":"closed","ping_status":"closed","template":"","meta":[],"product_brand":[],"product_cat":[68,102,45],"product_tag":[],"class_list":{"0":"post-5093","1":"product","2":"type-product","3":"status-publish","4":"has-post-thumbnail","6":"product_cat-event-supplies","7":"product_cat-medals","8":"product_cat-other","10":"first","11":"instock","12":"shipping-taxable","13":"purchasable","14":"product-type-simple"},"_links":{"self":[{"href":"https:\/\/displayproducts.eu\/pt\/wp-json\/wp\/v2\/product\/5093","targetHints":{"allow":["GET"]}}],"collection":[{"href":"https:\/\/displayproducts.eu\/pt\/wp-json\/wp\/v2\/product"}],"about":[{"href":"https:\/\/displayproducts.eu\/pt\/wp-json\/wp\/v2\/types\/product"}],"replies":[{"embeddable":true,"href":"https:\/\/displayproducts.eu\/pt\/wp-json\/wp\/v2\/comments?post=5093"}],"wp:featuredmedia":[{"embeddable":true,"href":"https:\/\/displayproducts.eu\/pt\/wp-json\/wp\/v2\/media\/6464"}],"wp:attachment":[{"href":"https:\/\/displayproducts.eu\/pt\/wp-json\/wp\/v2\/media?parent=5093"}],"wp:term":[{"taxonomy":"product_brand","embeddable":true,"href":"https:\/\/displayproducts.eu\/pt\/wp-json\/wp\/v2\/product_brand?post=5093"},{"taxonomy":"product_cat","embeddable":true,"href":"https:\/\/displayproducts.eu\/pt\/wp-json\/wp\/v2\/product_cat?post=5093"},{"taxonomy":"product_tag","embeddable":true,"href":"https:\/\/displayproducts.eu\/pt\/wp-json\/wp\/v2\/product_tag?post=5093"}],"curies":[{"name":"wp","href":"https:\/\/api.w.org\/{rel}","templated":true}]}}