{"id":5088,"date":"2025-10-06T21:44:18","date_gmt":"2025-10-06T18:44:18","guid":{"rendered":"https:\/\/wristbandfactory.eu\/?post_type=product&#038;p=5088"},"modified":"2026-04-01T21:52:35","modified_gmt":"2026-04-01T18:52:35","slug":"custom-medals-with-full-color-doming","status":"publish","type":"product","link":"https:\/\/displayproducts.eu\/pt\/p\/custom-medals-with-full-color-doming\/","title":{"rendered":"Medalhas personalizadas com c\u00fapula colorida"},"content":{"rendered":"<p>Para designs que exigem detalhes vibrantes e coloridos, nossas Medalhas Personalizadas com Domo s\u00e3o a solu\u00e7\u00e3o ideal. Essa t\u00e9cnica permite a reprodu\u00e7\u00e3o perfeita de logotipos complexos, gradientes e at\u00e9 imagens fotogr\u00e1ficas, que s\u00e3o ent\u00e3o protegidas por um domo cristalino e resistente a arranh\u00f5es. \u00c9 a escolha ideal para pr\u00eamios modernos e chamativos.<\/p>\n<p><b>Acabamento vibrante em cores<\/b> O processo de moldagem por doming envolve a aplica\u00e7\u00e3o de uma resina de poliuretano transparente sobre um design impresso em cores. Isso cria um efeito de bolha tridimensional dur\u00e1vel e brilhante que real\u00e7a sua arte e a protege do desgaste. A base da medalha \u00e9 feita de liga de zinco premium, o que permite que a medalha seja moldada em qualquer formato complexo, com detalhes finos e recortes personalizados (furos) que emolduram perfeitamente seu design colorido.<\/p>\n<p><b>Op\u00e7\u00f5es de personaliza\u00e7\u00e3o completa<\/b><\/p>\n<ul>\n<li><b>Medalha:<\/b> Seu design pode ser feito em qualquer formato personalizado de at\u00e9 65 mm. Escolha entre 8 cores diferentes de revestimento para a base met\u00e1lica. Opcionalmente, voc\u00ea pode adicionar um logotipo em relevo ou rebaixado na parte traseira, al\u00e9m de gravar nomes e n\u00fameros individuais.<\/li>\n<li><b>Fita:<\/b> Cada medalha inclui uma fita de poli\u00e9ster de 80 cm costurada em V. As fitas de pesco\u00e7o podem ser produzidas em at\u00e9 3 cores \u00e0 sua escolha, e voc\u00ea pode adicionar seu logotipo serigrafado em um ou ambos os lados.<\/li>\n<\/ul>\n<p>&nbsp;<\/p>\n<p><b>O pacote &#039;Medalhas Vencedoras&#039;<\/b> Nosso pacote exclusivo &quot;Medalhas Vencedoras&quot; tamb\u00e9m est\u00e1 dispon\u00edvel para este estilo de medalha. Em qualquer pedido, voc\u00ea pode optar por ter tr\u00eas medalhas produzidas com revestimento cl\u00e1ssico de ouro, prata e bronze para o 1\u00ba, 2\u00ba e 3\u00ba lugares, criando um conjunto completo de pr\u00eamios para a sua competi\u00e7\u00e3o.<\/p>\n<p><b>Principais caracter\u00edsticas:<\/b><\/p>\n<ul>\n<li><b>Acabamento em domo colorido:<\/b> Perfeito para logotipos complexos, imagens fotogr\u00e1ficas e gradientes de cores.<\/li>\n<li><b>Material de liga de zinco premium:<\/b> Permite formatos e recortes personalizados e complexos para a base da medalha.<\/li>\n<li><b>C\u00fapula brilhante resistente a arranh\u00f5es:<\/b> Protege o design e d\u00e1 uma apar\u00eancia 3D premium.<\/li>\n<li><b>Formato totalmente personalizado:<\/b> Sua medalha pode ser fundida em qualquer formato para representar sua marca ou evento.<\/li>\n<li><b>Pacote &quot;Ganhando Medalhas&quot; dispon\u00edvel:<\/b> Inclua facilmente medalhas de 1\u00ba, 2\u00ba e 3\u00ba lugar em seu pedido.<\/li>\n<li><b>Grava\u00e7\u00e3o de nome e n\u00famero individual:<\/b> Personalize cada medalha para o destinat\u00e1rio.<\/li>\n<li><b>Fitas de pesco\u00e7o costuradas em la\u00e7o personaliz\u00e1veis inclu\u00eddas:<\/b> Escolha suas cores e adicione seu logotipo.<\/li>\n<li><b>8 cores de revestimento para base de medalha:<\/b> Selecione o acabamento met\u00e1lico perfeito para complementar seu design.<\/li>\n<\/ul>","protected":false},"excerpt":{"rendered":"<p>D\u00ea vida aos seus designs vibrantes e coloridos com nossas medalhas personalizadas com c\u00fapula. Feitas de liga de zinco premium, elas apresentam uma c\u00fapula protetora brilhante sobre o logotipo ou imagem impressa.<\/p>","protected":false},"featured_media":6471,"comment_status":"closed","ping_status":"closed","template":"","meta":[],"product_brand":[],"product_cat":[102,45],"product_tag":[],"class_list":{"0":"post-5088","1":"product","2":"type-product","3":"status-publish","4":"has-post-thumbnail","6":"product_cat-medals","7":"product_cat-other","9":"first","10":"instock","11":"shipping-taxable","12":"purchasable","13":"product-type-simple"},"_links":{"self":[{"href":"https:\/\/displayproducts.eu\/pt\/wp-json\/wp\/v2\/product\/5088","targetHints":{"allow":["GET"]}}],"collection":[{"href":"https:\/\/displayproducts.eu\/pt\/wp-json\/wp\/v2\/product"}],"about":[{"href":"https:\/\/displayproducts.eu\/pt\/wp-json\/wp\/v2\/types\/product"}],"replies":[{"embeddable":true,"href":"https:\/\/displayproducts.eu\/pt\/wp-json\/wp\/v2\/comments?post=5088"}],"wp:featuredmedia":[{"embeddable":true,"href":"https:\/\/displayproducts.eu\/pt\/wp-json\/wp\/v2\/media\/6471"}],"wp:attachment":[{"href":"https:\/\/displayproducts.eu\/pt\/wp-json\/wp\/v2\/media?parent=5088"}],"wp:term":[{"taxonomy":"product_brand","embeddable":true,"href":"https:\/\/displayproducts.eu\/pt\/wp-json\/wp\/v2\/product_brand?post=5088"},{"taxonomy":"product_cat","embeddable":true,"href":"https:\/\/displayproducts.eu\/pt\/wp-json\/wp\/v2\/product_cat?post=5088"},{"taxonomy":"product_tag","embeddable":true,"href":"https:\/\/displayproducts.eu\/pt\/wp-json\/wp\/v2\/product_tag?post=5088"}],"curies":[{"name":"wp","href":"https:\/\/api.w.org\/{rel}","templated":true}]}}