{"id":5083,"date":"2025-10-06T21:37:53","date_gmt":"2025-10-06T18:37:53","guid":{"rendered":"https:\/\/wristbandfactory.eu\/?post_type=product&#038;p=5083"},"modified":"2026-04-01T21:52:35","modified_gmt":"2026-04-01T18:52:35","slug":"custom-3d-relief-iron-medals","status":"publish","type":"product","link":"https:\/\/displayproducts.eu\/pt\/p\/custom-3d-relief-iron-medals\/","title":{"rendered":"Medalhas de ferro em relevo 3D personalizadas"},"content":{"rendered":"<p>Obtenha um visual cl\u00e1ssico e sofisticado para seus pr\u00eamios sem o pre\u00e7o alto. Nossas Medalhas de Ferro em Relevo 3D Personalizadas oferecem a est\u00e9tica sofisticada de um design fundido sem esmalte, combinadas com as vantagens econ\u00f4micas do ferro, tornando-as a escolha ideal para eventos, competi\u00e7\u00f5es e torneios de grande porte.<\/p>\n<p><b>Metal cl\u00e1ssico com \u00f3timo custo-benef\u00edcio<\/b> Este estilo de medalha foca na textura tridimensional e nos detalhes do pr\u00f3prio metal, criando um pr\u00eamio atemporal com um acabamento t\u00e1til e em relevo. Ao usar ferro, podemos oferecer este estilo elegante a um pre\u00e7o acess\u00edvel. Embora o ferro seja mais econ\u00f4mico e n\u00e3o permita recortes como a liga de zinco, ele ainda proporciona uma sensa\u00e7\u00e3o dur\u00e1vel e resistente, al\u00e9m de um acabamento bonito e detalhado para designs de at\u00e9 50 mm.<\/p>\n<p><b>Op\u00e7\u00f5es de personaliza\u00e7\u00e3o completa<\/b><\/p>\n<ul>\n<li><b>Medalha:<\/b> Seu design pode ser feito em qualquer formato personalizado. Escolha entre 8 cores de revestimento diferentes e personalize cada medalha com nomes, n\u00fameros ou um logotipo gravado no verso.<\/li>\n<li><b>Fita:<\/b> Cada medalha inclui uma fita de poli\u00e9ster de 80 cm costurada em V. As fitas de pesco\u00e7o podem ser produzidas em at\u00e9 3 cores \u00e0 sua escolha, e voc\u00ea pode adicionar seu logotipo serigrafado em um ou ambos os lados.<\/li>\n<\/ul>\n<p>&nbsp;<\/p>\n<p><b>O pacote &#039;Medalhas Vencedoras&#039;<\/b> Nosso pacote exclusivo &#039;Medalhas Vencedoras&#039; tamb\u00e9m est\u00e1 dispon\u00edvel para esse tipo de medalha, permitindo que voc\u00ea inclua um conjunto de medalhas de 1\u00ba, 2\u00ba e 3\u00ba lugar em seu pedido, agregando valor significativo para eventos competitivos.<\/p>\n<p><b>Principais caracter\u00edsticas:<\/b><\/p>\n<ul>\n<li><b>Material de ferro econ\u00f4mico:<\/b> A escolha perfeita para conseguir um visual cl\u00e1ssico sem gastar muito.<\/li>\n<li><b>Design cl\u00e1ssico em relevo 3D:<\/b> Um acabamento totalmente met\u00e1lico, sem esmalte, para uma sensa\u00e7\u00e3o sofisticada.<\/li>\n<li><b>Formato totalmente personalizado:<\/b> Sua medalha pode ser feita em qualquer formato para representar sua marca ou evento.<\/li>\n<li><b>Pacote &quot;Ganhando Medalhas&quot; dispon\u00edvel:<\/b> Inclua facilmente medalhas de 1\u00ba, 2\u00ba e 3\u00ba lugar.<\/li>\n<li><b>Grava\u00e7\u00e3o de nome e n\u00famero individual:<\/b> Personalize cada medalha para o destinat\u00e1rio.<\/li>\n<li><b>Logotipo opcional gravado na parte traseira:<\/b> Adicione uma marca extra no verso da medalha.<\/li>\n<li><b>Fitas de pesco\u00e7o costuradas em V personaliz\u00e1veis inclu\u00eddas:<\/b> Escolha suas cores e adicione seu logotipo.<\/li>\n<li><b>8 cores de revestimento diferentes:<\/b> Selecione o acabamento met\u00e1lico perfeito para seu design.<\/li>\n<\/ul>","protected":false},"excerpt":{"rendered":"<p>Consiga um pr\u00eamio cl\u00e1ssico e atemporal por um \u00f3timo pre\u00e7o com nossas medalhas de ferro em relevo 3D. Essas medalhas n\u00e3o esmaltadas apresentam um design met\u00e1lico detalhado, perfeito para um visual sofisticado com or\u00e7amento limitado.<\/p>","protected":false},"featured_media":6451,"comment_status":"closed","ping_status":"closed","template":"","meta":[],"product_brand":[],"product_cat":[102],"product_tag":[],"class_list":{"0":"post-5083","1":"product","2":"type-product","3":"status-publish","4":"has-post-thumbnail","6":"product_cat-medals","8":"first","9":"instock","10":"shipping-taxable","11":"purchasable","12":"product-type-simple"},"_links":{"self":[{"href":"https:\/\/displayproducts.eu\/pt\/wp-json\/wp\/v2\/product\/5083","targetHints":{"allow":["GET"]}}],"collection":[{"href":"https:\/\/displayproducts.eu\/pt\/wp-json\/wp\/v2\/product"}],"about":[{"href":"https:\/\/displayproducts.eu\/pt\/wp-json\/wp\/v2\/types\/product"}],"replies":[{"embeddable":true,"href":"https:\/\/displayproducts.eu\/pt\/wp-json\/wp\/v2\/comments?post=5083"}],"wp:featuredmedia":[{"embeddable":true,"href":"https:\/\/displayproducts.eu\/pt\/wp-json\/wp\/v2\/media\/6451"}],"wp:attachment":[{"href":"https:\/\/displayproducts.eu\/pt\/wp-json\/wp\/v2\/media?parent=5083"}],"wp:term":[{"taxonomy":"product_brand","embeddable":true,"href":"https:\/\/displayproducts.eu\/pt\/wp-json\/wp\/v2\/product_brand?post=5083"},{"taxonomy":"product_cat","embeddable":true,"href":"https:\/\/displayproducts.eu\/pt\/wp-json\/wp\/v2\/product_cat?post=5083"},{"taxonomy":"product_tag","embeddable":true,"href":"https:\/\/displayproducts.eu\/pt\/wp-json\/wp\/v2\/product_tag?post=5083"}],"curies":[{"name":"wp","href":"https:\/\/api.w.org\/{rel}","templated":true}]}}