{"id":5080,"date":"2025-10-06T21:31:57","date_gmt":"2025-10-06T18:31:57","guid":{"rendered":"https:\/\/wristbandfactory.eu\/?post_type=product&#038;p=5080"},"modified":"2026-04-01T21:52:35","modified_gmt":"2026-04-01T18:52:35","slug":"custom-3d-relief-zinc-alloy-medals","status":"publish","type":"product","link":"https:\/\/displayproducts.eu\/pt\/p\/custom-3d-relief-zinc-alloy-medals\/","title":{"rendered":"Medalhas personalizadas em liga de zinco com relevo 3D"},"content":{"rendered":"<p>Adote uma est\u00e9tica atemporal e sofisticada com nossas Medalhas Personalizadas em Liga de Zinco com Relevo 3D. Perfeitas para reconhecimento corporativo, anivers\u00e1rios e pr\u00eamios de prest\u00edgio, essas medalhas dispensam o esmalte para enfatizar os detalhes e a textura impressionantes do pr\u00f3prio metal fundido. O resultado \u00e9 um pr\u00eamio cl\u00e1ssico com um toque t\u00e1til e de alta qualidade.<\/p>\n<p><b>Eleg\u00e2ncia em Metal Puro<\/b> O design em relevo sem esmalte cria um efeito 3D de alto contraste com \u00e1reas elevadas e rebaixadas, destacando com perfei\u00e7\u00e3o o acabamento de revestimento escolhido. Utilizamos liga de zinco premium, essencial para este estilo, pois permite detalhes incrivelmente finos e recortes (furos) personalizados \u2013 perfeito para logotipos complexos ou imagens intricadas que um acabamento puramente met\u00e1lico destacaria.<\/p>\n<p><b>Op\u00e7\u00f5es de personaliza\u00e7\u00e3o completa<\/b><\/p>\n<ul>\n<li><b>Medalha:<\/b> Seu design pode ser feito em qualquer formato, com at\u00e9 65 mm de espessura. Escolha entre 8 cores de revestimento diferentes. Voc\u00ea pode adicionar um logotipo em relevo ou rebaixado na parte de tr\u00e1s, al\u00e9m de gravar nomes e n\u00fameros individuais.<\/li>\n<li><b>Fita:<\/b> Cada medalha inclui uma fita de poli\u00e9ster de 80 cm costurada em V. As fitas de pesco\u00e7o podem ser produzidas em at\u00e9 3 cores \u00e0 sua escolha, e voc\u00ea pode adicionar seu logotipo serigrafado em um ou ambos os lados.<\/li>\n<\/ul>\n<p>&nbsp;<\/p>\n<p><b>O pacote &#039;Medalhas Vencedoras&#039;<\/b> Este estilo cl\u00e1ssico de medalha tamb\u00e9m est\u00e1 dispon\u00edvel com o nosso pacote exclusivo &quot;Medalhas Vencedoras&quot;. Em qualquer pedido, voc\u00ea pode optar por tr\u00eas medalhas produzidas em tons cl\u00e1ssicos de ouro, prata e bronze para o 1\u00ba, 2\u00ba e 3\u00ba lugares, com nomes ou n\u00fameros exclusivos.<\/p>\n<p><b>Principais caracter\u00edsticas:<\/b><\/p>\n<ul>\n<li><b>Impressionante design de relevo 3D:<\/b> Um acabamento totalmente met\u00e1lico, sem esmalte, para um visual cl\u00e1ssico e elegante.<\/li>\n<li><b>Material de liga de zinco premium:<\/b> Permite detalhes complexos e recortes personalizados.<\/li>\n<li><b>Formato totalmente personalizado:<\/b> Sua medalha pode ser fundida em qualquer formato para representar sua marca ou evento.<\/li>\n<li><b>Pacote &quot;Ganhando Medalhas&quot; dispon\u00edvel:<\/b> Inclua facilmente medalhas de 1\u00ba, 2\u00ba e 3\u00ba lugar em seu pedido.<\/li>\n<li><b>Grava\u00e7\u00e3o de nome e n\u00famero individual:<\/b> Personalize cada medalha para o destinat\u00e1rio.<\/li>\n<li><b>Fitas de pesco\u00e7o costuradas em la\u00e7o personaliz\u00e1veis inclu\u00eddas:<\/b> Escolha suas cores e adicione seu logotipo.<\/li>\n<li><b>8 cores de revestimento diferentes:<\/b> Selecione o acabamento perfeito para complementar o design 3D.<\/li>\n<li><b>Ideal para pr\u00eamios corporativos e de prest\u00edgio:<\/b> Uma escolha sofisticada para reconhecimento formal.<\/li>\n<\/ul>","protected":false},"excerpt":{"rendered":"<p>Para um pr\u00eamio cl\u00e1ssico e elegante, escolha nossas medalhas personalizadas em relevo 3D. Feitas de liga de zinco premium, essas medalhas sem esmalte exibem seu design com detalhes met\u00e1licos impressionantes.<\/p>","protected":false},"featured_media":6455,"comment_status":"closed","ping_status":"closed","template":"","meta":[],"product_brand":[],"product_cat":[68,102,45],"product_tag":[],"class_list":{"0":"post-5080","1":"product","2":"type-product","3":"status-publish","4":"has-post-thumbnail","6":"product_cat-event-supplies","7":"product_cat-medals","8":"product_cat-other","10":"first","11":"instock","12":"shipping-taxable","13":"purchasable","14":"product-type-simple"},"_links":{"self":[{"href":"https:\/\/displayproducts.eu\/pt\/wp-json\/wp\/v2\/product\/5080","targetHints":{"allow":["GET"]}}],"collection":[{"href":"https:\/\/displayproducts.eu\/pt\/wp-json\/wp\/v2\/product"}],"about":[{"href":"https:\/\/displayproducts.eu\/pt\/wp-json\/wp\/v2\/types\/product"}],"replies":[{"embeddable":true,"href":"https:\/\/displayproducts.eu\/pt\/wp-json\/wp\/v2\/comments?post=5080"}],"wp:featuredmedia":[{"embeddable":true,"href":"https:\/\/displayproducts.eu\/pt\/wp-json\/wp\/v2\/media\/6455"}],"wp:attachment":[{"href":"https:\/\/displayproducts.eu\/pt\/wp-json\/wp\/v2\/media?parent=5080"}],"wp:term":[{"taxonomy":"product_brand","embeddable":true,"href":"https:\/\/displayproducts.eu\/pt\/wp-json\/wp\/v2\/product_brand?post=5080"},{"taxonomy":"product_cat","embeddable":true,"href":"https:\/\/displayproducts.eu\/pt\/wp-json\/wp\/v2\/product_cat?post=5080"},{"taxonomy":"product_tag","embeddable":true,"href":"https:\/\/displayproducts.eu\/pt\/wp-json\/wp\/v2\/product_tag?post=5080"}],"curies":[{"name":"wp","href":"https:\/\/api.w.org\/{rel}","templated":true}]}}