{"id":5078,"date":"2025-10-06T21:26:17","date_gmt":"2025-10-06T18:26:17","guid":{"rendered":"https:\/\/wristbandfactory.eu\/?post_type=product&#038;p=5078"},"modified":"2026-04-01T21:52:35","modified_gmt":"2026-04-01T18:52:35","slug":"custom-iron-medals-with-soft-enamel","status":"publish","type":"product","link":"https:\/\/displayproducts.eu\/pt\/p\/custom-iron-medals-with-soft-enamel\/","title":{"rendered":"Medalhas de Ferro Personalizadas com Esmalte Macio"},"content":{"rendered":"<p>Crie pr\u00eamios lindos e personalizados para o seu evento sem estourar o or\u00e7amento. Nossas medalhas de ferro personalizadas s\u00e3o a solu\u00e7\u00e3o perfeita e econ\u00f4mica para corridas, torneios e eventos corporativos com grande n\u00famero de participantes. Elas oferecem excelente custo-benef\u00edcio, al\u00e9m de manterem a apar\u00eancia e o toque de um pr\u00eamio personalizado de qualidade.<\/p>\n<p><b>Acabamento e design cl\u00e1ssicos<\/b> O ferro \u00e9 mais barato que a liga de zinco, permitindo um pre\u00e7o mais acess\u00edvel, especialmente em pedidos de grande volume. Essas medalhas apresentam um acabamento tradicional de esmalte macio, onde a tinta do esmalte fica ligeiramente recuada, criando uma textura agrad\u00e1vel. Embora o ferro n\u00e3o possa acomodar designs com recortes ou o mesmo n\u00edvel de detalhes complexos que a liga de zinco, \u00e9 um material dur\u00e1vel e confi\u00e1vel para uma ampla gama de formatos personalizados de at\u00e9 50 mm.<\/p>\n<p><b>Op\u00e7\u00f5es de personaliza\u00e7\u00e3o completa<\/b><\/p>\n<ul>\n<li><b>Medalha:<\/b> Seu design pode ser feito em qualquer formato personalizado. Escolha entre 8 cores de revestimento diferentes e personalize cada medalha com nomes e n\u00fameros individuais no verso.<\/li>\n<li><b>Fita:<\/b> Cada medalha inclui uma fita de poli\u00e9ster de 80 cm costurada em V. As fitas de pesco\u00e7o podem ser produzidas em at\u00e9 3 cores \u00e0 sua escolha, e voc\u00ea pode adicionar seu logotipo serigrafado em um ou ambos os lados.<\/li>\n<\/ul>\n<p>&nbsp;<\/p>\n<p><b>O pacote &#039;Medalhas Vencedoras&#039;<\/b> Mesmo com or\u00e7amento limitado, voc\u00ea pode comemorar seus primeiros colocados. Nosso pacote exclusivo &quot;Medalhas Vencedoras&quot; est\u00e1 dispon\u00edvel para medalhas de ferro, permitindo que voc\u00ea inclua um conjunto de medalhas de 1\u00ba, 2\u00ba e 3\u00ba lugar em seu pedido, com nomes ou n\u00fameros exclusivos.<\/p>\n<p><b>Principais caracter\u00edsticas:<\/b><\/p>\n<ul>\n<li><b>Material de ferro econ\u00f4mico:<\/b> Uma excelente escolha para eventos com grande participa\u00e7\u00e3o ou or\u00e7amento apertado.<\/li>\n<li><b>Acabamento cl\u00e1ssico em esmalte macio:<\/b> Proporciona uma apar\u00eancia texturizada e dimensional ao seu design.<\/li>\n<li><b>Formato totalmente personalizado:<\/b> Sua medalha pode ser feita em qualquer formato para representar sua marca ou evento.<\/li>\n<li><b>Pacote &quot;Ganhando Medalhas&quot; dispon\u00edvel:<\/b> Inclua facilmente medalhas de 1\u00ba, 2\u00ba e 3\u00ba lugar em seu pedido.<\/li>\n<li><b>Grava\u00e7\u00e3o de nome e n\u00famero individual:<\/b> Personalize cada medalha para o destinat\u00e1rio.<\/li>\n<li><b>Fitas de pesco\u00e7o costuradas em V personaliz\u00e1veis inclu\u00eddas:<\/b> Escolha suas cores e adicione seu logotipo.<\/li>\n<li><b>8 cores de revestimento diferentes:<\/b> Selecione o acabamento perfeito para combinar com seu design.<\/li>\n<li><b>Ideal para pedidos de grande volume:<\/b> Um pr\u00eamio de alta qualidade que oferece um valor fant\u00e1stico.<\/li>\n<\/ul>","protected":false},"excerpt":{"rendered":"<p>Uma \u00f3tima op\u00e7\u00e3o de custo-benef\u00edcio para o seu evento. Nossas medalhas de ferro personalizadas apresentam um acabamento cl\u00e1ssico em esmalte macio e podem ser feitas em qualquer formato, oferecendo um pr\u00eamio de alta qualidade com um or\u00e7amento limitado.<\/p>","protected":false},"featured_media":6462,"comment_status":"closed","ping_status":"closed","template":"","meta":[],"product_brand":[],"product_cat":[68,102],"product_tag":[],"class_list":{"0":"post-5078","1":"product","2":"type-product","3":"status-publish","4":"has-post-thumbnail","6":"product_cat-event-supplies","7":"product_cat-medals","9":"first","10":"instock","11":"shipping-taxable","12":"purchasable","13":"product-type-simple"},"_links":{"self":[{"href":"https:\/\/displayproducts.eu\/pt\/wp-json\/wp\/v2\/product\/5078","targetHints":{"allow":["GET"]}}],"collection":[{"href":"https:\/\/displayproducts.eu\/pt\/wp-json\/wp\/v2\/product"}],"about":[{"href":"https:\/\/displayproducts.eu\/pt\/wp-json\/wp\/v2\/types\/product"}],"replies":[{"embeddable":true,"href":"https:\/\/displayproducts.eu\/pt\/wp-json\/wp\/v2\/comments?post=5078"}],"wp:featuredmedia":[{"embeddable":true,"href":"https:\/\/displayproducts.eu\/pt\/wp-json\/wp\/v2\/media\/6462"}],"wp:attachment":[{"href":"https:\/\/displayproducts.eu\/pt\/wp-json\/wp\/v2\/media?parent=5078"}],"wp:term":[{"taxonomy":"product_brand","embeddable":true,"href":"https:\/\/displayproducts.eu\/pt\/wp-json\/wp\/v2\/product_brand?post=5078"},{"taxonomy":"product_cat","embeddable":true,"href":"https:\/\/displayproducts.eu\/pt\/wp-json\/wp\/v2\/product_cat?post=5078"},{"taxonomy":"product_tag","embeddable":true,"href":"https:\/\/displayproducts.eu\/pt\/wp-json\/wp\/v2\/product_tag?post=5078"}],"curies":[{"name":"wp","href":"https:\/\/api.w.org\/{rel}","templated":true}]}}